{"id":28027,"date":"2024-06-20T07:36:09","date_gmt":"2024-06-20T07:36:09","guid":{"rendered":"https:\/\/dagiorgio.rs\/?post_type=product&#038;p=28027"},"modified":"2025-07-03T19:28:01","modified_gmt":"2025-07-03T19:28:01","slug":"hisense-expert-smart-5kw","status":"publish","type":"product","link":"https:\/\/mobishop-posusje.com\/en\/svi-proizvodi\/klime-i-grijanje\/klima-uredaji\/hisense-expert-smart-5kw\/","title":{"rendered":"Hisense Expert Smart 5KW"},"content":{"rendered":"","protected":false},"excerpt":{"rendered":"<div class=\"gem-list gem-list-type-check-style-1 gem-list-color-14\">\n<ul>\n<li>Tip: Split sistem<\/li>\n<li>Model: CF50XS1FW<\/li>\n<li>Kapacitet hla\u0111enja: 5.0 kW<\/li>\n<li>Kapacitet grejanja: 5.5 kW<\/li>\n<li>Energetska klasa (hla\u0111enje): A++<\/li>\n<li>Energetska klasa (grejanje): A+<\/li>\n<li>Godi\u0161nja potro\u0161nja energije (hla\u0111enje): 260 kWh<\/li>\n<li>Godi\u0161nja potro\u0161nja energije (grejanje): 1545 kWh<\/li>\n<li>Radni opseg temperature (hla\u0111enje): -15\u00b0C do +50\u00b0C<\/li>\n<li>Radni opseg temperature (grejanje): -20\u00b0C do +24\u00b0C<\/li>\n<li>Protok vazduha (unutra\u0161nja jedinica): 850 m\u00b3\/h<\/li>\n<li>Protok vazduha (spoljna jedinica): 1800 m\u00b3\/h<\/li>\n<li>Nivo buke (unutra\u0161nja jedinica): 25-45 dB(A)<\/li>\n<li>Nivo buke (spoljna jedinica): 55 dB(A)<\/li>\n<li>Wi-Fi povezivanje: Da<\/li>\n<li>Eco mod: Da<\/li>\n<li>Turbo mod: Da<\/li>\n<li>Sleep mod: Da<\/li>\n<li>Automatsko \u010di\u0161\u0107enje: Da<\/li>\n<li>Inteligentno odmrzavanje: Da<\/li>\n<li>Automatsko ponovno pokretanje: Da<\/li>\n<li>Dimenzije unutra\u0161nje jedinice (\u0160xVxD): 1008 x 317 x 221 mm<\/li>\n<li>Dimenzije spoljne jedinice (\u0160xVxD): 920 x 699 x 380 mm<\/li>\n<li>Te\u017eina unutra\u0161nje jedinice: 13 kg<\/li>\n<li>Te\u017eina spoljne jedinice: 48 kg<\/li>\n<li>Tip rashladnog fluida: R32<\/li>\n<li>Koli\u010dina rashladnog fluida: 1.5 kg<\/li>\n<li>Garancija: 5 (3+2) godina<\/li>\n<li>EAN kod: 6926721123456<\/li>\n<\/ul>\n<\/div>","protected":false},"featured_media":30079,"comment_status":"closed","ping_status":"closed","template":"","meta":{"_themeisle_gutenberg_block_has_review":false},"product_brand":[],"product_cat":[298,296,288],"product_tag":[],"class_list":{"0":"post-28027","1":"product","2":"type-product","3":"status-publish","4":"has-post-thumbnail","6":"product_cat-klima-uredaji","7":"product_cat-klime-i-grijanje","8":"product_cat-svi-proizvodi","9":"product_shipping_class-teski-proizvod","11":"first","12":"instock","13":"purchasable","14":"product-type-simple","15":"add-to-wishlist-after_add_to_cart"},"_links":{"self":[{"href":"https:\/\/mobishop-posusje.com\/en\/wp-json\/wp\/v2\/product\/28027","targetHints":{"allow":["GET"]}}],"collection":[{"href":"https:\/\/mobishop-posusje.com\/en\/wp-json\/wp\/v2\/product"}],"about":[{"href":"https:\/\/mobishop-posusje.com\/en\/wp-json\/wp\/v2\/types\/product"}],"replies":[{"embeddable":true,"href":"https:\/\/mobishop-posusje.com\/en\/wp-json\/wp\/v2\/comments?post=28027"}],"version-history":[{"count":5,"href":"https:\/\/mobishop-posusje.com\/en\/wp-json\/wp\/v2\/product\/28027\/revisions"}],"predecessor-version":[{"id":30080,"href":"https:\/\/mobishop-posusje.com\/en\/wp-json\/wp\/v2\/product\/28027\/revisions\/30080"}],"wp:featuredmedia":[{"embeddable":true,"href":"https:\/\/mobishop-posusje.com\/en\/wp-json\/wp\/v2\/media\/30079"}],"wp:attachment":[{"href":"https:\/\/mobishop-posusje.com\/en\/wp-json\/wp\/v2\/media?parent=28027"}],"wp:term":[{"taxonomy":"product_brand","embeddable":true,"href":"https:\/\/mobishop-posusje.com\/en\/wp-json\/wp\/v2\/product_brand?post=28027"},{"taxonomy":"product_cat","embeddable":true,"href":"https:\/\/mobishop-posusje.com\/en\/wp-json\/wp\/v2\/product_cat?post=28027"},{"taxonomy":"product_tag","embeddable":true,"href":"https:\/\/mobishop-posusje.com\/en\/wp-json\/wp\/v2\/product_tag?post=28027"}],"curies":[{"name":"wp","href":"https:\/\/api.w.org\/{rel}","templated":true}]}}