{"id":28033,"date":"2024-06-20T10:14:48","date_gmt":"2024-06-20T10:14:48","guid":{"rendered":"https:\/\/dagiorgio.rs\/?post_type=product&#038;p=28033"},"modified":"2025-07-03T19:28:05","modified_gmt":"2025-07-03T19:28:05","slug":"gree-cosmo-economical-3-2kw","status":"publish","type":"product","link":"https:\/\/mobishop-posusje.com\/en\/svi-proizvodi\/klime-i-grijanje\/klima-uredaji\/gree-cosmo-economical-3-2kw\/","title":{"rendered":"GREE Cosmo Economical 3.2KW"},"content":{"rendered":"","protected":false},"excerpt":{"rendered":"<div class=\"gem-list gem-list-type-check-style-1 gem-list-color-14\">\n<ul>\n<li>Model: GWH12AWBXB-K6DNA1D\/1<\/li>\n<li>Tip: Split sistem<\/li>\n<li>Kapacitet hla\u0111enja: 3.2 kW<\/li>\n<li>Kapacitet grejanja: 3.4 kW<\/li>\n<li>Energetska klasa (hla\u0111enje): A++<\/li>\n<li>Energetska klasa (grejanje): A+<\/li>\n<li>Godi\u0161nja potro\u0161nja energije (hla\u0111enje): 202 kWh<\/li>\n<li>Godi\u0161nja potro\u0161nja energije (grejanje): 1230 kWh<\/li>\n<li>Radni opseg temperature (hla\u0111enje): -15\u00b0C do +43\u00b0C<\/li>\n<li>Radni opseg temperature (grejanje): -15\u00b0C do +24\u00b0C<\/li>\n<li>SEER (koeficijent sezonske energetske efikasnosti): 6.1<\/li>\n<li>SCOP (sezonski koeficijent performansi): 4.0<\/li>\n<li>Protok vazduha (unutra\u0161nja jedinica): 520\/450\/370\/310 m\u00b3\/h<\/li>\n<li>Protok vazduha (spoljna jedinica): 2100 m\u00b3\/h<\/li>\n<li>Nivo buke (unutra\u0161nja jedinica): 24-41 dB(A)<\/li>\n<li>Nivo buke (spoljna jedinica): 63 dB(A)<\/li>\n<li>Wi-Fi povezivanje: Da<\/li>\n<li>LED display: Da<\/li>\n<li>7 brzina ventilatora: Da<\/li>\n<li>I-Feel funkcija: Da<\/li>\n<li>Cold Plasma filter za ioniziranje zraka: Da<\/li>\n<li>Inteligentno predzagrijavanje i odmrzavanje: Da<\/li>\n<li>Automatsko \u010di\u0161\u0107enje: Da<\/li>\n<li>Turbo mod: Da<\/li>\n<li>Sleep mod: Da<\/li>\n<li>Samodijagnoza: Da<\/li>\n<li>Vertikalno i horizontalno zakretanje krilaca: Da<\/li>\n<li>Dimenzije unutra\u0161nje jedinice (\u0160xVxD): 848 x 289 x 210 mm<\/li>\n<li>Dimenzije spoljne jedinice (\u0160xVxD): 776 x 540 x 320 mm<\/li>\n<li>Te\u017eina unutra\u0161nje jedinice: 10 kg<\/li>\n<li>Te\u017eina spoljne jedinice: 29 kg<\/li>\n<li>Tip rashladnog fluida: R32<\/li>\n<li>Koli\u010dina rashladnog fluida: 0.85 kg<\/li>\n<li>Garancija: 3 godine<\/li>\n<li>EAN kod: 6939650000000<\/li>\n<\/ul>\n<\/div>","protected":false},"featured_media":29952,"comment_status":"closed","ping_status":"closed","template":"","meta":{"_themeisle_gutenberg_block_has_review":false},"product_brand":[],"product_cat":[298,296,288],"product_tag":[],"class_list":{"0":"post-28033","1":"product","2":"type-product","3":"status-publish","4":"has-post-thumbnail","6":"product_cat-klima-uredaji","7":"product_cat-klime-i-grijanje","8":"product_cat-svi-proizvodi","9":"product_shipping_class-teski-proizvod","11":"first","12":"instock","13":"purchasable","14":"product-type-simple","15":"add-to-wishlist-after_add_to_cart"},"_links":{"self":[{"href":"https:\/\/mobishop-posusje.com\/en\/wp-json\/wp\/v2\/product\/28033","targetHints":{"allow":["GET"]}}],"collection":[{"href":"https:\/\/mobishop-posusje.com\/en\/wp-json\/wp\/v2\/product"}],"about":[{"href":"https:\/\/mobishop-posusje.com\/en\/wp-json\/wp\/v2\/types\/product"}],"replies":[{"embeddable":true,"href":"https:\/\/mobishop-posusje.com\/en\/wp-json\/wp\/v2\/comments?post=28033"}],"version-history":[{"count":3,"href":"https:\/\/mobishop-posusje.com\/en\/wp-json\/wp\/v2\/product\/28033\/revisions"}],"predecessor-version":[{"id":29953,"href":"https:\/\/mobishop-posusje.com\/en\/wp-json\/wp\/v2\/product\/28033\/revisions\/29953"}],"wp:featuredmedia":[{"embeddable":true,"href":"https:\/\/mobishop-posusje.com\/en\/wp-json\/wp\/v2\/media\/29952"}],"wp:attachment":[{"href":"https:\/\/mobishop-posusje.com\/en\/wp-json\/wp\/v2\/media?parent=28033"}],"wp:term":[{"taxonomy":"product_brand","embeddable":true,"href":"https:\/\/mobishop-posusje.com\/en\/wp-json\/wp\/v2\/product_brand?post=28033"},{"taxonomy":"product_cat","embeddable":true,"href":"https:\/\/mobishop-posusje.com\/en\/wp-json\/wp\/v2\/product_cat?post=28033"},{"taxonomy":"product_tag","embeddable":true,"href":"https:\/\/mobishop-posusje.com\/en\/wp-json\/wp\/v2\/product_tag?post=28033"}],"curies":[{"name":"wp","href":"https:\/\/api.w.org\/{rel}","templated":true}]}}