{"id":28036,"date":"2024-06-20T10:26:08","date_gmt":"2024-06-20T10:26:08","guid":{"rendered":"https:\/\/dagiorgio.rs\/?post_type=product&#038;p=28036"},"modified":"2025-07-03T19:26:45","modified_gmt":"2025-07-03T19:26:45","slug":"gree-pular-premium","status":"publish","type":"product","link":"https:\/\/mobishop-posusje.com\/en\/svi-proizvodi\/klime-i-grijanje\/klima-uredaji\/gree-pular-premium\/","title":{"rendered":"GREE Pular Premium"},"content":{"rendered":"","protected":false},"excerpt":{"rendered":"<div class=\"gem-list gem-list-type-check-style-1 gem-list-color-14\">\n<ul>\n<li>Model: GWH18AGD-K6DNA1D\/I<\/li>\n<li>Tip: Split sistem<\/li>\n<li>Kapacitet hla\u0111enja: 4.6 kW (min. 1.0 kW &#8211; maks. 5.3 kW)<\/li>\n<li>Kapacitet grejanja: 5.2 kW (min. 1.0 kW &#8211; maks. 5.65 kW)<\/li>\n<li>Energetska klasa (hla\u0111enje): A++<\/li>\n<li>Energetska klasa (grejanje): A+<\/li>\n<li>SEER (koeficijent sezonske energetske efikasnosti): 6.4<\/li>\n<li>SCOP (sezonski koeficijent performansi): 4.0<\/li>\n<li>Pogodno za prostorije do: 32 m\u00b2<\/li>\n<li>Radni opseg temperature (hla\u0111enje): -15\u00b0C do +43\u00b0C<\/li>\n<li>Radni opseg temperature (grejanje): -15\u00b0C do +24\u00b0C<\/li>\n<li>Protok vazduha: 610 &#8211; 910 m\u00b3\/h<\/li>\n<li>Nivo buke (unutra\u0161nja jedinica): 28-42 dB(A)<\/li>\n<li>Nivo buke (spoljna jedinica): 55 dB(A)<\/li>\n<li>Wi-Fi povezivanje: Da<\/li>\n<li>LED display: Da<\/li>\n<li>7 brzina ventilatora: Da<\/li>\n<li>I-Feel funkcija: Da<\/li>\n<li>Cold Plasma filter za ioniziranje zraka: Da<\/li>\n<li>Inteligentno predzagrijavanje i odmrzavanje: Da<\/li>\n<li>Automatsko \u010di\u0161\u0107enje: Da<\/li>\n<li>Turbo mod: Da<\/li>\n<li>Sleep mod: Da<\/li>\n<li>Samodijagnoza: Da<\/li>\n<li>Vertikalno i horizontalno zakretanje krilaca: Da<\/li>\n<li>Dimenzije unutra\u0161nje jedinice (\u0160xVxD): 982 x 311 x 221 mm<\/li>\n<li>Dimenzije spoljne jedinice (\u0160xVxD): 732 x 550 x 330 mm<\/li>\n<li>Te\u017eina unutra\u0161nje jedinice: 13.5 kg<\/li>\n<li>Te\u017eina spoljne jedinice: 26.5 kg<\/li>\n<li>Tip rashladnog fluida: R32<\/li>\n<li>Garancija: 3 godine<\/li>\n<li>EAN kod: 6939650000000<\/li>\n<\/ul>\n<\/div>","protected":false},"featured_media":29928,"comment_status":"closed","ping_status":"closed","template":"","meta":{"_themeisle_gutenberg_block_has_review":false},"product_brand":[],"product_cat":[298,296,288],"product_tag":[],"class_list":{"0":"post-28036","1":"product","2":"type-product","3":"status-publish","4":"has-post-thumbnail","6":"product_cat-klima-uredaji","7":"product_cat-klime-i-grijanje","8":"product_cat-svi-proizvodi","9":"product_shipping_class-teski-proizvod","11":"first","12":"instock","13":"purchasable","14":"product-type-simple","15":"add-to-wishlist-after_add_to_cart"},"_links":{"self":[{"href":"https:\/\/mobishop-posusje.com\/en\/wp-json\/wp\/v2\/product\/28036","targetHints":{"allow":["GET"]}}],"collection":[{"href":"https:\/\/mobishop-posusje.com\/en\/wp-json\/wp\/v2\/product"}],"about":[{"href":"https:\/\/mobishop-posusje.com\/en\/wp-json\/wp\/v2\/types\/product"}],"replies":[{"embeddable":true,"href":"https:\/\/mobishop-posusje.com\/en\/wp-json\/wp\/v2\/comments?post=28036"}],"version-history":[{"count":3,"href":"https:\/\/mobishop-posusje.com\/en\/wp-json\/wp\/v2\/product\/28036\/revisions"}],"predecessor-version":[{"id":29929,"href":"https:\/\/mobishop-posusje.com\/en\/wp-json\/wp\/v2\/product\/28036\/revisions\/29929"}],"wp:featuredmedia":[{"embeddable":true,"href":"https:\/\/mobishop-posusje.com\/en\/wp-json\/wp\/v2\/media\/29928"}],"wp:attachment":[{"href":"https:\/\/mobishop-posusje.com\/en\/wp-json\/wp\/v2\/media?parent=28036"}],"wp:term":[{"taxonomy":"product_brand","embeddable":true,"href":"https:\/\/mobishop-posusje.com\/en\/wp-json\/wp\/v2\/product_brand?post=28036"},{"taxonomy":"product_cat","embeddable":true,"href":"https:\/\/mobishop-posusje.com\/en\/wp-json\/wp\/v2\/product_cat?post=28036"},{"taxonomy":"product_tag","embeddable":true,"href":"https:\/\/mobishop-posusje.com\/en\/wp-json\/wp\/v2\/product_tag?post=28036"}],"curies":[{"name":"wp","href":"https:\/\/api.w.org\/{rel}","templated":true}]}}