{"id":28110,"date":"2024-06-26T11:42:24","date_gmt":"2024-06-26T11:42:24","guid":{"rendered":"https:\/\/mobishop-posusje.com\/?post_type=product&#038;p=28110"},"modified":"2025-07-03T19:29:23","modified_gmt":"2025-07-03T19:29:23","slug":"vivax-cool-klima-uredjaji-acp-18ch50aehi-r32-grey","status":"publish","type":"product","link":"https:\/\/mobishop-posusje.com\/en\/svi-proizvodi\/klime-i-grijanje\/klima-uredaji\/vivax-cool-klima-uredjaji-acp-18ch50aehi-r32-grey\/","title":{"rendered":"VIVAX COOL, klima ure\u0111aji, ACP-18CH50AEHI+ R32 Grey"},"content":{"rendered":"","protected":false},"excerpt":{"rendered":"<div class=\"gem-list gem-list-type-check-style-1 gem-list-color-14\">\n<ul>\n<li>VIVAX, ACP-18CH50AEHI+ R32 GRAY MIRROR \u2022 TIP: Mono split sustav\u2022HLA\u0110ENJE:A+++\u2022GRIJANJE: A++ \u2022 KAPACITET HLA\u0110ENJA\/GRIJANJA: 5.28kW\/5.57kW \u2022VRSTAPLINA: R32 \u2022 PODRU\u010cJE RADA: -25\u00b0C do 50\u00b0C \u2022 FUNKCIONALNOSTI: WiFiready\u2022JAMSTVO: 60 mjeseci<\/li>\n<li>Maksimalni kapacitet hla\u0111enja 6.007<\/li>\n<li>Nominalni kapacitet hla\u0111enja 5.28 KW<\/li>\n<li>Minimalni kapacitet hla\u0111enja 1.817<\/li>\n<li>Maksimalni kapacitet grijanja 6.008<\/li>\n<li>Minimalni kapacitet grijanja 1.26<\/li>\n<li>Nominalni kapacitet grijanja 5.57 KW<\/li>\n<li>Rashladno sredstvo R32<\/li>\n<li>Energetska klasa hla\u0111enja A++<\/li>\n<li>Energetska klasa grijanja A+<\/li>\n<li>EER koeficijent 0<\/li>\n<li>SEER koeficijent 6.3<\/li>\n<li>COP koeficijent 0<\/li>\n<li>SCOP koeficijent 4.1<\/li>\n<li>Predvi\u0111eno optere\u0107enje pri hla 5.3<\/li>\n<li>Predvi\u0111eno optere\u0107enje pri gri 4.1<\/li>\n<li>Ja\u010dina zvuka pri standardnim u 54 DB<\/li>\n<li>Ja\u010dina zvuka pri standardnim u 63 DB<\/li>\n<li>Funkcionalnosti Turbo mode<\/li>\n<li>Golden fin<\/li>\n<li>Ionizator<\/li>\n<li>ECO mode<\/li>\n<li>1W Stand by<\/li>\n<li>I feel funkcija &#8211; Follow me<\/li>\n<li>Automatski na\u010din rada<\/li>\n<li>No\u0107ni na\u010din rada<\/li>\n<li>Auto swing<\/li>\n<li>Memorija zadnjeg na\u010dina rada<\/li>\n<li>Detekcija i prikaz gre\u0161ke<\/li>\n<li>24h Timer<\/li>\n<li>Sakriveni digitalni prikaz<\/li>\n<li>Bio filter<\/li>\n<li>Filter pra\u0161ine<\/li>\n<li>Be\u0161umno upravljanje<\/li>\n<li>Funkcija samo\u010di\u0161\u0107enja<\/li>\n<li>Grija\u010d kompresora<\/li>\n<li>Grija\u010d kondenzatora<\/li>\n<li>Funkcija u\u0161tede energije<\/li>\n<li>Pokretanje pri niskom naponu<\/li>\n<li>Za\u0161titni pokrov ventila<\/li>\n<li>Nominalna ulazna snaga hla\u0111enj 1600 W<\/li>\n<li>Nominalna ulazna snaga grijanj 1680 W<\/li>\n<li>Protok zraka 750 m3\/h<\/li>\n<li>Kapacitet odvla\u017eivanja 1.8 L\/hr<\/li>\n<li>Buka &#8211; UJ 19 dBA<\/li>\n<li>Buka &#8211; VJ 54.5 dBA<\/li>\n<li>Podru\u010dje rada u modu grijanja -25\u00b0C&lt;T&lt;30\u00b0C<\/li>\n<li>Podru\u010dje rada u modu hla\u0111enja -15\u2264T\u226450<\/li>\n<li>Promjer cijevi teku\u0107e faze 1\/4<\/li>\n<li>Promjer cijevi plinske faze 1\/2<\/li>\n<li>Max. du\u017eina cijevi 30<\/li>\n<li>Max. visinska razlika 20<\/li>\n<li>Prednapunjena du\u017eina cijevi 5<\/li>\n<li>Nadopuna rashladnog medija 12<\/li>\n<li>Razmak nosa\u010da vanjske jedinice 511<\/li>\n<li>Neto dimenzije &#8211; \u0161irina 920<\/li>\n<li>Neto dimenzije &#8211; visina 321<\/li>\n<li>Neto dimenzije &#8211; dubina 211<\/li>\n<li>Neto te\u017eina 44.8<\/li>\n<li>Vrsta ure\u0111aja Inverter<\/li>\n<li>Boja ure\u0111aja Zrcalno siva<\/li>\n<li>Jamstveni rok 60<\/li>\n<\/ul>\n<\/div>","protected":false},"featured_media":30088,"comment_status":"closed","ping_status":"closed","template":"","meta":{"_themeisle_gutenberg_block_has_review":false},"product_brand":[],"product_cat":[298,296,288],"product_tag":[],"class_list":{"0":"post-28110","1":"product","2":"type-product","3":"status-publish","4":"has-post-thumbnail","6":"product_cat-klima-uredaji","7":"product_cat-klime-i-grijanje","8":"product_cat-svi-proizvodi","9":"product_shipping_class-teski-proizvod","11":"first","12":"instock","13":"purchasable","14":"product-type-simple","15":"add-to-wishlist-after_add_to_cart"},"_links":{"self":[{"href":"https:\/\/mobishop-posusje.com\/en\/wp-json\/wp\/v2\/product\/28110","targetHints":{"allow":["GET"]}}],"collection":[{"href":"https:\/\/mobishop-posusje.com\/en\/wp-json\/wp\/v2\/product"}],"about":[{"href":"https:\/\/mobishop-posusje.com\/en\/wp-json\/wp\/v2\/types\/product"}],"replies":[{"embeddable":true,"href":"https:\/\/mobishop-posusje.com\/en\/wp-json\/wp\/v2\/comments?post=28110"}],"version-history":[{"count":2,"href":"https:\/\/mobishop-posusje.com\/en\/wp-json\/wp\/v2\/product\/28110\/revisions"}],"predecessor-version":[{"id":30089,"href":"https:\/\/mobishop-posusje.com\/en\/wp-json\/wp\/v2\/product\/28110\/revisions\/30089"}],"wp:featuredmedia":[{"embeddable":true,"href":"https:\/\/mobishop-posusje.com\/en\/wp-json\/wp\/v2\/media\/30088"}],"wp:attachment":[{"href":"https:\/\/mobishop-posusje.com\/en\/wp-json\/wp\/v2\/media?parent=28110"}],"wp:term":[{"taxonomy":"product_brand","embeddable":true,"href":"https:\/\/mobishop-posusje.com\/en\/wp-json\/wp\/v2\/product_brand?post=28110"},{"taxonomy":"product_cat","embeddable":true,"href":"https:\/\/mobishop-posusje.com\/en\/wp-json\/wp\/v2\/product_cat?post=28110"},{"taxonomy":"product_tag","embeddable":true,"href":"https:\/\/mobishop-posusje.com\/en\/wp-json\/wp\/v2\/product_tag?post=28110"}],"curies":[{"name":"wp","href":"https:\/\/api.w.org\/{rel}","templated":true}]}}