{"id":28437,"date":"2024-07-01T12:51:57","date_gmt":"2024-07-01T12:51:57","guid":{"rendered":"https:\/\/mobishop-posusje.com\/?post_type=product&#038;p=28437"},"modified":"2025-04-14T10:16:00","modified_gmt":"2025-04-14T10:16:00","slug":"tp-link-ac1900","status":"publish","type":"product","link":"https:\/\/mobishop-posusje.com\/en\/svi-proizvodi\/racunari\/mrezna-oprema-i-hardver\/tp-link-ac1900\/","title":{"rendered":"TP-Link AC1900"},"content":{"rendered":"","protected":false},"excerpt":{"rendered":"<div class=\"gem-list gem-list-type-check-style-1 gem-list-color-14\">\n<ul>\n   <strong>Dizajn i Dimenzije:<\/strong><\/p>\n<li>Dimenzije: 243 x 160.6 x 32.5 mm<\/li>\n<li>Te\u017eina: 0.65 kg<\/li>\n<p><strong>Performanse:<\/strong><\/p>\n<li>Wi-Fi brzina: Ukupno do 1900 Mbps (600 Mbps na 2.4 GHz i 1300 Mbps na 5 GHz)<\/li>\n<li>Procesor: 1 GHz dual-core<\/li>\n<p><strong>Tehnologija:<\/strong><\/p>\n<li>Standardi: 802.11ac\/a\/n\/g\/b<\/li>\n<li>Antene: Tri dual band odvojive antene za maksimalnu omni-directional pokrivenost<\/li>\n<li>MU-MIMO: Omogu\u0107ava simultano slanje i primanje podataka na vi\u0161e ure\u0111aja<\/li>\n<li>Beamforming: Fokusira be\u017ei\u010dni signal prema ure\u0111ajima za bolju pokrivenost<\/li>\n<p><strong>Povezivanje:<\/strong><\/p>\n<li>Portovi: 4x LAN Gigabit, 1x WAN Gigabit<\/li>\n<li>USB: 1x USB 3.0, 1x USB 2.0 za dijeljenje \u0161tampa\u010da, datoteka i medija<\/li>\n<p><strong>Security:<\/strong><\/p>\n<li>Sigurnosni protokoli: WPA3, Parental Controls, Guest Network<\/li>\n<li>VPN: Podr\u0161ka za VPN server<\/li>\n<p><strong>Dodatne funkcije:<\/strong><\/p>\n<li>Smart Connect: Automatski prebacuje ure\u0111aje na najbolji dostupni Wi-Fi opseg<\/li>\n<li>Airtime Fairness: Sprje\u010dava starije ure\u0111aje da usporavaju mre\u017eu<\/li>\n<li>TP-Link Tether aplikacija: Jednostavno postavljanje i upravljanje routerom putem iOS i Android ure\u0111aja<\/li>\n<\/ul>\n<\/div>","protected":false},"featured_media":30087,"comment_status":"closed","ping_status":"closed","template":"","meta":{"_themeisle_gutenberg_block_has_review":false},"product_brand":[],"product_cat":[335,337,288],"product_tag":[],"class_list":{"0":"post-28437","1":"product","2":"type-product","3":"status-publish","4":"has-post-thumbnail","6":"product_cat-racunari","7":"product_cat-mrezna-oprema-i-hardver","8":"product_cat-svi-proizvodi","10":"first","11":"instock","12":"featured","13":"purchasable","14":"product-type-simple","15":"add-to-wishlist-after_add_to_cart"},"_links":{"self":[{"href":"https:\/\/mobishop-posusje.com\/en\/wp-json\/wp\/v2\/product\/28437","targetHints":{"allow":["GET"]}}],"collection":[{"href":"https:\/\/mobishop-posusje.com\/en\/wp-json\/wp\/v2\/product"}],"about":[{"href":"https:\/\/mobishop-posusje.com\/en\/wp-json\/wp\/v2\/types\/product"}],"replies":[{"embeddable":true,"href":"https:\/\/mobishop-posusje.com\/en\/wp-json\/wp\/v2\/comments?post=28437"}],"version-history":[{"count":1,"href":"https:\/\/mobishop-posusje.com\/en\/wp-json\/wp\/v2\/product\/28437\/revisions"}],"predecessor-version":[{"id":28439,"href":"https:\/\/mobishop-posusje.com\/en\/wp-json\/wp\/v2\/product\/28437\/revisions\/28439"}],"wp:featuredmedia":[{"embeddable":true,"href":"https:\/\/mobishop-posusje.com\/en\/wp-json\/wp\/v2\/media\/30087"}],"wp:attachment":[{"href":"https:\/\/mobishop-posusje.com\/en\/wp-json\/wp\/v2\/media?parent=28437"}],"wp:term":[{"taxonomy":"product_brand","embeddable":true,"href":"https:\/\/mobishop-posusje.com\/en\/wp-json\/wp\/v2\/product_brand?post=28437"},{"taxonomy":"product_cat","embeddable":true,"href":"https:\/\/mobishop-posusje.com\/en\/wp-json\/wp\/v2\/product_cat?post=28437"},{"taxonomy":"product_tag","embeddable":true,"href":"https:\/\/mobishop-posusje.com\/en\/wp-json\/wp\/v2\/product_tag?post=28437"}],"curies":[{"name":"wp","href":"https:\/\/api.w.org\/{rel}","templated":true}]}}