{"id":28440,"date":"2024-07-01T12:54:10","date_gmt":"2024-07-01T12:54:10","guid":{"rendered":"https:\/\/mobishop-posusje.com\/?post_type=product&#038;p=28440"},"modified":"2025-04-14T10:11:07","modified_gmt":"2025-04-14T10:11:07","slug":"mercusys-ax1800","status":"publish","type":"product","link":"https:\/\/mobishop-posusje.com\/en\/svi-proizvodi\/racunari\/mrezna-oprema-i-hardver\/mercusys-ax1800\/","title":{"rendered":"Mercusys AX1800"},"content":{"rendered":"","protected":false},"excerpt":{"rendered":"<div class=\"gem-list gem-list-type-check-style-1 gem-list-color-14\">\n<ul>\n  <strong>Dizajn i Dimenzije:<\/strong><\/p>\n<li>Dimenzije: 230 x 144 x 38 mm<\/li>\n<p><strong>Performanse:<\/strong><\/p>\n<li>Wi-Fi brzina: Ukupno do 1800 Mbps (1201 Mbps na 5 GHz i 574 Mbps na 2.4 GHz)<\/li>\n<li>Wi-Fi standardi: IEEE 802.11a\/n\/ac\/ax 5GHz, IEEE 802.11b\/g\/n\/ax 2.4GHz<\/li>\n<p><strong>Tehnologija:<\/strong><\/p>\n<li>Antene: \u010cetiri visoko poja\u010dane antene za \u0161iru pokrivenost<\/li>\n<li>MU-MIMO i OFDMA: Omogu\u0107ava simultano slanje i primanje podataka na vi\u0161e ure\u0111aja, pove\u0107avaju\u0107i efikasnost mre\u017ee<\/li>\n<li>Beamforming: Fokusira be\u017ei\u010dni signal prema povezanim ure\u0111ajima za stabilnije veze<\/li>\n<li>Smart Connect: Kombinuje 2.4 GHz i 5 GHz u jedan SSID i automatski prebacuje ure\u0111aje na najbolji dostupni opseg<\/li>\n<p><strong>Povezivanje:<\/strong><\/p>\n<li>Portovi: 1x WAN Gigabit, 3x LAN Gigabit<\/li>\n<p><strong>Security:<\/strong><\/p>\n<li>Sigurnosni protokoli: WPA3, za\u0161tita od brute-force napada, napredna enkripcija<\/li>\n<p><strong>Dodatne funkcije:<\/strong><\/p>\n<li>Parental Controls: Omogu\u0107ava upravljanje i ograni\u010davanje pristupa internetu<\/li>\n<li>Guest Network: Kreira odvojenu mre\u017eu za goste kako bi se osigurala privatnost<\/li>\n<li>Quality of Service (QoS): Prioritizacija ure\u0111aja za bolje performanse<\/li>\n<li>IPTV podr\u0161ka: Optimizuje IPTV streaming<\/li>\n<li>VPN podr\u0161ka: OpenVPN i PPTP za sigurnu VPN vezu<\/li>\n<p><strong>Ostale Karakteristike:<\/strong><\/p>\n<li>BSS Color: Minimizira smetnje signala od susjednih mre\u017ea<\/li>\n<li>Target Wake Time: Smanjuje potro\u0161nju energije ure\u0111aja tokom prenosa podataka<\/li>\n<li>Jednostavno postavljanje: MERCUSYS aplikacija za iOS i Android ure\u0111aje omogu\u0107ava brzo postavljanje i upravljanje<\/li>\n<\/ul>\n<\/div>","protected":false},"featured_media":30081,"comment_status":"closed","ping_status":"closed","template":"","meta":{"_themeisle_gutenberg_block_has_review":false},"product_brand":[],"product_cat":[335,337,288],"product_tag":[],"class_list":{"0":"post-28440","1":"product","2":"type-product","3":"status-publish","4":"has-post-thumbnail","6":"product_cat-racunari","7":"product_cat-mrezna-oprema-i-hardver","8":"product_cat-svi-proizvodi","10":"first","11":"instock","12":"featured","13":"purchasable","14":"product-type-simple","15":"add-to-wishlist-after_add_to_cart"},"_links":{"self":[{"href":"https:\/\/mobishop-posusje.com\/en\/wp-json\/wp\/v2\/product\/28440","targetHints":{"allow":["GET"]}}],"collection":[{"href":"https:\/\/mobishop-posusje.com\/en\/wp-json\/wp\/v2\/product"}],"about":[{"href":"https:\/\/mobishop-posusje.com\/en\/wp-json\/wp\/v2\/types\/product"}],"replies":[{"embeddable":true,"href":"https:\/\/mobishop-posusje.com\/en\/wp-json\/wp\/v2\/comments?post=28440"}],"version-history":[{"count":2,"href":"https:\/\/mobishop-posusje.com\/en\/wp-json\/wp\/v2\/product\/28440\/revisions"}],"predecessor-version":[{"id":30082,"href":"https:\/\/mobishop-posusje.com\/en\/wp-json\/wp\/v2\/product\/28440\/revisions\/30082"}],"wp:featuredmedia":[{"embeddable":true,"href":"https:\/\/mobishop-posusje.com\/en\/wp-json\/wp\/v2\/media\/30081"}],"wp:attachment":[{"href":"https:\/\/mobishop-posusje.com\/en\/wp-json\/wp\/v2\/media?parent=28440"}],"wp:term":[{"taxonomy":"product_brand","embeddable":true,"href":"https:\/\/mobishop-posusje.com\/en\/wp-json\/wp\/v2\/product_brand?post=28440"},{"taxonomy":"product_cat","embeddable":true,"href":"https:\/\/mobishop-posusje.com\/en\/wp-json\/wp\/v2\/product_cat?post=28440"},{"taxonomy":"product_tag","embeddable":true,"href":"https:\/\/mobishop-posusje.com\/en\/wp-json\/wp\/v2\/product_tag?post=28440"}],"curies":[{"name":"wp","href":"https:\/\/api.w.org\/{rel}","templated":true}]}}