{"id":28466,"date":"2024-07-01T13:39:53","date_gmt":"2024-07-01T13:39:53","guid":{"rendered":"https:\/\/mobishop-posusje.com\/?post_type=product&#038;p=28466"},"modified":"2025-09-02T14:04:58","modified_gmt":"2025-09-02T14:04:58","slug":"instax-mini-12-sve-boje","status":"publish","type":"product","link":"https:\/\/mobishop-posusje.com\/en\/svi-proizvodi\/kamere-i-dronovi\/foto-aparati\/instax-mini-12-sve-boje\/","title":{"rendered":"Instax Mini 12 Polaroid Fotoaparat"},"content":{"rendered":"","protected":false},"excerpt":{"rendered":"<div class=\"gem-list gem-list-type-check-style-1 gem-list-color-14\">\n<ul>\n   <strong>Dizajn i Dimenzije:<\/strong><\/p>\n<li>Dimenzije: 104mm x 66.6mm x 122mm<\/li>\n<li>Te\u017eina: 306 g (bez baterija, kai\u0161a i filma)<\/li>\n<p><strong>Film:<\/strong><\/p>\n<li>Film: Fujifilm Instax Mini instant film (prodaje se odvojeno)<\/li>\n<li>Veli\u010dina slike: 62mm x 46mm<\/li>\n<li>Veli\u010dina filma: 86mm x 54mm<\/li>\n<p><strong>Objektiv:<\/strong><\/p>\n<li>Objektiv: 2 komponente, 2 elementa, f=60mm, 1:12.7<\/li>\n<li>Tra\u017eilo: Pravi opti\u010dki tra\u017eilo, 0.37x sa ciljnim ta\u010dkom<\/li>\n<li>Funkcija paralakse za Close-Up mod<\/li>\n<p><strong>Opseg snimanja:<\/strong><\/p>\n<li>Opseg snimanja: 0.3m i vi\u0161e (koristite Close-Up mod za 0.3m do 0.5m)<\/li>\n<p><strong>Zatvara\u010d:<\/strong><\/p>\n<li>Programirani elektronski zatvara\u010d: 1\/2 do 1\/250 sekundi<\/li>\n<li>Sporo sinhronizovanje za slabo osvetljenje<\/li>\n<p><strong>Kontrola ekspozicije:<\/strong><\/p>\n<li>Automatska, Lv5.0 do 14.5 (ISO 800)<\/li>\n<p><strong>Ispaljivanje filma:<\/strong><\/p>\n<li>Automatsko<\/li>\n<li>Vrijeme razvijanja filma: Otprilike 90 sekundi (varira zavisno od temperature okoline)<\/li>\n<p><strong>Blic:<\/strong><\/p>\n<li>Konstantno paljenje blica (automatsko pode\u0161avanje svetla)<\/li>\n<li>Vrijeme recikla\u017ee: 7 sekundi ili manje (kod novih baterija)<\/li>\n<li>Efektivni domet blica: 0.3 do 2.2m<\/li>\n<p><strong>Napajanje:<\/strong><\/p>\n<li>Dve AA alkalne baterije (LR6)<\/li>\n<li>Kapacitet: pribli\u017eno 10 paketa filma (svaki paket ima 10 fotografija)<\/li>\n<li>Automatsko ga\u0161enje: Nakon otprilike 5 minuta<\/li>\n<p><strong>Ostale Karakteristike:<\/strong><\/p>\n<li>Uklju\u010duje broja\u010d filmova i prozor za potvrdu paketa filma<\/li>\n<\/ul>\n<\/div>","protected":false},"featured_media":30530,"comment_status":"closed","ping_status":"closed","template":"","meta":{"_themeisle_gutenberg_block_has_review":false},"product_brand":[],"product_cat":[391,302,288],"product_tag":[],"class_list":{"0":"post-28466","1":"product","2":"type-product","3":"status-publish","4":"has-post-thumbnail","6":"product_cat-foto-aparati","7":"product_cat-kamere-i-dronovi","8":"product_cat-svi-proizvodi","10":"first","11":"instock","12":"featured","13":"purchasable","14":"product-type-simple","15":"add-to-wishlist-after_add_to_cart"},"_links":{"self":[{"href":"https:\/\/mobishop-posusje.com\/en\/wp-json\/wp\/v2\/product\/28466","targetHints":{"allow":["GET"]}}],"collection":[{"href":"https:\/\/mobishop-posusje.com\/en\/wp-json\/wp\/v2\/product"}],"about":[{"href":"https:\/\/mobishop-posusje.com\/en\/wp-json\/wp\/v2\/types\/product"}],"replies":[{"embeddable":true,"href":"https:\/\/mobishop-posusje.com\/en\/wp-json\/wp\/v2\/comments?post=28466"}],"version-history":[{"count":3,"href":"https:\/\/mobishop-posusje.com\/en\/wp-json\/wp\/v2\/product\/28466\/revisions"}],"predecessor-version":[{"id":30531,"href":"https:\/\/mobishop-posusje.com\/en\/wp-json\/wp\/v2\/product\/28466\/revisions\/30531"}],"wp:featuredmedia":[{"embeddable":true,"href":"https:\/\/mobishop-posusje.com\/en\/wp-json\/wp\/v2\/media\/30530"}],"wp:attachment":[{"href":"https:\/\/mobishop-posusje.com\/en\/wp-json\/wp\/v2\/media?parent=28466"}],"wp:term":[{"taxonomy":"product_brand","embeddable":true,"href":"https:\/\/mobishop-posusje.com\/en\/wp-json\/wp\/v2\/product_brand?post=28466"},{"taxonomy":"product_cat","embeddable":true,"href":"https:\/\/mobishop-posusje.com\/en\/wp-json\/wp\/v2\/product_cat?post=28466"},{"taxonomy":"product_tag","embeddable":true,"href":"https:\/\/mobishop-posusje.com\/en\/wp-json\/wp\/v2\/product_tag?post=28466"}],"curies":[{"name":"wp","href":"https:\/\/api.w.org\/{rel}","templated":true}]}}