{"id":28544,"date":"2024-07-06T10:54:48","date_gmt":"2024-07-06T10:54:48","guid":{"rendered":"https:\/\/mobishop-posusje.com\/?post_type=product&#038;p=28544"},"modified":"2025-07-03T19:28:57","modified_gmt":"2025-07-03T19:28:57","slug":"mi-ionic-hair-dryer-h300","status":"publish","type":"product","link":"https:\/\/mobishop-posusje.com\/en\/svi-proizvodi\/nega-i-ljepota\/fenovi-za-kosu\/mi-ionic-hair-dryer-h300\/","title":{"rendered":"Mi Ionic Hair Dryer H300"},"content":{"rendered":"","protected":false},"excerpt":{"rendered":"<div class=\"gem-list gem-list-type-check-style-1 gem-list-color-14\">\n<ul>\n    <strong>Strength:<\/strong><\/p>\n<li>1600W<\/li>\n<p><strong>Product Dimensions:<\/strong><\/p>\n<li>135 \u00d7 77 \u00d7 215 mm (uklju\u010duju\u0107i mlaznicu za zrak)<\/li>\n<p><strong>Frekvencija:<\/strong><\/p>\n<li>50Hz<\/li>\n<p><strong>Napon:<\/strong><\/p>\n<li>220V~<\/li>\n<p><strong>Te\u017eina proizvoda:<\/strong><\/p>\n<li>498g (uklju\u010duju\u0107i mlaznicu za zrak)<\/li>\n<p><strong>Other Features:<\/strong><\/p>\n<li>20 m\/s protok zraka<\/li>\n<li>50 miliona negativnih iona<\/li>\n<li>Pametna kontrola temperature na 57\u00b0C<\/li>\n<li>Detekcija temperature 60 puta u sekundi<\/li>\n<li>Vi\u0161estruka za\u0161tita od pregrijavanja<\/li>\n<li>UV premaz za otpornost na prljav\u0161tinu<\/li>\n<li>Ergonomska ru\u010dka<\/li>\n<li>Smanjena buka prilikom su\u0161enja<\/li>\n<li>360\u00b0 dvostruki sloj protiv opeklina<\/li>\n<li>Kuka za jednostavno odlaganje<\/li>\n<\/ul>\n<\/div>","protected":false},"featured_media":30103,"comment_status":"closed","ping_status":"closed","template":"","meta":{"_themeisle_gutenberg_block_has_review":false},"product_brand":[],"product_cat":[294,293,288],"product_tag":[],"class_list":{"0":"post-28544","1":"product","2":"type-product","3":"status-publish","4":"has-post-thumbnail","6":"product_cat-fenovi-za-kosu","7":"product_cat-nega-i-ljepota","8":"product_cat-svi-proizvodi","10":"first","11":"instock","12":"purchasable","13":"product-type-simple","14":"add-to-wishlist-after_add_to_cart"},"_links":{"self":[{"href":"https:\/\/mobishop-posusje.com\/en\/wp-json\/wp\/v2\/product\/28544","targetHints":{"allow":["GET"]}}],"collection":[{"href":"https:\/\/mobishop-posusje.com\/en\/wp-json\/wp\/v2\/product"}],"about":[{"href":"https:\/\/mobishop-posusje.com\/en\/wp-json\/wp\/v2\/types\/product"}],"replies":[{"embeddable":true,"href":"https:\/\/mobishop-posusje.com\/en\/wp-json\/wp\/v2\/comments?post=28544"}],"version-history":[{"count":1,"href":"https:\/\/mobishop-posusje.com\/en\/wp-json\/wp\/v2\/product\/28544\/revisions"}],"predecessor-version":[{"id":28546,"href":"https:\/\/mobishop-posusje.com\/en\/wp-json\/wp\/v2\/product\/28544\/revisions\/28546"}],"wp:featuredmedia":[{"embeddable":true,"href":"https:\/\/mobishop-posusje.com\/en\/wp-json\/wp\/v2\/media\/30103"}],"wp:attachment":[{"href":"https:\/\/mobishop-posusje.com\/en\/wp-json\/wp\/v2\/media?parent=28544"}],"wp:term":[{"taxonomy":"product_brand","embeddable":true,"href":"https:\/\/mobishop-posusje.com\/en\/wp-json\/wp\/v2\/product_brand?post=28544"},{"taxonomy":"product_cat","embeddable":true,"href":"https:\/\/mobishop-posusje.com\/en\/wp-json\/wp\/v2\/product_cat?post=28544"},{"taxonomy":"product_tag","embeddable":true,"href":"https:\/\/mobishop-posusje.com\/en\/wp-json\/wp\/v2\/product_tag?post=28544"}],"curies":[{"name":"wp","href":"https:\/\/api.w.org\/{rel}","templated":true}]}}