{"id":28552,"date":"2024-07-06T11:07:25","date_gmt":"2024-07-06T11:07:25","guid":{"rendered":"https:\/\/mobishop-posusje.com\/?post_type=product&#038;p=28552"},"modified":"2025-04-16T09:12:13","modified_gmt":"2025-04-16T09:12:13","slug":"mi-16-in-1-ratchet-screwdriver","status":"publish","type":"product","link":"https:\/\/mobishop-posusje.com\/en\/svi-proizvodi\/alati\/odvijaci\/mi-16-in-1-ratchet-screwdriver\/","title":{"rendered":"Mi 16-in-1 Ratchet Screwdriver"},"content":{"rendered":"","protected":false},"excerpt":{"rendered":"<div class=\"gem-list gem-list-type-check-style-1 gem-list-color-14\">\n<ul>\n    <strong>Model:<\/strong><\/p>\n<li>MJJLLSD002QW<\/li>\n<p><strong>Weight:<\/strong><\/p>\n<li>230 g<\/li>\n<p><strong>Maksimalni obrtni moment:<\/strong><\/p>\n<li>20 N\u00b7m<\/li>\n<p><strong>Dimenzije odvija\u010da:<\/strong><\/p>\n<li>144\u00d734\u00d734 mm<\/li>\n<p><strong>Dimenzije produ\u017ene \u0161ipke:<\/strong><\/p>\n<li>110\u00d710\u00d710 mm<\/li>\n<p><strong>Standardi:<\/strong><\/p>\n<li>GB\/T10635-2013<\/li>\n<p><strong>Tipovi nastavaka:<\/strong><\/p>\n<li>Slotted: SL4\/SL6<\/li>\n<li>Phillips-head: PH0\/PH1\/PH2\/PH3<\/li>\n<li>Pozidriv: PZ1\/PZ2<\/li>\n<li>Spline-head: T15\/T20\/T25\/T30<\/li>\n<li>Hex: H3\/H4\/H5\/H6<\/li>\n<p><strong>Dodatne karakteristike:<\/strong><\/p>\n<li>45-zubni precizni zup\u010danik za glatko okretanje<\/li>\n<li>Magnetni spremnik za nastavke koji se mo\u017ee odvojiti i olak\u0161ava promjenu nastavaka<\/li>\n<li>Nastavci izra\u0111eni od visokokvalitetnog S2 legiranog \u010delika s tvrdo\u0107om do 60 HRC<\/li>\n<li>Ergonomska dr\u0161ka izra\u0111ena od najlona i fiberglasa, presvu\u010dena TPE gumom za udobno dr\u017eanje i otpornost na klizanje<\/li>\n<\/ul>\n<\/div>","protected":false},"featured_media":30642,"comment_status":"closed","ping_status":"closed","template":"","meta":{"_themeisle_gutenberg_block_has_review":false},"product_brand":[],"product_cat":[395,394,288],"product_tag":[],"class_list":{"0":"post-28552","1":"product","2":"type-product","3":"status-publish","4":"has-post-thumbnail","6":"product_cat-odvijaci","7":"product_cat-alati","8":"product_cat-svi-proizvodi","10":"first","11":"instock","12":"purchasable","13":"product-type-simple","14":"add-to-wishlist-after_add_to_cart"},"_links":{"self":[{"href":"https:\/\/mobishop-posusje.com\/en\/wp-json\/wp\/v2\/product\/28552","targetHints":{"allow":["GET"]}}],"collection":[{"href":"https:\/\/mobishop-posusje.com\/en\/wp-json\/wp\/v2\/product"}],"about":[{"href":"https:\/\/mobishop-posusje.com\/en\/wp-json\/wp\/v2\/types\/product"}],"replies":[{"embeddable":true,"href":"https:\/\/mobishop-posusje.com\/en\/wp-json\/wp\/v2\/comments?post=28552"}],"version-history":[{"count":2,"href":"https:\/\/mobishop-posusje.com\/en\/wp-json\/wp\/v2\/product\/28552\/revisions"}],"predecessor-version":[{"id":29976,"href":"https:\/\/mobishop-posusje.com\/en\/wp-json\/wp\/v2\/product\/28552\/revisions\/29976"}],"wp:featuredmedia":[{"embeddable":true,"href":"https:\/\/mobishop-posusje.com\/en\/wp-json\/wp\/v2\/media\/30642"}],"wp:attachment":[{"href":"https:\/\/mobishop-posusje.com\/en\/wp-json\/wp\/v2\/media?parent=28552"}],"wp:term":[{"taxonomy":"product_brand","embeddable":true,"href":"https:\/\/mobishop-posusje.com\/en\/wp-json\/wp\/v2\/product_brand?post=28552"},{"taxonomy":"product_cat","embeddable":true,"href":"https:\/\/mobishop-posusje.com\/en\/wp-json\/wp\/v2\/product_cat?post=28552"},{"taxonomy":"product_tag","embeddable":true,"href":"https:\/\/mobishop-posusje.com\/en\/wp-json\/wp\/v2\/product_tag?post=28552"}],"curies":[{"name":"wp","href":"https:\/\/api.w.org\/{rel}","templated":true}]}}