{"id":28568,"date":"2024-07-06T11:23:43","date_gmt":"2024-07-06T11:23:43","guid":{"rendered":"https:\/\/mobishop-posusje.com\/?post_type=product&#038;p=28568"},"modified":"2025-07-03T19:25:36","modified_gmt":"2025-07-03T19:25:36","slug":"xiaomi-s10-vacuum-copy","status":"publish","type":"product","link":"https:\/\/mobishop-posusje.com\/en\/svi-proizvodi\/mali-kucni-aparati\/robot-usisivaci\/xiaomi-s10-vacuum-copy\/","title":{"rendered":"Xiaomi Robot Usisiva\u010d Vacuum E10"},"content":{"rendered":"","protected":false},"excerpt":{"rendered":"<div class=\"gem-list gem-list-type-check-style-1 gem-list-color-14\">\n<ul>\n<strong>Dimenzije glavne jedinice:<\/strong><\/p>\n<li>\u03a6325 x 80 mm<\/li>\n<p><strong>Strength:<\/strong><\/p>\n<li>35W<\/li>\n<p><strong>Working voltage:<\/strong><\/p>\n<li>14.4V<\/li>\n<p><strong>Charging Voltage:<\/strong><\/p>\n<li>20V\u2393<\/li>\n<p><strong>Battery:<\/strong><\/p>\n<li>Kapacitet baterije: 2500mAh (nominalni kapacitet 2600mAh)<\/li>\n<p><strong>Product Dimensions:<\/strong><\/p>\n<li>146 x 122 x 87.5 mm<\/li>\n<p><strong>Karakteristike:<\/strong><\/p>\n<li>Sna\u017ena usisna snaga od 4000Pa<\/li>\n<li>4 podesiva nivoa usisavanja za lako \u010di\u0161\u0107enje pra\u0161ine i ostataka<\/li>\n<li>110 minuta trajanja baterije u standardnom modu (usisavanje i brisanje)<\/li>\n<li>Inteligentni rezervoar za vodu sa 3 nivoa protoka vode za za\u0161titu podova<\/li>\n<li>Vi\u0161estruki senzori za prilagodbu slo\u017eenim okru\u017eenjima<\/li>\n<li>Trostruka filtracija za visoku efikasnost i sprje\u010davanje lete\u0107e pra\u0161ine<\/li>\n<li>Kombinacija vi\u0161e senzora za precizno planiranje \u010di\u0161\u0107enja i visoku prilagodljivost<\/li>\n<li>Kompatibilnost sa aplikacijom Mi Home\/Xiaomi Home za jednostavno upravljanje<\/li>\n<li>Mogu\u0107nost zakazivanja \u010di\u0161\u0107enja i pode\u0161avanja nivoa \u010di\u0161\u0107enja putem aplikacije<\/li>\n<li>Kompatibilnost sa Amazon Alexa i Google Assistantom za glasovno upravljanje<\/li>\n<\/ul>\n<\/div>","protected":false},"featured_media":29841,"comment_status":"closed","ping_status":"closed","template":"","meta":{"_themeisle_gutenberg_block_has_review":false},"product_brand":[],"product_cat":[314,309,288],"product_tag":[],"class_list":{"0":"post-28568","1":"product","2":"type-product","3":"status-publish","4":"has-post-thumbnail","6":"product_cat-robot-usisivaci","7":"product_cat-mali-kucni-aparati","8":"product_cat-svi-proizvodi","10":"first","11":"instock","12":"featured","13":"shipping-taxable","14":"purchasable","15":"product-type-simple","16":"add-to-wishlist-after_add_to_cart"},"_links":{"self":[{"href":"https:\/\/mobishop-posusje.com\/en\/wp-json\/wp\/v2\/product\/28568","targetHints":{"allow":["GET"]}}],"collection":[{"href":"https:\/\/mobishop-posusje.com\/en\/wp-json\/wp\/v2\/product"}],"about":[{"href":"https:\/\/mobishop-posusje.com\/en\/wp-json\/wp\/v2\/types\/product"}],"replies":[{"embeddable":true,"href":"https:\/\/mobishop-posusje.com\/en\/wp-json\/wp\/v2\/comments?post=28568"}],"version-history":[{"count":5,"href":"https:\/\/mobishop-posusje.com\/en\/wp-json\/wp\/v2\/product\/28568\/revisions"}],"predecessor-version":[{"id":30692,"href":"https:\/\/mobishop-posusje.com\/en\/wp-json\/wp\/v2\/product\/28568\/revisions\/30692"}],"wp:featuredmedia":[{"embeddable":true,"href":"https:\/\/mobishop-posusje.com\/en\/wp-json\/wp\/v2\/media\/29841"}],"wp:attachment":[{"href":"https:\/\/mobishop-posusje.com\/en\/wp-json\/wp\/v2\/media?parent=28568"}],"wp:term":[{"taxonomy":"product_brand","embeddable":true,"href":"https:\/\/mobishop-posusje.com\/en\/wp-json\/wp\/v2\/product_brand?post=28568"},{"taxonomy":"product_cat","embeddable":true,"href":"https:\/\/mobishop-posusje.com\/en\/wp-json\/wp\/v2\/product_cat?post=28568"},{"taxonomy":"product_tag","embeddable":true,"href":"https:\/\/mobishop-posusje.com\/en\/wp-json\/wp\/v2\/product_tag?post=28568"}],"curies":[{"name":"wp","href":"https:\/\/api.w.org\/{rel}","templated":true}]}}