{"id":28573,"date":"2024-07-06T11:28:58","date_gmt":"2024-07-06T11:28:58","guid":{"rendered":"https:\/\/mobishop-posusje.com\/?post_type=product&#038;p=28573"},"modified":"2025-07-03T19:33:12","modified_gmt":"2025-07-03T19:33:12","slug":"hoco-w35-max","status":"publish","type":"product","link":"https:\/\/mobishop-posusje.com\/en\/svi-proizvodi\/racunari\/gaming-slusalice\/hoco-w35-max\/","title":{"rendered":"Hoco W35 Max"},"content":{"rendered":"","protected":false},"excerpt":{"rendered":"<div class=\"gem-list gem-list-type-check-style-1 gem-list-color-14\">\n<ul>\n    <strong>Bluetooth:<\/strong><\/p>\n<li>Verzija: Bluetooth 5.3 (JL7006F4 \u010dip)<\/li>\n<li>Domet: 10 metara<\/li>\n<p><strong>Zvuk:<\/strong><\/p>\n<li>Jedinica zvu\u010dnika: 40 mm<\/li>\n<li>Impedansa: 32\u03a9 \u00b115%<\/li>\n<li>Osjetljivost: 98dB \u00b13dB<\/li>\n<li>Frekvencijski opseg: 20Hz &#8211; 20,000Hz<\/li>\n<p><strong>Battery:<\/strong><\/p>\n<li>Kapacitet: 800mAh<\/li>\n<li>Vrijeme punjenja: Oko 2 sata<\/li>\n<li>Vrijeme reprodukcije: Do 90 sati (na 80% glasno\u0107e)<\/li>\n<li>Vrijeme stanja: Vi\u0161e od 200 sati<\/li>\n<p><strong>Dimenzije i Te\u017eina:<\/strong><\/p>\n<li>Dimenzije: 204 x 174 x 82 mm<\/li>\n<li>Te\u017eina: 262 g<\/li>\n<p><strong>Portovi i Povezivanje:<\/strong><\/p>\n<li>Podr\u017eani na\u010dini reprodukcije: Bluetooth, AUX, TF kartica<\/li>\n<li>Podr\u017eani protokoli: A2DP, AVRCP, HSP, HFP<\/li>\n<p><strong>Ostale Karakteristike:<\/strong><\/p>\n<li>Ergonomski dizajn s podesivom trakom za glavu i udobnim jastu\u010di\u0107ima za u\u0161i<\/li>\n<li>Podr\u0161ka za kineski i engleski zvu\u010dni podsetnik<\/li>\n<li>Ugra\u0111eni mikrofon za hands-free pozive<\/li>\n<\/ul>\n<\/div>","protected":false},"featured_media":30327,"comment_status":"closed","ping_status":"closed","template":"","meta":{"_themeisle_gutenberg_block_has_review":false},"product_brand":[],"product_cat":[335,340,288],"product_tag":[],"class_list":{"0":"post-28573","1":"product","2":"type-product","3":"status-publish","4":"has-post-thumbnail","6":"product_cat-racunari","7":"product_cat-gaming-slusalice","8":"product_cat-svi-proizvodi","10":"first","11":"instock","12":"featured","13":"purchasable","14":"product-type-simple","15":"add-to-wishlist-after_add_to_cart"},"_links":{"self":[{"href":"https:\/\/mobishop-posusje.com\/en\/wp-json\/wp\/v2\/product\/28573","targetHints":{"allow":["GET"]}}],"collection":[{"href":"https:\/\/mobishop-posusje.com\/en\/wp-json\/wp\/v2\/product"}],"about":[{"href":"https:\/\/mobishop-posusje.com\/en\/wp-json\/wp\/v2\/types\/product"}],"replies":[{"embeddable":true,"href":"https:\/\/mobishop-posusje.com\/en\/wp-json\/wp\/v2\/comments?post=28573"}],"version-history":[{"count":2,"href":"https:\/\/mobishop-posusje.com\/en\/wp-json\/wp\/v2\/product\/28573\/revisions"}],"predecessor-version":[{"id":28578,"href":"https:\/\/mobishop-posusje.com\/en\/wp-json\/wp\/v2\/product\/28573\/revisions\/28578"}],"wp:featuredmedia":[{"embeddable":true,"href":"https:\/\/mobishop-posusje.com\/en\/wp-json\/wp\/v2\/media\/30327"}],"wp:attachment":[{"href":"https:\/\/mobishop-posusje.com\/en\/wp-json\/wp\/v2\/media?parent=28573"}],"wp:term":[{"taxonomy":"product_brand","embeddable":true,"href":"https:\/\/mobishop-posusje.com\/en\/wp-json\/wp\/v2\/product_brand?post=28573"},{"taxonomy":"product_cat","embeddable":true,"href":"https:\/\/mobishop-posusje.com\/en\/wp-json\/wp\/v2\/product_cat?post=28573"},{"taxonomy":"product_tag","embeddable":true,"href":"https:\/\/mobishop-posusje.com\/en\/wp-json\/wp\/v2\/product_tag?post=28573"}],"curies":[{"name":"wp","href":"https:\/\/api.w.org\/{rel}","templated":true}]}}