{"id":28602,"date":"2024-07-08T07:18:03","date_gmt":"2024-07-08T07:18:03","guid":{"rendered":"https:\/\/mobishop-posusje.com\/?post_type=product&#038;p=28602"},"modified":"2025-04-24T06:55:50","modified_gmt":"2025-04-24T06:55:50","slug":"intenso-wpd10000","status":"publish","type":"product","link":"https:\/\/mobishop-posusje.com\/en\/svi-proizvodi\/mobiteli-i-oprema\/powerbank\/intenso-wpd10000\/","title":{"rendered":"Intenso WPD10000"},"content":{"rendered":"","protected":false},"excerpt":{"rendered":"<div class=\"gem-list gem-list-type-check-style-1 gem-list-color-14\">\n<ul>\n  <strong>Kapacitet baterije:<\/strong><\/p>\n<li>10000mAh<\/li>\n<p><strong>Tip baterije:<\/strong><\/p>\n<li>Li-polymer<\/li>\n<p><strong>Be\u017ei\u010dni izlaz:<\/strong><\/p>\n<li>5W, 7.5W, 10W<\/li>\n<p><strong>Ulazi:<\/strong><\/p>\n<li>USB-C: 5V &#8211; 3A, 9V &#8211; 2A, 12V &#8211; 1.5A<\/li>\n<p><strong>Izlazi:<\/strong><\/p>\n<li>2x USB-A: 5V &#8211; 3A (ukupno), Quick Charge: 9V &#8211; 2A, 12V &#8211; 1.5A (jedan izlaz)<\/li>\n<p><strong>Dimenzije:<\/strong><\/p>\n<li>140 x 70 x 16 mm<\/li>\n<p><strong>Weight:<\/strong><\/p>\n<li>230 g<\/li>\n<p><strong>Dodatne karakteristike:<\/strong><\/p>\n<li>Brzo punjenje s Power Delivery i Quick Charge tehnologijama<\/li>\n<li>Be\u017ei\u010dno punjenje za Qi-kompatibilne ure\u0111aje<\/li>\n<li>LED indikator za prikaz statusa baterije<\/li>\n<\/ul>\n<\/div>","protected":false},"featured_media":30163,"comment_status":"closed","ping_status":"closed","template":"","meta":{"_themeisle_gutenberg_block_has_review":false},"product_brand":[],"product_cat":[355,357,288],"product_tag":[],"class_list":{"0":"post-28602","1":"product","2":"type-product","3":"status-publish","4":"has-post-thumbnail","6":"product_cat-mobiteli-i-oprema","7":"product_cat-powerbank","8":"product_cat-svi-proizvodi","10":"first","11":"instock","12":"featured","13":"purchasable","14":"product-type-simple","15":"add-to-wishlist-after_add_to_cart"},"_links":{"self":[{"href":"https:\/\/mobishop-posusje.com\/en\/wp-json\/wp\/v2\/product\/28602","targetHints":{"allow":["GET"]}}],"collection":[{"href":"https:\/\/mobishop-posusje.com\/en\/wp-json\/wp\/v2\/product"}],"about":[{"href":"https:\/\/mobishop-posusje.com\/en\/wp-json\/wp\/v2\/types\/product"}],"replies":[{"embeddable":true,"href":"https:\/\/mobishop-posusje.com\/en\/wp-json\/wp\/v2\/comments?post=28602"}],"version-history":[{"count":1,"href":"https:\/\/mobishop-posusje.com\/en\/wp-json\/wp\/v2\/product\/28602\/revisions"}],"predecessor-version":[{"id":28604,"href":"https:\/\/mobishop-posusje.com\/en\/wp-json\/wp\/v2\/product\/28602\/revisions\/28604"}],"wp:featuredmedia":[{"embeddable":true,"href":"https:\/\/mobishop-posusje.com\/en\/wp-json\/wp\/v2\/media\/30163"}],"wp:attachment":[{"href":"https:\/\/mobishop-posusje.com\/en\/wp-json\/wp\/v2\/media?parent=28602"}],"wp:term":[{"taxonomy":"product_brand","embeddable":true,"href":"https:\/\/mobishop-posusje.com\/en\/wp-json\/wp\/v2\/product_brand?post=28602"},{"taxonomy":"product_cat","embeddable":true,"href":"https:\/\/mobishop-posusje.com\/en\/wp-json\/wp\/v2\/product_cat?post=28602"},{"taxonomy":"product_tag","embeddable":true,"href":"https:\/\/mobishop-posusje.com\/en\/wp-json\/wp\/v2\/product_tag?post=28602"}],"curies":[{"name":"wp","href":"https:\/\/api.w.org\/{rel}","templated":true}]}}