{"id":28608,"date":"2024-07-08T07:27:44","date_gmt":"2024-07-08T07:27:44","guid":{"rendered":"https:\/\/mobishop-posusje.com\/?post_type=product&#038;p=28608"},"modified":"2025-04-23T18:56:55","modified_gmt":"2025-04-23T18:56:55","slug":"hurricane-flashfire-f106","status":"publish","type":"product","link":"https:\/\/mobishop-posusje.com\/en\/svi-proizvodi\/gaming\/dodatna-oprema\/hurricane-flashfire-f106\/","title":{"rendered":"Hurricane Flashfire F106"},"content":{"rendered":"","protected":false},"excerpt":{"rendered":"<div class=\"gem-list gem-list-type-check-style-1 gem-list-color-14\">\n<ul>\n  <strong>Kompatibilnost:<\/strong><\/p>\n<li>PS3, PS4, PS5, PC<\/li>\n<p><strong>Osovine:<\/strong><\/p>\n<li>2 osovine<\/li>\n<p><strong>Tipke:<\/strong><\/p>\n<li>12 tipki<\/li>\n<p><strong>Rotacija volana:<\/strong><\/p>\n<li>270\u00b0<\/li>\n<p><strong>D-Pad:<\/strong><\/p>\n<li>Precizna 8-smjerna D-podloga<\/li>\n<p><strong>Senzori:<\/strong><\/p>\n<li>Podesiva osjetljivost<\/li>\n<p><strong>Vibracije:<\/strong><\/p>\n<li>Ugra\u0111eni motori za vibracije (igra mora podr\u017eavati vibracijski na\u010din)<\/li>\n<p><strong>Materijal:<\/strong><\/p>\n<li>Ergonomski dizajn s gumenom oblogom za savr\u0161eno rukovanje<\/li>\n<p><strong>Stabilnost:<\/strong><\/p>\n<li>Usisne \u010da\u0161ice za savr\u0161enu stabilnost<\/li>\n<p><strong>Dimenzije:<\/strong><\/p>\n<li>415 x 32 x 271 mm<\/li>\n<p><strong>Dodatne karakteristike:<\/strong><\/p>\n<li>Mjenja\u010d brzina<\/li>\n<\/ul>\n<\/div>","protected":false},"featured_media":30490,"comment_status":"closed","ping_status":"closed","template":"","meta":{"_themeisle_gutenberg_block_has_review":false},"product_brand":[],"product_cat":[325,326,288],"product_tag":[],"class_list":{"0":"post-28608","1":"product","2":"type-product","3":"status-publish","4":"has-post-thumbnail","6":"product_cat-gaming","7":"product_cat-dodatna-oprema","8":"product_cat-svi-proizvodi","10":"first","11":"instock","12":"purchasable","13":"product-type-simple","14":"add-to-wishlist-after_add_to_cart"},"_links":{"self":[{"href":"https:\/\/mobishop-posusje.com\/en\/wp-json\/wp\/v2\/product\/28608","targetHints":{"allow":["GET"]}}],"collection":[{"href":"https:\/\/mobishop-posusje.com\/en\/wp-json\/wp\/v2\/product"}],"about":[{"href":"https:\/\/mobishop-posusje.com\/en\/wp-json\/wp\/v2\/types\/product"}],"replies":[{"embeddable":true,"href":"https:\/\/mobishop-posusje.com\/en\/wp-json\/wp\/v2\/comments?post=28608"}],"version-history":[{"count":2,"href":"https:\/\/mobishop-posusje.com\/en\/wp-json\/wp\/v2\/product\/28608\/revisions"}],"predecessor-version":[{"id":30489,"href":"https:\/\/mobishop-posusje.com\/en\/wp-json\/wp\/v2\/product\/28608\/revisions\/30489"}],"wp:featuredmedia":[{"embeddable":true,"href":"https:\/\/mobishop-posusje.com\/en\/wp-json\/wp\/v2\/media\/30490"}],"wp:attachment":[{"href":"https:\/\/mobishop-posusje.com\/en\/wp-json\/wp\/v2\/media?parent=28608"}],"wp:term":[{"taxonomy":"product_brand","embeddable":true,"href":"https:\/\/mobishop-posusje.com\/en\/wp-json\/wp\/v2\/product_brand?post=28608"},{"taxonomy":"product_cat","embeddable":true,"href":"https:\/\/mobishop-posusje.com\/en\/wp-json\/wp\/v2\/product_cat?post=28608"},{"taxonomy":"product_tag","embeddable":true,"href":"https:\/\/mobishop-posusje.com\/en\/wp-json\/wp\/v2\/product_tag?post=28608"}],"curies":[{"name":"wp","href":"https:\/\/api.w.org\/{rel}","templated":true}]}}