{"id":28611,"date":"2024-07-08T07:32:04","date_gmt":"2024-07-08T07:32:04","guid":{"rendered":"https:\/\/mobishop-posusje.com\/?post_type=product&#038;p=28611"},"modified":"2025-04-23T18:56:16","modified_gmt":"2025-04-23T18:56:16","slug":"genesis-seaborg-350","status":"publish","type":"product","link":"https:\/\/mobishop-posusje.com\/en\/svi-proizvodi\/gaming\/dodatna-oprema\/genesis-seaborg-350\/","title":{"rendered":"Genesis Seaborg 350"},"content":{"rendered":"","protected":false},"excerpt":{"rendered":"<div class=\"gem-list gem-list-type-check-style-1 gem-list-color-14\">\n<ul>\n  <strong>Kompatibilnost:<\/strong><\/p>\n<li>PC, PS3, PS4, Xbox One, Xbox 360, Nintendo Switch<\/li>\n<p><strong>Rotacija volana:<\/strong><\/p>\n<li>180\u00b0<\/li>\n<p><strong>Tipke:<\/strong><\/p>\n<li>15 tipki<\/li>\n<p><strong>Vibracije:<\/strong><\/p>\n<li>Dva motora za vibracije<\/li>\n<p><strong>Povr\u0161ina:<\/strong><\/p>\n<li>Karbon-fiber zavr\u0161na obrada<\/li>\n<p><strong>Montiranje:<\/strong><\/p>\n<li>Uklju\u010duje ure\u0111aj za montiranje i 6 jakih usisnih \u010da\u0161ica za stabilnost<\/li>\n<p><strong>Dodatne karakteristike:<\/strong><\/p>\n<li>Podesiva osjetljivost<\/li>\n<li>Ugra\u0111eni D-pad s 8 smjerova<\/li>\n<li>Precizni mjenja\u010d brzina<\/li>\n<p><strong>Dimenzije:<\/strong><\/p>\n<li>Volan: 31,5 x 27 x 28 cm<\/li>\n<li>Pedale: 23,5 x 22 x 12 cm<\/li>\n<p><strong>Konektor:<\/strong><\/p>\n<li>USB<\/li>\n<li>Du\u017eina kabla: 2m<\/li>\n<\/ul>\n<\/div>","protected":false},"featured_media":30488,"comment_status":"closed","ping_status":"closed","template":"","meta":{"_themeisle_gutenberg_block_has_review":false},"product_brand":[],"product_cat":[325,326,288],"product_tag":[],"class_list":{"0":"post-28611","1":"product","2":"type-product","3":"status-publish","4":"has-post-thumbnail","6":"product_cat-gaming","7":"product_cat-dodatna-oprema","8":"product_cat-svi-proizvodi","10":"first","11":"instock","12":"purchasable","13":"product-type-simple","14":"add-to-wishlist-after_add_to_cart"},"_links":{"self":[{"href":"https:\/\/mobishop-posusje.com\/en\/wp-json\/wp\/v2\/product\/28611","targetHints":{"allow":["GET"]}}],"collection":[{"href":"https:\/\/mobishop-posusje.com\/en\/wp-json\/wp\/v2\/product"}],"about":[{"href":"https:\/\/mobishop-posusje.com\/en\/wp-json\/wp\/v2\/types\/product"}],"replies":[{"embeddable":true,"href":"https:\/\/mobishop-posusje.com\/en\/wp-json\/wp\/v2\/comments?post=28611"}],"version-history":[{"count":1,"href":"https:\/\/mobishop-posusje.com\/en\/wp-json\/wp\/v2\/product\/28611\/revisions"}],"predecessor-version":[{"id":28613,"href":"https:\/\/mobishop-posusje.com\/en\/wp-json\/wp\/v2\/product\/28611\/revisions\/28613"}],"wp:featuredmedia":[{"embeddable":true,"href":"https:\/\/mobishop-posusje.com\/en\/wp-json\/wp\/v2\/media\/30488"}],"wp:attachment":[{"href":"https:\/\/mobishop-posusje.com\/en\/wp-json\/wp\/v2\/media?parent=28611"}],"wp:term":[{"taxonomy":"product_brand","embeddable":true,"href":"https:\/\/mobishop-posusje.com\/en\/wp-json\/wp\/v2\/product_brand?post=28611"},{"taxonomy":"product_cat","embeddable":true,"href":"https:\/\/mobishop-posusje.com\/en\/wp-json\/wp\/v2\/product_cat?post=28611"},{"taxonomy":"product_tag","embeddable":true,"href":"https:\/\/mobishop-posusje.com\/en\/wp-json\/wp\/v2\/product_tag?post=28611"}],"curies":[{"name":"wp","href":"https:\/\/api.w.org\/{rel}","templated":true}]}}