{"id":28642,"date":"2024-07-10T12:07:22","date_gmt":"2024-07-10T12:07:22","guid":{"rendered":"https:\/\/mobishop-posusje.com\/?post_type=product&#038;p=28642"},"modified":"2025-04-23T15:01:17","modified_gmt":"2025-04-23T15:01:17","slug":"xiaomi-smart-camera-c300","status":"publish","type":"product","link":"https:\/\/mobishop-posusje.com\/en\/svi-proizvodi\/kamere-i-dronovi\/kamere\/xiaomi-smart-camera-c300\/","title":{"rendered":"Xiaomi Smart Camera C300"},"content":{"rendered":"","protected":false},"excerpt":{"rendered":"<div class=\"gem-list gem-list-type-check-style-1 gem-list-color-14\">\n<ul>\n <strong>Dimenzije:<\/strong><\/p>\n<li>115 \u00d7 78 \u00d7 78 mm<\/li>\n<p><strong>Weight:<\/strong><\/p>\n<li>327 g<\/li>\n<p><strong>Kompatibilnost:<\/strong><\/p>\n<li>Android 4.4 ili vi\u0161i<\/li>\n<li>iOS 9.0 ili vi\u0161i<\/li>\n<p><strong>Be\u017ei\u010dna konekcija:<\/strong><\/p>\n<li>Wi-Fi IEEE 802.11b\/g\/n 2.4GHz<\/li>\n<p><strong>Ulazna snaga:<\/strong><\/p>\n<li>5V=1A<\/li>\n<p><strong>Apertura:<\/strong><\/p>\n<li>F1.4<\/li>\n<p><strong>Rezolucija:<\/strong><\/p>\n<li>2304 \u00d7 1296<\/li>\n<p><strong>Video kodiranje:<\/strong><\/p>\n<li>H.265<\/li>\n<p><strong>Skladi\u0161te:<\/strong><\/p>\n<li>Micro SD kartica (podr\u017eava do 256 GB)<\/li>\n<p><strong>Other Features:<\/strong><\/p>\n<li>360\u00b0 horizontalni kut gledanja<\/li>\n<li>108\u00b0 vertikalni kut gledanja<\/li>\n<li>AI detekcija ljudi<\/li>\n<li>Dvosmjerni glasovni pozivi<\/li>\n<li>H.265 kodiranje za u\u0161tedu prostora za pohranu<\/li>\n<li>Podr\u0161ka za daljinsko gledanje na vi\u0161e ure\u0111aja<\/li>\n<li>Podr\u0161ka za oblak, NAS i lokalnu pohranu<\/li>\n<li>Za\u0161tita privatnosti sa AES-128 enkripcijom<\/li>\n<\/ul>\n<\/div>","protected":false},"featured_media":28643,"comment_status":"closed","ping_status":"closed","template":"","meta":{"_themeisle_gutenberg_block_has_review":false},"product_brand":[],"product_cat":[304,302,288],"product_tag":[],"class_list":{"0":"post-28642","1":"product","2":"type-product","3":"status-publish","4":"has-post-thumbnail","6":"product_cat-kamere","7":"product_cat-kamere-i-dronovi","8":"product_cat-svi-proizvodi","10":"first","11":"instock","12":"featured","13":"purchasable","14":"product-type-simple","15":"add-to-wishlist-after_add_to_cart"},"_links":{"self":[{"href":"https:\/\/mobishop-posusje.com\/en\/wp-json\/wp\/v2\/product\/28642","targetHints":{"allow":["GET"]}}],"collection":[{"href":"https:\/\/mobishop-posusje.com\/en\/wp-json\/wp\/v2\/product"}],"about":[{"href":"https:\/\/mobishop-posusje.com\/en\/wp-json\/wp\/v2\/types\/product"}],"replies":[{"embeddable":true,"href":"https:\/\/mobishop-posusje.com\/en\/wp-json\/wp\/v2\/comments?post=28642"}],"version-history":[{"count":1,"href":"https:\/\/mobishop-posusje.com\/en\/wp-json\/wp\/v2\/product\/28642\/revisions"}],"predecessor-version":[{"id":28644,"href":"https:\/\/mobishop-posusje.com\/en\/wp-json\/wp\/v2\/product\/28642\/revisions\/28644"}],"wp:featuredmedia":[{"embeddable":true,"href":"https:\/\/mobishop-posusje.com\/en\/wp-json\/wp\/v2\/media\/28643"}],"wp:attachment":[{"href":"https:\/\/mobishop-posusje.com\/en\/wp-json\/wp\/v2\/media?parent=28642"}],"wp:term":[{"taxonomy":"product_brand","embeddable":true,"href":"https:\/\/mobishop-posusje.com\/en\/wp-json\/wp\/v2\/product_brand?post=28642"},{"taxonomy":"product_cat","embeddable":true,"href":"https:\/\/mobishop-posusje.com\/en\/wp-json\/wp\/v2\/product_cat?post=28642"},{"taxonomy":"product_tag","embeddable":true,"href":"https:\/\/mobishop-posusje.com\/en\/wp-json\/wp\/v2\/product_tag?post=28642"}],"curies":[{"name":"wp","href":"https:\/\/api.w.org\/{rel}","templated":true}]}}