{"id":28671,"date":"2024-07-22T08:15:39","date_gmt":"2024-07-22T08:15:39","guid":{"rendered":"https:\/\/mobishop-posusje.com\/?post_type=product&#038;p=28671"},"modified":"2025-07-03T19:28:07","modified_gmt":"2025-07-03T19:28:07","slug":"hisense-expert-smart-24k-75kw","status":"publish","type":"product","link":"https:\/\/mobishop-posusje.com\/en\/svi-proizvodi\/klime-i-grijanje\/klima-uredaji\/hisense-expert-smart-24k-75kw\/","title":{"rendered":"HISENSE EXPERT SMART 24k 7,5KW"},"content":{"rendered":"","protected":false},"excerpt":{"rendered":"<div class=\"gem-list gem-list-type-check-style-1 gem-list-color-14\">\n<ul>\n<p><strong>Tip:<\/strong><\/p>\n<li>Split sistem<\/li>\n<p><strong>Kapacitet hla\u0111enja:<\/strong><\/p>\n<li>1.60 \u2013 7.20 kW, nominalno 24,000 BTU<\/li>\n<p><strong>Kapacitet grejanja:<\/strong><\/p>\n<li>1.80 \u2013 7.30 kW<\/li>\n<p><strong>Energetska klasa (hla\u0111enje):<\/strong><\/p>\n<li>A++<\/li>\n<p><strong>Energetska klasa (grejanje):<\/strong><\/p>\n<li>A+<\/li>\n<p><strong>SEER (koeficijent sezonske energetske efikasnosti):<\/strong><\/p>\n<li>6.2<\/li>\n<p><strong>SCOP (sezonski koeficijent performansi):<\/strong><\/p>\n<li>4.0<\/li>\n<p><strong>Pogodno za prostorije:<\/strong><\/p>\n<li>51-75 m\u00b2<\/li>\n<p><strong>Radni opseg temperature (hla\u0111enje):<\/strong><\/p>\n<li>-15\u00b0C do +43\u00b0C<\/li>\n<p><strong>Radni opseg temperature (grejanje):<\/strong><\/p>\n<li>-20\u00b0C do +24\u00b0C<\/li>\n<p><strong>Protok vazduha:<\/strong><\/p>\n<li>1100 m\u00b3\/h<\/li>\n<p><strong>Nivo buke (unutra\u0161nja jedinica):<\/strong><\/p>\n<li>41 dB(A)<\/li>\n<p><strong>Nivo buke (spoljna jedinica):<\/strong><\/p>\n<li>63 dB(A)<\/li>\n<p><strong>Wi-Fi povezivanje:<\/strong><\/p>\n<li>Da<\/li>\n<p><strong>LED display:<\/strong><\/p>\n<li>Da<\/li>\n<p><strong>Timer:<\/strong><\/p>\n<li>Da<\/li>\n<p><strong>Sleep mod:<\/strong><\/p>\n<li>Da<\/li>\n<p><strong>I-Feel funkcija:<\/strong><\/p>\n<li>Da<\/li>\n<p><strong>Automatsko \u010di\u0161\u0107enje:<\/strong><\/p>\n<li>Da<\/li>\n<p><strong>Turbo mod:<\/strong><\/p>\n<li>Da<\/li>\n<p><strong>Dimenzije unutra\u0161nje jedinice (\u0160xVxD):<\/strong><\/p>\n<li>998 x 325 x 232 mm<\/li>\n<p><strong>Dimenzije spoljne jedinice (\u0160xVxD):<\/strong><\/p>\n<li>860 x 667 x 310 mm<\/li>\n<p><strong>Te\u017eina unutra\u0161nje jedinice:<\/strong><\/p>\n<li>11 kg<\/li>\n<p><strong>Te\u017eina spoljne jedinice:<\/strong><\/p>\n<li>42 kg<\/li>\n<p><strong>Tip rashladnog fluida:<\/strong><\/p>\n<li>R32<\/li>\n<p><strong>Koli\u010dina rashladnog fluida:<\/strong><\/p>\n<li>1300 g<\/li>\n<\/ul>\n<\/div>","protected":false},"featured_media":29950,"comment_status":"closed","ping_status":"closed","template":"","meta":{"_themeisle_gutenberg_block_has_review":false},"product_brand":[],"product_cat":[298,296,288],"product_tag":[],"class_list":{"0":"post-28671","1":"product","2":"type-product","3":"status-publish","4":"has-post-thumbnail","6":"product_cat-klima-uredaji","7":"product_cat-klime-i-grijanje","8":"product_cat-svi-proizvodi","9":"product_shipping_class-teski-proizvod","11":"first","12":"instock","13":"featured","14":"purchasable","15":"product-type-simple","16":"add-to-wishlist-after_add_to_cart"},"_links":{"self":[{"href":"https:\/\/mobishop-posusje.com\/en\/wp-json\/wp\/v2\/product\/28671","targetHints":{"allow":["GET"]}}],"collection":[{"href":"https:\/\/mobishop-posusje.com\/en\/wp-json\/wp\/v2\/product"}],"about":[{"href":"https:\/\/mobishop-posusje.com\/en\/wp-json\/wp\/v2\/types\/product"}],"replies":[{"embeddable":true,"href":"https:\/\/mobishop-posusje.com\/en\/wp-json\/wp\/v2\/comments?post=28671"}],"version-history":[{"count":5,"href":"https:\/\/mobishop-posusje.com\/en\/wp-json\/wp\/v2\/product\/28671\/revisions"}],"predecessor-version":[{"id":29949,"href":"https:\/\/mobishop-posusje.com\/en\/wp-json\/wp\/v2\/product\/28671\/revisions\/29949"}],"wp:featuredmedia":[{"embeddable":true,"href":"https:\/\/mobishop-posusje.com\/en\/wp-json\/wp\/v2\/media\/29950"}],"wp:attachment":[{"href":"https:\/\/mobishop-posusje.com\/en\/wp-json\/wp\/v2\/media?parent=28671"}],"wp:term":[{"taxonomy":"product_brand","embeddable":true,"href":"https:\/\/mobishop-posusje.com\/en\/wp-json\/wp\/v2\/product_brand?post=28671"},{"taxonomy":"product_cat","embeddable":true,"href":"https:\/\/mobishop-posusje.com\/en\/wp-json\/wp\/v2\/product_cat?post=28671"},{"taxonomy":"product_tag","embeddable":true,"href":"https:\/\/mobishop-posusje.com\/en\/wp-json\/wp\/v2\/product_tag?post=28671"}],"curies":[{"name":"wp","href":"https:\/\/api.w.org\/{rel}","templated":true}]}}