{"id":28677,"date":"2024-07-24T11:45:24","date_gmt":"2024-07-24T11:45:24","guid":{"rendered":"https:\/\/mobishop-posusje.com\/?post_type=product&#038;p=28677"},"modified":"2025-04-23T18:53:13","modified_gmt":"2025-04-23T18:53:13","slug":"igraca-konzola-sonyplaystation-5-slim-d-chasis-2","status":"publish","type":"product","link":"https:\/\/mobishop-posusje.com\/en\/svi-proizvodi\/gaming\/playstation\/ps-konzole\/igraca-konzola-sonyplaystation-5-slim-d-chasis-2\/","title":{"rendered":"Igra\u0107a konzola SonyPlaystation 5 slim D chasis + 2 igre (Fortnite &#8211; GOW Ragnarok)"},"content":{"rendered":"","protected":false},"excerpt":{"rendered":"<div class=\"gem-list gem-list-type-check-style-1 gem-list-color-14\">\n<ul>\n<li>PlayStation 5 Slim D chassis. Uz konzolu PS5 igra\u010di dobiju sna\u017enu tehnologiju igre koja se nalazi unutar ugla\u0111enog i kompaktnog dizajna konzole.<\/li>\n<li>Omiljena igra neka vam je spremna i \u010deka da usko\u010dite i igrate uz 1 TB SSD pohrane koja je ugra\u0111ena.<\/li>\n<li>Na konzoli PS5 mo\u017ee se igrati vi\u0161e od 4000 PS4 igara. Uz zna\u010dajku Game Boost mo\u017eete \u010dak u\u017eivati u br\u017eim i gla\u0111im promjenama kadrova u nekim od najboljih igra za konzolu PS4.<\/li>\n<li>Pri postavljanju potrebna je internetska veza kako biste uparili diskovni pogon i konzolu PS5.<\/li>\n<li>Izrazito brz SSD disk: Izvucite najvi\u0161e iz vremena provedenog u igri uz gotovo trenuta\u010dno u\u010ditavanje instaliranih igara za PS5.<\/li>\n<li>Integrirani ulazno-izlazni sustav, prilago\u0111ena integracija sustava konzole PS5 omogu\u0107uje kreatorima da povla\u010de podatke sa SSD diska tako brzo da sada mogu stvarati igre na na\u010dine koji su prije bili nezamislivi.<\/li>\n<li>Pra\u0107enje zraka svjetlosti: Uronite u svjetove na novoj razini realnosti u kojoj je svaka zraka svjetlosti pojedina\u010dno simulirana pa sjene i odrazi u podr\u017eanim igrama za PS5 nalikuju pravima.<\/li>\n<li>Do 120 sli\u010dica u sekundi uz izlaznu frekvenciju od 120 Hz: u\u017eivajte u ujedna\u010denom i te\u010dnom igranju pri visokom broju sli\u010dica u sekundi koji za kompatibilne igre mo\u017ee dose\u0107i 120 sli\u010dica uz podr\u0161ku za izlaznu frekvenciju od 120 Hz na 4K zaslonima.<\/li>\n<li>Tehnologija HDR: Na HDR televizorima podr\u017eane se igre za PS5 prikazuju u nevjerojatno \u017eivopisnom i uvjerljivom rasponu boja.<\/li>\n<li>Tempest 3D AudioTech Uronite u zvu\u010dne krajolike u kojima se \u010dini da zvuk dolazi iz svih smjerova.<\/li>\n<li>Adaptivni okida\u010di: svladajte sveobuhvatne adaptivne okida\u010de s dinami\u010dkim razinama otpora koji simuliraju fizi\u010dki udar onoga \u0161to se doga\u0111a u odabranim igrama za PS5.<\/li>\n<\/ul>\n<\/div>","protected":false},"featured_media":30477,"comment_status":"closed","ping_status":"closed","template":"","meta":{"_themeisle_gutenberg_block_has_review":false},"product_brand":[],"product_cat":[329,334,325,288],"product_tag":[],"class_list":{"0":"post-28677","1":"product","2":"type-product","3":"status-publish","4":"has-post-thumbnail","6":"product_cat-playstation","7":"product_cat-ps-konzole","8":"product_cat-gaming","9":"product_cat-svi-proizvodi","11":"first","12":"instock","13":"purchasable","14":"product-type-simple","15":"add-to-wishlist-after_add_to_cart"},"_links":{"self":[{"href":"https:\/\/mobishop-posusje.com\/en\/wp-json\/wp\/v2\/product\/28677","targetHints":{"allow":["GET"]}}],"collection":[{"href":"https:\/\/mobishop-posusje.com\/en\/wp-json\/wp\/v2\/product"}],"about":[{"href":"https:\/\/mobishop-posusje.com\/en\/wp-json\/wp\/v2\/types\/product"}],"replies":[{"embeddable":true,"href":"https:\/\/mobishop-posusje.com\/en\/wp-json\/wp\/v2\/comments?post=28677"}],"version-history":[{"count":5,"href":"https:\/\/mobishop-posusje.com\/en\/wp-json\/wp\/v2\/product\/28677\/revisions"}],"predecessor-version":[{"id":29233,"href":"https:\/\/mobishop-posusje.com\/en\/wp-json\/wp\/v2\/product\/28677\/revisions\/29233"}],"wp:featuredmedia":[{"embeddable":true,"href":"https:\/\/mobishop-posusje.com\/en\/wp-json\/wp\/v2\/media\/30477"}],"wp:attachment":[{"href":"https:\/\/mobishop-posusje.com\/en\/wp-json\/wp\/v2\/media?parent=28677"}],"wp:term":[{"taxonomy":"product_brand","embeddable":true,"href":"https:\/\/mobishop-posusje.com\/en\/wp-json\/wp\/v2\/product_brand?post=28677"},{"taxonomy":"product_cat","embeddable":true,"href":"https:\/\/mobishop-posusje.com\/en\/wp-json\/wp\/v2\/product_cat?post=28677"},{"taxonomy":"product_tag","embeddable":true,"href":"https:\/\/mobishop-posusje.com\/en\/wp-json\/wp\/v2\/product_tag?post=28677"}],"curies":[{"name":"wp","href":"https:\/\/api.w.org\/{rel}","templated":true}]}}