{"id":28691,"date":"2024-07-30T10:42:05","date_gmt":"2024-07-30T10:42:05","guid":{"rendered":"https:\/\/mobishop-posusje.com\/?post_type=product&#038;p=28691"},"modified":"2025-04-25T06:41:07","modified_gmt":"2025-04-25T06:41:07","slug":"mk220","status":"publish","type":"product","link":"https:\/\/mobishop-posusje.com\/en\/svi-proizvodi\/racunari\/tipkovnice\/mk220\/","title":{"rendered":"Mk 220"},"content":{"rendered":"","protected":false},"excerpt":{"rendered":"<div class=\"gem-list gem-list-type-check-style-1 gem-list-color-14\">\n<ul>\n   <strong>Tipke na tastaturi:<\/strong><\/p>\n<li>Standardni QWERTY raspored<\/li>\n<li>10-tipkovni\u010dki broj\u010danik<\/li>\n<li>Multimedijalne kontrole<\/li>\n<li>Trajnost do 5 miliona pritisaka (isklju\u010duju\u0107i tipku za broj\u010danik)<\/li>\n<li>Otporna na prolijevanje teku\u0107ine (testirana pod ograni\u010denim uvjetima, maksimalno 60 ml)<\/li>\n<p><strong>Dimenzije tastature:<\/strong><\/p>\n<li>Visina: 112 mm<\/li>\n<li>\u0160irina: 381 mm<\/li>\n<li>Dubina: 17.78 mm<\/li>\n<li>Te\u017eina: 320 g<\/li>\n<p><strong>Mi\u0161:<\/strong><\/p>\n<li>Tehnologija senzora: Opti\u010dko pra\u0107enje<\/li>\n<li>Broj tipki: 3 (Levi\/desni klik, Srednji klik)<\/li>\n<li>Kota\u010di\u0107 za skrolanje: Da, opti\u010dki<\/li>\n<li>Dimenzije: 107 mm x 60 mm x 40 mm<\/li>\n<li>Te\u017eina: 112 g<\/li>\n<p><strong>Povezivanje:<\/strong><\/p>\n<li>Be\u017ei\u010dni domet: 10 metara (mo\u017ee varirati zavisno od okru\u017eenja i uslova rada)<\/li>\n<li>Interfejs: RF 2.4 GHz<\/li>\n<li>Prijemnik: Uklju\u010den<\/li>\n<p><strong>Baterije:<\/strong><\/p>\n<li>Tastatura: 2 AAA baterije (Alkalne)<\/li>\n<li>Mi\u0161: 2 AA baterije (Alkalne)<\/li>\n<li>Trajanje baterije: do 24 mjeseca za tastaturu, do 5 mjeseci za mi\u0161a<\/li>\n<p><strong>Dodatne karakteristike:<\/strong><\/p>\n<li>Minimalisti\u010dki dizajn koji \u0161tedi prostor<\/li>\n<li>Udoban za kori\u0161tenje sa tihim tipkama<\/li>\n<li>Jednostavno postavljanje bez dodatnog softvera<\/li>\n<\/ul>\n<\/div>","protected":false},"featured_media":30362,"comment_status":"closed","ping_status":"closed","template":"","meta":{"_themeisle_gutenberg_block_has_review":false},"product_brand":[],"product_cat":[335,342,341,288],"product_tag":[],"class_list":{"0":"post-28691","1":"product","2":"type-product","3":"status-publish","4":"has-post-thumbnail","6":"product_cat-racunari","7":"product_cat-tipkovnice","8":"product_cat-misevi","9":"product_cat-svi-proizvodi","11":"first","12":"instock","13":"featured","14":"purchasable","15":"product-type-simple","16":"add-to-wishlist-after_add_to_cart"},"_links":{"self":[{"href":"https:\/\/mobishop-posusje.com\/en\/wp-json\/wp\/v2\/product\/28691","targetHints":{"allow":["GET"]}}],"collection":[{"href":"https:\/\/mobishop-posusje.com\/en\/wp-json\/wp\/v2\/product"}],"about":[{"href":"https:\/\/mobishop-posusje.com\/en\/wp-json\/wp\/v2\/types\/product"}],"replies":[{"embeddable":true,"href":"https:\/\/mobishop-posusje.com\/en\/wp-json\/wp\/v2\/comments?post=28691"}],"version-history":[{"count":2,"href":"https:\/\/mobishop-posusje.com\/en\/wp-json\/wp\/v2\/product\/28691\/revisions"}],"predecessor-version":[{"id":30655,"href":"https:\/\/mobishop-posusje.com\/en\/wp-json\/wp\/v2\/product\/28691\/revisions\/30655"}],"wp:featuredmedia":[{"embeddable":true,"href":"https:\/\/mobishop-posusje.com\/en\/wp-json\/wp\/v2\/media\/30362"}],"wp:attachment":[{"href":"https:\/\/mobishop-posusje.com\/en\/wp-json\/wp\/v2\/media?parent=28691"}],"wp:term":[{"taxonomy":"product_brand","embeddable":true,"href":"https:\/\/mobishop-posusje.com\/en\/wp-json\/wp\/v2\/product_brand?post=28691"},{"taxonomy":"product_cat","embeddable":true,"href":"https:\/\/mobishop-posusje.com\/en\/wp-json\/wp\/v2\/product_cat?post=28691"},{"taxonomy":"product_tag","embeddable":true,"href":"https:\/\/mobishop-posusje.com\/en\/wp-json\/wp\/v2\/product_tag?post=28691"}],"curies":[{"name":"wp","href":"https:\/\/api.w.org\/{rel}","templated":true}]}}