{"id":28697,"date":"2024-07-31T12:11:54","date_gmt":"2024-07-31T12:11:54","guid":{"rendered":"https:\/\/mobishop-posusje.com\/?post_type=product&#038;p=28697"},"modified":"2025-07-03T19:26:15","modified_gmt":"2025-07-03T19:26:15","slug":"xiaomi-robot-vacuum-e5","status":"publish","type":"product","link":"https:\/\/mobishop-posusje.com\/en\/svi-proizvodi\/mali-kucni-aparati\/robot-usisivaci\/xiaomi-robot-vacuum-e5\/","title":{"rendered":"Xiaomi Robot Usisiva\u010d Vacuum E5"},"content":{"rendered":"","protected":false},"excerpt":{"rendered":"<div class=\"gem-list gem-list-type-check-style-1 gem-list-color-14\"><strong>Dizajn i Dimenzije:<\/strong><\/p>\n<ul><strong>Dimenzije:<\/strong><\/p>\n<li>\u03a6300 x 70 mm<\/li>\n<p><strong>Strength:<\/strong><\/p>\n<li>25W<\/li>\n<p><strong>Battery:<\/strong><\/p>\n<li>Kapacitet: 2600mAh (nominalni kapacitet)<\/li>\n<li>Vrijeme punjenja: oko 6 sati<\/li>\n<li>Vrijeme rada: 110 minuta u standardnom na\u010dinu<\/li>\n<p><strong>Napon:<\/strong><\/p>\n<li>Radni napon: 14.4V\u2393<\/li>\n<li>Napon punjenja: 20V\u2393<\/li>\n<p><strong>Other Features:<\/strong><\/p>\n<li>Maksimalna usisna snaga: 2000Pa<\/li>\n<li>Inteligentno planiranje puta \u010di\u0161\u0107enja<\/li>\n<li>Podr\u0161ka za glasovne asistente (Google Assistant i Alexa)<\/li>\n<li>Kontrola putem Xiaomi Home aplikacije<\/li>\n<li>2-u-1 spremnik za vodu i pra\u0161inu: 400ml spremnik za pra\u0161inu, 90ml spremnik za vodu<\/li>\n<\/ul>\n<\/div>","protected":false},"featured_media":29857,"comment_status":"closed","ping_status":"closed","template":"","meta":{"_themeisle_gutenberg_block_has_review":false},"product_brand":[],"product_cat":[314,309,288],"product_tag":[],"class_list":{"0":"post-28697","1":"product","2":"type-product","3":"status-publish","4":"has-post-thumbnail","6":"product_cat-robot-usisivaci","7":"product_cat-mali-kucni-aparati","8":"product_cat-svi-proizvodi","10":"first","11":"instock","12":"sale","13":"featured","14":"shipping-taxable","15":"purchasable","16":"product-type-simple","17":"add-to-wishlist-after_add_to_cart"},"_links":{"self":[{"href":"https:\/\/mobishop-posusje.com\/en\/wp-json\/wp\/v2\/product\/28697","targetHints":{"allow":["GET"]}}],"collection":[{"href":"https:\/\/mobishop-posusje.com\/en\/wp-json\/wp\/v2\/product"}],"about":[{"href":"https:\/\/mobishop-posusje.com\/en\/wp-json\/wp\/v2\/types\/product"}],"replies":[{"embeddable":true,"href":"https:\/\/mobishop-posusje.com\/en\/wp-json\/wp\/v2\/comments?post=28697"}],"version-history":[{"count":5,"href":"https:\/\/mobishop-posusje.com\/en\/wp-json\/wp\/v2\/product\/28697\/revisions"}],"predecessor-version":[{"id":30694,"href":"https:\/\/mobishop-posusje.com\/en\/wp-json\/wp\/v2\/product\/28697\/revisions\/30694"}],"wp:featuredmedia":[{"embeddable":true,"href":"https:\/\/mobishop-posusje.com\/en\/wp-json\/wp\/v2\/media\/29857"}],"wp:attachment":[{"href":"https:\/\/mobishop-posusje.com\/en\/wp-json\/wp\/v2\/media?parent=28697"}],"wp:term":[{"taxonomy":"product_brand","embeddable":true,"href":"https:\/\/mobishop-posusje.com\/en\/wp-json\/wp\/v2\/product_brand?post=28697"},{"taxonomy":"product_cat","embeddable":true,"href":"https:\/\/mobishop-posusje.com\/en\/wp-json\/wp\/v2\/product_cat?post=28697"},{"taxonomy":"product_tag","embeddable":true,"href":"https:\/\/mobishop-posusje.com\/en\/wp-json\/wp\/v2\/product_tag?post=28697"}],"curies":[{"name":"wp","href":"https:\/\/api.w.org\/{rel}","templated":true}]}}