{"id":28816,"date":"2024-09-03T12:11:12","date_gmt":"2024-09-03T12:11:12","guid":{"rendered":"https:\/\/mobishop-posusje.com\/?post_type=product&#038;p=28816"},"modified":"2025-04-23T15:00:34","modified_gmt":"2025-04-23T15:00:34","slug":"xiaomi-smart-band-9","status":"publish","type":"product","link":"https:\/\/mobishop-posusje.com\/en\/svi-proizvodi\/pametni-satovi\/xiaomi-sat\/xiaomi-smart-band-9\/","title":{"rendered":"Xiaomi Smart Band 9"},"content":{"rendered":"","protected":false},"excerpt":{"rendered":"<div class=\"gem-list gem-list-type-check-style-1 gem-list-color-14\">\n<ul>\n   <strong>Dimenzije i Te\u017eina:<\/strong><\/p>\n<li>Dimenzije: 46.53 x 21.63 x 10.95 mm<\/li>\n<li>Te\u017eina: Pribli\u017eno 15.8g (bez narukvice)<\/li>\n<p><strong>Screen:<\/strong><\/p>\n<li>Veli\u010dina: 1.62 in\u010da<\/li>\n<li>Tip: AMOLED<\/li>\n<li>Rezolucija: 192 x 490 piksela<\/li>\n<li>Maksimalna svetlina: 1200 nita<\/li>\n<li>Osvje\u017eavanje: 60 Hz<\/li>\n<p><strong>Battery:<\/strong><\/p>\n<li>Kapacitet: 233mAh<\/li>\n<li>Trajanje baterije: Do 21 dan sa isklju\u010denim AOD, 9 dana sa uklju\u010denim AOD<\/li>\n<li>Vreme punjenja: Oko 60 minuta<\/li>\n<p><strong>Connectivity:<\/strong><\/p>\n<li>Bluetooth 5.4<\/li>\n<li>NFC (zavisno od modela)<\/li>\n<p><strong>Zdravstveno pra\u0107enje:<\/strong><\/p>\n<li>Pra\u0107enje sr\u010danog ritma tokom \u010ditavog dana<\/li>\n<li>Monitor saturacije kiseonika u krvi (SpO2)<\/li>\n<li>Stres monitoring sa uputama za smanjenje<\/li>\n<li>Pra\u0107enje sna sa personalizovanim savetima za pobolj\u0161anje kvaliteta sna<\/li>\n<p><strong>Funkcije i karakteristike:<\/strong><\/p>\n<li>Preko 150 sportskih re\u017eima<\/li>\n<li>Otpornost na vodu: 5ATM<\/li>\n<li>Personalizacija sa preko 200 razli\u010ditih watch face-ova<\/li>\n<li>Smart funkcije kao \u0161to su kontrola muzike, daljinsko upravljanje kamerom, odgovori na poruke i pozivi<\/li>\n<\/ul>\n<\/div>","protected":false},"featured_media":30289,"comment_status":"closed","ping_status":"closed","template":"","meta":{"_themeisle_gutenberg_block_has_review":false},"product_brand":[],"product_cat":[346,352,288],"product_tag":[],"class_list":{"0":"post-28816","1":"product","2":"type-product","3":"status-publish","4":"has-post-thumbnail","6":"product_cat-pametni-satovi","7":"product_cat-xiaomi-sat","8":"product_cat-svi-proizvodi","10":"first","11":"instock","12":"featured","13":"purchasable","14":"product-type-simple","15":"add-to-wishlist-after_add_to_cart"},"_links":{"self":[{"href":"https:\/\/mobishop-posusje.com\/en\/wp-json\/wp\/v2\/product\/28816","targetHints":{"allow":["GET"]}}],"collection":[{"href":"https:\/\/mobishop-posusje.com\/en\/wp-json\/wp\/v2\/product"}],"about":[{"href":"https:\/\/mobishop-posusje.com\/en\/wp-json\/wp\/v2\/types\/product"}],"replies":[{"embeddable":true,"href":"https:\/\/mobishop-posusje.com\/en\/wp-json\/wp\/v2\/comments?post=28816"}],"version-history":[{"count":1,"href":"https:\/\/mobishop-posusje.com\/en\/wp-json\/wp\/v2\/product\/28816\/revisions"}],"predecessor-version":[{"id":28818,"href":"https:\/\/mobishop-posusje.com\/en\/wp-json\/wp\/v2\/product\/28816\/revisions\/28818"}],"wp:featuredmedia":[{"embeddable":true,"href":"https:\/\/mobishop-posusje.com\/en\/wp-json\/wp\/v2\/media\/30289"}],"wp:attachment":[{"href":"https:\/\/mobishop-posusje.com\/en\/wp-json\/wp\/v2\/media?parent=28816"}],"wp:term":[{"taxonomy":"product_brand","embeddable":true,"href":"https:\/\/mobishop-posusje.com\/en\/wp-json\/wp\/v2\/product_brand?post=28816"},{"taxonomy":"product_cat","embeddable":true,"href":"https:\/\/mobishop-posusje.com\/en\/wp-json\/wp\/v2\/product_cat?post=28816"},{"taxonomy":"product_tag","embeddable":true,"href":"https:\/\/mobishop-posusje.com\/en\/wp-json\/wp\/v2\/product_tag?post=28816"}],"curies":[{"name":"wp","href":"https:\/\/api.w.org\/{rel}","templated":true}]}}