{"id":28819,"date":"2024-09-03T12:16:44","date_gmt":"2024-09-03T12:16:44","guid":{"rendered":"https:\/\/mobishop-posusje.com\/?post_type=product&#038;p=28819"},"modified":"2025-07-03T19:26:52","modified_gmt":"2025-07-03T19:26:52","slug":"samsung-galaxy-a06-6-128gb","status":"publish","type":"product","link":"https:\/\/mobishop-posusje.com\/en\/svi-proizvodi\/mobiteli-i-oprema\/samsung\/samsung-galaxy-a06-6-128gb\/","title":{"rendered":"Samsung Galaxy A06 6\/128GB"},"content":{"rendered":"","protected":false},"excerpt":{"rendered":"<div class=\"gem-list gem-list-type-check-style-1 gem-list-color-14\">\n<ul>\n   <strong>Dimenzije i te\u017eina:<\/strong><\/p>\n<li>Visina: 167.3 mm<\/li>\n<li>\u0160irina: 77.3 mm<\/li>\n<li>Debljina: 8 mm<\/li>\n<li>Te\u017eina: 189 g<\/li>\n<p><strong>Screen:<\/strong><\/p>\n<li>Veli\u010dina: 6.7 in\u010da<\/li>\n<li>Tip: PLS LCD<\/li>\n<li>Rezolucija: 720 x 1600 piksela<\/li>\n<li>Omjer stranica: 20:9<\/li>\n<li>Gusto\u0107a piksela: 262 PPI<\/li>\n<p><strong>Procesor:<\/strong><\/p>\n<li>Chipset: MediaTek Helio G85 (12 nm)<\/li>\n<li>CPU: Osmojezgreni (2&#215;2.0 GHz Cortex-A75 &#038; 6&#215;1.8 GHz Cortex-A55)<\/li>\n<li>GPU: Mali-G52 MC2<\/li>\n<p><strong>Memorija:<\/strong><\/p>\n<li>RAM: 6GB<\/li>\n<li>Interna memorija: 128GB<\/li>\n<li>Podr\u0161ka za microSDXC karticu<\/li>\n<p><strong>Kamere:<\/strong><\/p>\n<li>Zadnja kamera: 50 MP, f\/1.8, (\u0161iroka), AF + 2 MP, f\/2.4, (dubina)<\/li>\n<li>Selfie kamera: 8 MP, f\/2.0<\/li>\n<p><strong>Operating System:<\/strong><\/p>\n<li>Android 14, sa mogu\u0107no\u0161\u0107u nadogradnje na dve ve\u0107e verzije<\/li>\n<p><strong>Battery:<\/strong><\/p>\n<li>Kapacitet: 5000 mAh<\/li>\n<li>Punjenje: 25W brzo punjenje<\/li>\n<p><strong>Connectivity:<\/strong><\/p>\n<li>Wi-Fi 802.11 a\/b\/g\/n\/ac, dual-band, Wi-Fi Direct<\/li>\n<li>Bluetooth: 5.3, A2DP, LE<\/li>\n<li>GPS: Da, sa A-GPS, GLONASS, GALILEO, BDS<\/li>\n<li>NFC: Ne<\/li>\n<li>USB: USB Type-C 2.0<\/li>\n<p><strong>Other Features:<\/strong><\/p>\n<li>Senzori: Otpisak prsta (sa strane), akcelerometar, senzor blizine, kompas<\/li>\n<li>Boje: Plava, Zlatna, Bijela<\/li>\n<\/ul>\n<\/div>","protected":false},"featured_media":29912,"comment_status":"closed","ping_status":"closed","template":"","meta":{"_themeisle_gutenberg_block_has_review":false},"product_brand":[],"product_cat":[355,368,288],"product_tag":[],"class_list":{"0":"post-28819","1":"product","2":"type-product","3":"status-publish","4":"has-post-thumbnail","6":"product_cat-mobiteli-i-oprema","7":"product_cat-samsung","8":"product_cat-svi-proizvodi","10":"first","11":"instock","12":"sale","13":"featured","14":"purchasable","15":"product-type-simple","16":"add-to-wishlist-after_add_to_cart"},"_links":{"self":[{"href":"https:\/\/mobishop-posusje.com\/en\/wp-json\/wp\/v2\/product\/28819","targetHints":{"allow":["GET"]}}],"collection":[{"href":"https:\/\/mobishop-posusje.com\/en\/wp-json\/wp\/v2\/product"}],"about":[{"href":"https:\/\/mobishop-posusje.com\/en\/wp-json\/wp\/v2\/types\/product"}],"replies":[{"embeddable":true,"href":"https:\/\/mobishop-posusje.com\/en\/wp-json\/wp\/v2\/comments?post=28819"}],"version-history":[{"count":4,"href":"https:\/\/mobishop-posusje.com\/en\/wp-json\/wp\/v2\/product\/28819\/revisions"}],"predecessor-version":[{"id":30044,"href":"https:\/\/mobishop-posusje.com\/en\/wp-json\/wp\/v2\/product\/28819\/revisions\/30044"}],"wp:featuredmedia":[{"embeddable":true,"href":"https:\/\/mobishop-posusje.com\/en\/wp-json\/wp\/v2\/media\/29912"}],"wp:attachment":[{"href":"https:\/\/mobishop-posusje.com\/en\/wp-json\/wp\/v2\/media?parent=28819"}],"wp:term":[{"taxonomy":"product_brand","embeddable":true,"href":"https:\/\/mobishop-posusje.com\/en\/wp-json\/wp\/v2\/product_brand?post=28819"},{"taxonomy":"product_cat","embeddable":true,"href":"https:\/\/mobishop-posusje.com\/en\/wp-json\/wp\/v2\/product_cat?post=28819"},{"taxonomy":"product_tag","embeddable":true,"href":"https:\/\/mobishop-posusje.com\/en\/wp-json\/wp\/v2\/product_tag?post=28819"}],"curies":[{"name":"wp","href":"https:\/\/api.w.org\/{rel}","templated":true}]}}