{"id":28832,"date":"2024-09-04T08:49:40","date_gmt":"2024-09-04T08:49:40","guid":{"rendered":"https:\/\/mobishop-posusje.com\/?post_type=product&#038;p=28832"},"modified":"2025-04-14T10:12:13","modified_gmt":"2025-04-14T10:12:13","slug":"tp-link-ac1900-copy","status":"publish","type":"product","link":"https:\/\/mobishop-posusje.com\/en\/svi-proizvodi\/racunari\/mrezna-oprema-i-hardver\/tp-link-ac1900-copy\/","title":{"rendered":"Mercusys AC10"},"content":{"rendered":"","protected":false},"excerpt":{"rendered":"<div class=\"gem-list gem-list-type-check-style-1 gem-list-color-14\">\n<ul>\n \t<strong>Be\u017ei\u010dne specifikacije:<\/strong><\/p>\n<li>Standardi: IEEE 802.11ac\/n\/a 5 GHz, IEEE 802.11b\/g\/n 2.4 GHz<\/li>\n<li>Frekvencija: Dual Band 2.4 GHz (do 300 Mbps) i 5 GHz (do 867 Mbps)<\/li>\n<li>Tehnologija: MU-MIMO omogu\u0107ava komunikaciju s vi\u0161e ure\u0111aja istovremeno<\/li>\n<p><strong>Antene:<\/strong><\/p>\n<li>\u010cetiri vanjske antene od 5dBi<\/li>\n<li>Tehnologija Beamforming za usmjeravanje signala prema povezanim ure\u0111ajima<\/li>\n<p><strong>Portovi:<\/strong><\/p>\n<li>Full Gigabit portovi za brzu \u017ei\u010dnu konekciju<\/li>\n<p><strong>Security:<\/strong><\/p>\n<li>WPA\/WPA2, WPA-PSK\/WPA2-PSK enkripcija<\/li>\n<li>Napredne roditeljske kontrole za sigurnost i upravljanje pristupom internetu<\/li>\n<p><strong>Mre\u017eni modovi:<\/strong><\/p>\n<li>Router Mode, Access Point Mode, Range Extender Mode<\/li>\n<p><strong>IPTV i IPv6 podr\u0161ka:<\/strong><\/p>\n<li>Optimizacija za streaming aktivnosti preko IGMP Proxy\/Snooping, Bridge i Tag VLAN tehnologije<\/li>\n<p><strong>Dimenzije:<\/strong><\/p>\n<li>114 x 94 x 26 mm<\/li>\n<p><strong>Postavljanje i upravljanje:<\/strong><\/p>\n<li>Jednostavno postavljanje i upravljanje pomo\u0107u MERCUSYS aplikacije<\/li>\n<\/ul>\n<\/div>","protected":false},"featured_media":30083,"comment_status":"closed","ping_status":"closed","template":"","meta":{"_themeisle_gutenberg_block_has_review":false},"product_brand":[],"product_cat":[335,337,288],"product_tag":[],"class_list":{"0":"post-28832","1":"product","2":"type-product","3":"status-publish","4":"has-post-thumbnail","6":"product_cat-racunari","7":"product_cat-mrezna-oprema-i-hardver","8":"product_cat-svi-proizvodi","10":"first","11":"instock","12":"featured","13":"purchasable","14":"product-type-simple","15":"add-to-wishlist-after_add_to_cart"},"_links":{"self":[{"href":"https:\/\/mobishop-posusje.com\/en\/wp-json\/wp\/v2\/product\/28832","targetHints":{"allow":["GET"]}}],"collection":[{"href":"https:\/\/mobishop-posusje.com\/en\/wp-json\/wp\/v2\/product"}],"about":[{"href":"https:\/\/mobishop-posusje.com\/en\/wp-json\/wp\/v2\/types\/product"}],"replies":[{"embeddable":true,"href":"https:\/\/mobishop-posusje.com\/en\/wp-json\/wp\/v2\/comments?post=28832"}],"version-history":[{"count":4,"href":"https:\/\/mobishop-posusje.com\/en\/wp-json\/wp\/v2\/product\/28832\/revisions"}],"predecessor-version":[{"id":28845,"href":"https:\/\/mobishop-posusje.com\/en\/wp-json\/wp\/v2\/product\/28832\/revisions\/28845"}],"wp:featuredmedia":[{"embeddable":true,"href":"https:\/\/mobishop-posusje.com\/en\/wp-json\/wp\/v2\/media\/30083"}],"wp:attachment":[{"href":"https:\/\/mobishop-posusje.com\/en\/wp-json\/wp\/v2\/media?parent=28832"}],"wp:term":[{"taxonomy":"product_brand","embeddable":true,"href":"https:\/\/mobishop-posusje.com\/en\/wp-json\/wp\/v2\/product_brand?post=28832"},{"taxonomy":"product_cat","embeddable":true,"href":"https:\/\/mobishop-posusje.com\/en\/wp-json\/wp\/v2\/product_cat?post=28832"},{"taxonomy":"product_tag","embeddable":true,"href":"https:\/\/mobishop-posusje.com\/en\/wp-json\/wp\/v2\/product_tag?post=28832"}],"curies":[{"name":"wp","href":"https:\/\/api.w.org\/{rel}","templated":true}]}}