{"id":28833,"date":"2024-09-04T08:49:40","date_gmt":"2024-09-04T08:49:40","guid":{"rendered":"https:\/\/mobishop-posusje.com\/?post_type=product&#038;p=28833"},"modified":"2025-04-14T10:13:32","modified_gmt":"2025-04-14T10:13:32","slug":"mercusys-mr30g","status":"publish","type":"product","link":"https:\/\/mobishop-posusje.com\/en\/svi-proizvodi\/racunari\/mrezna-oprema-i-hardver\/mercusys-mr30g\/","title":{"rendered":"Mercusys MR30G"},"content":{"rendered":"","protected":false},"excerpt":{"rendered":"<div class=\"gem-list gem-list-type-check-style-1 gem-list-color-14\">\n<ul>\n \t<strong>Be\u017ei\u010dne specifikacije:<\/strong><\/p>\n<li>Brzina WiFi: Do 1.2 Gbps, podijeljeno kao 867 Mbps na 5 GHz i 300 Mbps na 2.4 GHz<\/li>\n<li>Podr\u0161ka za Dual Band i MU-MIMO tehnologiju za simultano povezivanje vi\u0161e ure\u0111aja<\/li>\n<p><strong>Antene i poja\u010dala signala:<\/strong><\/p>\n<li>\u010cetiri vanjske antene sa poja\u010diva\u010dima signala za bolji doseg i stabilnost<\/li>\n<li>Beamforming tehnologija za usmjeravanje signala direktno ka povezanim ure\u0111ajima<\/li>\n<p><strong>Portovi:<\/strong><\/p>\n<li>\u010cetiri Gigabit Ethernet porta za brze \u017ei\u010dane konekcije<\/li>\n<p><strong>Funkcije upravljanja mre\u017eom:<\/strong><\/p>\n<li>Podr\u0161ka za EasyMesh za kreiranje jedinstvene mre\u017ee u cijelom domu<\/li>\n<li>Napredne roditeljske kontrole i gost mre\u017ea za bolju sigurnost i kontrolu pristupa<\/li>\n<li>QoS (Quality of Service) za prioritizaciju prometa za va\u017ene ure\u0111aje<\/li>\n<p><strong>Instalacija i upravljanje:<\/strong><\/p>\n<li>Jednostavna konfiguracija pomo\u0107u MERCUSYS aplikacije<\/li>\n<\/ul>\n<\/div>","protected":false},"featured_media":30084,"comment_status":"closed","ping_status":"closed","template":"","meta":{"_themeisle_gutenberg_block_has_review":false},"product_brand":[],"product_cat":[335,337,288],"product_tag":[],"class_list":{"0":"post-28833","1":"product","2":"type-product","3":"status-publish","4":"has-post-thumbnail","6":"product_cat-racunari","7":"product_cat-mrezna-oprema-i-hardver","8":"product_cat-svi-proizvodi","10":"first","11":"instock","12":"featured","13":"purchasable","14":"product-type-simple","15":"add-to-wishlist-after_add_to_cart"},"_links":{"self":[{"href":"https:\/\/mobishop-posusje.com\/en\/wp-json\/wp\/v2\/product\/28833","targetHints":{"allow":["GET"]}}],"collection":[{"href":"https:\/\/mobishop-posusje.com\/en\/wp-json\/wp\/v2\/product"}],"about":[{"href":"https:\/\/mobishop-posusje.com\/en\/wp-json\/wp\/v2\/types\/product"}],"replies":[{"embeddable":true,"href":"https:\/\/mobishop-posusje.com\/en\/wp-json\/wp\/v2\/comments?post=28833"}],"version-history":[{"count":3,"href":"https:\/\/mobishop-posusje.com\/en\/wp-json\/wp\/v2\/product\/28833\/revisions"}],"predecessor-version":[{"id":30085,"href":"https:\/\/mobishop-posusje.com\/en\/wp-json\/wp\/v2\/product\/28833\/revisions\/30085"}],"wp:featuredmedia":[{"embeddable":true,"href":"https:\/\/mobishop-posusje.com\/en\/wp-json\/wp\/v2\/media\/30084"}],"wp:attachment":[{"href":"https:\/\/mobishop-posusje.com\/en\/wp-json\/wp\/v2\/media?parent=28833"}],"wp:term":[{"taxonomy":"product_brand","embeddable":true,"href":"https:\/\/mobishop-posusje.com\/en\/wp-json\/wp\/v2\/product_brand?post=28833"},{"taxonomy":"product_cat","embeddable":true,"href":"https:\/\/mobishop-posusje.com\/en\/wp-json\/wp\/v2\/product_cat?post=28833"},{"taxonomy":"product_tag","embeddable":true,"href":"https:\/\/mobishop-posusje.com\/en\/wp-json\/wp\/v2\/product_tag?post=28833"}],"curies":[{"name":"wp","href":"https:\/\/api.w.org\/{rel}","templated":true}]}}