{"id":28846,"date":"2024-09-09T13:07:52","date_gmt":"2024-09-09T13:07:52","guid":{"rendered":"https:\/\/mobishop-posusje.com\/?post_type=product&#038;p=28846"},"modified":"2025-07-03T19:28:32","modified_gmt":"2025-07-03T19:28:32","slug":"apple-airpods-pro-2-type-c","status":"publish","type":"product","link":"https:\/\/mobishop-posusje.com\/en\/svi-proizvodi\/mobiteli-i-oprema\/mobitel-slusalice\/bluetooth-slusalice-mobitel\/apple-airpods-pro-2-type-c\/","title":{"rendered":"Apple AirPods PRO 2 Type C"},"content":{"rendered":"","protected":false},"excerpt":{"rendered":"<div class=\"gem-list gem-list-type-check-style-1 gem-list-color-14\">\n<ul>\n<p><strong>Audio tehnologije:<\/strong><\/p>\n<li>Personalizovani prostorni audio sa dinami\u010dkim pra\u0107enjem glave<\/li>\n<li>Aktivna eliminacija buke i re\u017eim transparentnosti<\/li>\n<li>Adaptivni EQ<\/li>\n<p><strong>Water Resistance:<\/strong><\/p>\n<li>Ocena IPX4 za slu\u0161alice i futrolu<\/li>\n<p><strong>Baterija i punjenje:<\/strong><\/p>\n<li>Do 6 sati slu\u0161anja sa jednim punjenjem uz uklju\u010denu aktivnu eliminaciju buke<\/li>\n<li>MagSafe futrola za punjenje sa USB-C konektorom<\/li>\n<li>Kompatibilno sa MagSafe punja\u010dem, Qi-certificiranim punja\u010dima, ili Apple Watch punja\u010dem<\/li>\n<p><strong>Senori:<\/strong><\/p>\n<li>Senzori sile na dr\u0161ci<\/li>\n<li>Senor pritiska u uhu<\/li>\n<li>Akcelerometar koji detektuje pokret<\/li>\n<li>Akcelerometar koji detektuje govor<\/li>\n<p><strong>Connectivity:<\/strong><\/p>\n<li>Bluetooth 5.3<\/li>\n<p><strong>Kompatibilnost:<\/strong><\/p>\n<li>Kompatibilno sa iOS i iPadOS ure\u0111ajima, Mac ra\u010dunarima sa najnovijim verzijama softvera, i Apple TV 4K<\/li>\n<p><strong>Other Features:<\/strong><\/p>\n<li>Mogu\u0107nost dijeljenja zvuka izme\u0111u dva para AirPods na iPhoneu, iPadu, iPodu touch ili Apple TV<\/li>\n<li>Automatsko prebacivanje izme\u0111u ure\u0111aja<\/li>\n<li>Audio dijeljenje<\/li>\n<\/ul>\n<\/div>","protected":false},"featured_media":29943,"comment_status":"closed","ping_status":"closed","template":"","meta":{"_themeisle_gutenberg_block_has_review":false},"product_brand":[],"product_cat":[355,362,320,316,361,288],"product_tag":[],"class_list":{"0":"post-28846","1":"product","2":"type-product","3":"status-publish","4":"has-post-thumbnail","6":"product_cat-mobiteli-i-oprema","7":"product_cat-bluetooth-slusalice-mobitel","8":"product_cat-bluetooth-slusalice","9":"product_cat-zvucnici-i-slusalice","10":"product_cat-mobitel-slusalice","11":"product_cat-svi-proizvodi","13":"first","14":"instock","15":"purchasable","16":"product-type-simple","17":"add-to-wishlist-after_add_to_cart"},"_links":{"self":[{"href":"https:\/\/mobishop-posusje.com\/en\/wp-json\/wp\/v2\/product\/28846","targetHints":{"allow":["GET"]}}],"collection":[{"href":"https:\/\/mobishop-posusje.com\/en\/wp-json\/wp\/v2\/product"}],"about":[{"href":"https:\/\/mobishop-posusje.com\/en\/wp-json\/wp\/v2\/types\/product"}],"replies":[{"embeddable":true,"href":"https:\/\/mobishop-posusje.com\/en\/wp-json\/wp\/v2\/comments?post=28846"}],"version-history":[{"count":5,"href":"https:\/\/mobishop-posusje.com\/en\/wp-json\/wp\/v2\/product\/28846\/revisions"}],"predecessor-version":[{"id":30064,"href":"https:\/\/mobishop-posusje.com\/en\/wp-json\/wp\/v2\/product\/28846\/revisions\/30064"}],"wp:featuredmedia":[{"embeddable":true,"href":"https:\/\/mobishop-posusje.com\/en\/wp-json\/wp\/v2\/media\/29943"}],"wp:attachment":[{"href":"https:\/\/mobishop-posusje.com\/en\/wp-json\/wp\/v2\/media?parent=28846"}],"wp:term":[{"taxonomy":"product_brand","embeddable":true,"href":"https:\/\/mobishop-posusje.com\/en\/wp-json\/wp\/v2\/product_brand?post=28846"},{"taxonomy":"product_cat","embeddable":true,"href":"https:\/\/mobishop-posusje.com\/en\/wp-json\/wp\/v2\/product_cat?post=28846"},{"taxonomy":"product_tag","embeddable":true,"href":"https:\/\/mobishop-posusje.com\/en\/wp-json\/wp\/v2\/product_tag?post=28846"}],"curies":[{"name":"wp","href":"https:\/\/api.w.org\/{rel}","templated":true}]}}