{"id":28847,"date":"2024-09-09T13:07:54","date_gmt":"2024-09-09T13:07:54","guid":{"rendered":"https:\/\/mobishop-posusje.com\/?post_type=product&#038;p=28847"},"modified":"2025-07-03T19:28:12","modified_gmt":"2025-07-03T19:28:12","slug":"apple-airpods-3rd-generation","status":"publish","type":"product","link":"https:\/\/mobishop-posusje.com\/en\/svi-proizvodi\/mobiteli-i-oprema\/mobitel-slusalice\/bluetooth-slusalice-mobitel\/apple-airpods-3rd-generation\/","title":{"rendered":"Apple AirPods 3rd generation"},"content":{"rendered":"","protected":false},"excerpt":{"rendered":"<div class=\"gem-list gem-list-type-check-style-1 gem-list-color-14\">\n<ul>\n<strong>Audio tehnologije:<\/strong><\/p>\n<li>Prostorni audio sa dinami\u010dkim pra\u0107enjem glave<\/li>\n<li>Adaptivni EQ<\/li>\n<p><strong>Water Resistance:<\/strong><\/p>\n<li>IPX4 ocena, otpornost na znoj i vodu za ne-vodene sportove i ve\u017ebanje<\/li>\n<p><strong>Baterija i punjenje:<\/strong><\/p>\n<li>Do 6 sati slu\u0161anja sa jednim punjenjem<\/li>\n<li>Mogu\u0107nosti punjenja uklju\u010duju MagSafe, be\u017ei\u010dno, i Lightning punjenje<\/li>\n<p><strong>Connectivity:<\/strong><\/p>\n<li>Bluetooth 5.0<\/li>\n<p><strong>Kompatibilnost:<\/strong><\/p>\n<li>Kompatibilno sa ure\u0111ajima koji podr\u017eavaju najnovije verzije iOS, iPadOS, macOS, watchOS i tvOS<\/li>\n<p><strong>Other Features:<\/strong><\/p>\n<li>Podr\u017eava dijeljenje zvuka sa drugim AirPods slu\u0161alicama<\/li>\n<li>Automatsko prebacivanje izme\u0111u ure\u0111aja<\/li>\n<li>Siri aktivacija glasom (&#8220;Hej Siri&#8221;)<\/li>\n<\/ul>\n<\/div>","protected":false},"featured_media":29941,"comment_status":"closed","ping_status":"closed","template":"","meta":{"_themeisle_gutenberg_block_has_review":false},"product_brand":[],"product_cat":[355,362,320,316,361,288],"product_tag":[],"class_list":{"0":"post-28847","1":"product","2":"type-product","3":"status-publish","4":"has-post-thumbnail","6":"product_cat-mobiteli-i-oprema","7":"product_cat-bluetooth-slusalice-mobitel","8":"product_cat-bluetooth-slusalice","9":"product_cat-zvucnici-i-slusalice","10":"product_cat-mobitel-slusalice","11":"product_cat-svi-proizvodi","13":"first","14":"instock","15":"purchasable","16":"product-type-simple","17":"add-to-wishlist-after_add_to_cart"},"_links":{"self":[{"href":"https:\/\/mobishop-posusje.com\/en\/wp-json\/wp\/v2\/product\/28847","targetHints":{"allow":["GET"]}}],"collection":[{"href":"https:\/\/mobishop-posusje.com\/en\/wp-json\/wp\/v2\/product"}],"about":[{"href":"https:\/\/mobishop-posusje.com\/en\/wp-json\/wp\/v2\/types\/product"}],"replies":[{"embeddable":true,"href":"https:\/\/mobishop-posusje.com\/en\/wp-json\/wp\/v2\/comments?post=28847"}],"version-history":[{"count":5,"href":"https:\/\/mobishop-posusje.com\/en\/wp-json\/wp\/v2\/product\/28847\/revisions"}],"predecessor-version":[{"id":30063,"href":"https:\/\/mobishop-posusje.com\/en\/wp-json\/wp\/v2\/product\/28847\/revisions\/30063"}],"wp:featuredmedia":[{"embeddable":true,"href":"https:\/\/mobishop-posusje.com\/en\/wp-json\/wp\/v2\/media\/29941"}],"wp:attachment":[{"href":"https:\/\/mobishop-posusje.com\/en\/wp-json\/wp\/v2\/media?parent=28847"}],"wp:term":[{"taxonomy":"product_brand","embeddable":true,"href":"https:\/\/mobishop-posusje.com\/en\/wp-json\/wp\/v2\/product_brand?post=28847"},{"taxonomy":"product_cat","embeddable":true,"href":"https:\/\/mobishop-posusje.com\/en\/wp-json\/wp\/v2\/product_cat?post=28847"},{"taxonomy":"product_tag","embeddable":true,"href":"https:\/\/mobishop-posusje.com\/en\/wp-json\/wp\/v2\/product_tag?post=28847"}],"curies":[{"name":"wp","href":"https:\/\/api.w.org\/{rel}","templated":true}]}}