{"id":28861,"date":"2024-09-13T09:58:09","date_gmt":"2024-09-13T09:58:09","guid":{"rendered":"https:\/\/mobishop-posusje.com\/?post_type=product&#038;p=28861"},"modified":"2025-07-03T19:29:37","modified_gmt":"2025-07-03T19:29:37","slug":"cubot-king-kong-x-16-256gb","status":"publish","type":"product","link":"https:\/\/mobishop-posusje.com\/en\/svi-proizvodi\/mobiteli-i-oprema\/cubot\/cubot-king-kong-x-16-256gb\/","title":{"rendered":"Cubot King Kong X 16\/256GB"},"content":{"rendered":"","protected":false},"excerpt":{"rendered":"<div class=\"gem-list gem-list-type-check-style-1 gem-list-color-14\">\n<ul>\n   <strong>Procesor:<\/strong><\/p>\n<li>Helio G99-Ultra, TSMC 6nm procesor<\/li>\n<li>Osmojezgreni: 2x Arm Cortex-A76 do 2.2GHz, 6x Arm Cortex-A55 do 2.0GHz<\/li>\n<li>GPU: ARM Mali-G57 MC2<\/li>\n<p><strong>Screen:<\/strong><\/p>\n<li>6.67&#8221; FHD+ Flow AMOLED DotDisplay<\/li>\n<li>Rezolucija: 2400&#215;1080, 394 ppi<\/li>\n<li>Maksimalna svjetlina: 1000 nits (HBM), 1300 nits (peak)<\/li>\n<li>Osve\u017eavanje do 120Hz<\/li>\n<li>Corning Gorilla Glass 5 za\u0161tita<\/li>\n<p><strong>Camera:<\/strong><\/p>\n<li>Zadnje kamere: 64MP glavna + 8MP ultra-\u0161iroka + 2MP makro<\/li>\n<li>Prednja kamera: 16MP<\/li>\n<li>Video snimanje: 1080p pri 30\/60fps, Slow motion video: 120fps, 720p<\/li>\n<p><strong>Memorija i skladi\u0161tenje:<\/strong><\/p>\n<li>RAM: 16GB LPDDR4X<\/li>\n<li>Interna memorija: 256GB UFS 2.2<\/li>\n<li>Podr\u0161ka za MicroSD kartice do 1TB<\/li>\n<p><strong>Baterija i punjenje:<\/strong><\/p>\n<li>Kapacitet baterije: 5000mAh<\/li>\n<li>67W \u017ei\u010dno turbo punjenje, punja\u010d uklju\u010den<\/li>\n<p><strong>Connectivity:<\/strong><\/p>\n<li>5G, 4G LTE, Wi-Fi 802.11a\/b\/g\/n\/ac (2.4G+5GHz), Bluetooth 5.2<\/li>\n<li>USB Type-C<\/li>\n<p><strong>Otpornost:<\/strong><\/p>\n<li>IP54 &#8211; otpornost na prskanje i pra\u0161inu<\/li>\n<p><strong>Audio:<\/strong><\/p>\n<li>Dual speakers, 3.5mm headphone jack, Dolby Atmos, Hi-Res Audio<\/li>\n<p><strong>Operating System:<\/strong><\/p>\n<li>MIUI 14 za POCO<\/li>\n<p><strong>Other Features:<\/strong><\/p>\n<li>Dual SIM: SIM1 + Hybrid (SIM ili MicroSD)<\/li>\n<li>Senzori: Blizina, svjetlo, akcelerometar, kompas, IR blaster, \u017eiroskop<\/li>\n<\/ul>\n<\/div>","protected":false},"featured_media":30097,"comment_status":"closed","ping_status":"closed","template":"","meta":{"_themeisle_gutenberg_block_has_review":false},"product_brand":[],"product_cat":[355,384,288],"product_tag":[],"class_list":{"0":"post-28861","1":"product","2":"type-product","3":"status-publish","4":"has-post-thumbnail","6":"product_cat-mobiteli-i-oprema","7":"product_cat-cubot","8":"product_cat-svi-proizvodi","10":"first","11":"instock","12":"featured","13":"purchasable","14":"product-type-simple","15":"add-to-wishlist-after_add_to_cart"},"_links":{"self":[{"href":"https:\/\/mobishop-posusje.com\/en\/wp-json\/wp\/v2\/product\/28861","targetHints":{"allow":["GET"]}}],"collection":[{"href":"https:\/\/mobishop-posusje.com\/en\/wp-json\/wp\/v2\/product"}],"about":[{"href":"https:\/\/mobishop-posusje.com\/en\/wp-json\/wp\/v2\/types\/product"}],"replies":[{"embeddable":true,"href":"https:\/\/mobishop-posusje.com\/en\/wp-json\/wp\/v2\/comments?post=28861"}],"version-history":[{"count":3,"href":"https:\/\/mobishop-posusje.com\/en\/wp-json\/wp\/v2\/product\/28861\/revisions"}],"predecessor-version":[{"id":30096,"href":"https:\/\/mobishop-posusje.com\/en\/wp-json\/wp\/v2\/product\/28861\/revisions\/30096"}],"wp:featuredmedia":[{"embeddable":true,"href":"https:\/\/mobishop-posusje.com\/en\/wp-json\/wp\/v2\/media\/30097"}],"wp:attachment":[{"href":"https:\/\/mobishop-posusje.com\/en\/wp-json\/wp\/v2\/media?parent=28861"}],"wp:term":[{"taxonomy":"product_brand","embeddable":true,"href":"https:\/\/mobishop-posusje.com\/en\/wp-json\/wp\/v2\/product_brand?post=28861"},{"taxonomy":"product_cat","embeddable":true,"href":"https:\/\/mobishop-posusje.com\/en\/wp-json\/wp\/v2\/product_cat?post=28861"},{"taxonomy":"product_tag","embeddable":true,"href":"https:\/\/mobishop-posusje.com\/en\/wp-json\/wp\/v2\/product_tag?post=28861"}],"curies":[{"name":"wp","href":"https:\/\/api.w.org\/{rel}","templated":true}]}}