{"id":28883,"date":"2024-09-24T09:17:03","date_gmt":"2024-09-24T09:17:03","guid":{"rendered":"https:\/\/mobishop-posusje.com\/?post_type=product&#038;p=28883"},"modified":"2025-07-03T19:28:15","modified_gmt":"2025-07-03T19:28:15","slug":"samsung-galaxy-buds-fe","status":"publish","type":"product","link":"https:\/\/mobishop-posusje.com\/en\/svi-proizvodi\/mobiteli-i-oprema\/mobitel-slusalice\/bluetooth-slusalice-mobitel\/samsung-galaxy-buds-fe\/","title":{"rendered":"Samsung Galaxy Buds FE"},"content":{"rendered":"","protected":false},"excerpt":{"rendered":"<div class=\"gem-list gem-list-type-check-style-1 gem-list-color-14\">\n<ul>\n<strong>Dimenzije i te\u017eina:<\/strong><\/p>\n<p>Dimenzije slu\u0161alica: 17.1 x 19.2 x 22.2 mm, te\u017eina 5.6g svaka.<br \/>\nDimenzije ku\u0107i\u0161ta za punjenje: 50.0 x 27.7 x 50.0 mm, te\u017eina 40.0g.<br \/>\n<strong>Zvu\u010dnik:<\/strong><\/p>\n<p>Jednosmjerni zvu\u010dnik.<br \/>\n<strong>Mikrofoni:<\/strong><\/p>\n<p>Svaka slu\u0161alica ima tri mikrofona (dva vanjska + jedan unutarnji).<br \/>\n<strong>Battery:<\/strong><\/p>\n<p>Kapacitet baterije slu\u0161alica: 60mAh.<br \/>\nKapacitet baterije ku\u0107i\u0161ta: 479mAh.<br \/>\nVrijeme reprodukcije: Do 6 sati s uklju\u010denim ANC, ukupno do 21 sat uz ku\u0107i\u0161te; do 8.5 sati bez ANC, ukupno do 30 sati uz ku\u0107i\u0161te.<br \/>\nVrijeme razgovora: Do 3.5 sati s uklju\u010denim ANC, ukupno do 13 sati uz ku\u0107i\u0161te; do 4 sata bez ANC, ukupno do 14 sati uz ku\u0107i\u0161te.<br \/>\n<strong>Connectivity:<\/strong><\/p>\n<p>Bluetooth 5.2 s funkcijom Auto Switch za automatsko prebacivanje izme\u0111u ure\u0111aja.<br \/>\n<strong>Kompatibilnost:<\/strong><\/p>\n<p>Kompatibilno s Android ure\u0111ajima koji imaju 8.0 ili noviji OS i vi\u0161e od 1.5GB RAM-a.<br \/>\n<strong>Other Features:<\/strong><\/p>\n<p>Active Noise Cancellation (ANC) za smanjenje buke iz okoline.<br \/>\nSenzori: senzor blizine, senzor dvorane, senzor dodira.\n<\/ul>\n<\/div>","protected":false},"featured_media":29939,"comment_status":"closed","ping_status":"closed","template":"","meta":{"_themeisle_gutenberg_block_has_review":false},"product_brand":[],"product_cat":[355,362,320,316,361,288],"product_tag":[],"class_list":{"0":"post-28883","1":"product","2":"type-product","3":"status-publish","4":"has-post-thumbnail","6":"product_cat-mobiteli-i-oprema","7":"product_cat-bluetooth-slusalice-mobitel","8":"product_cat-bluetooth-slusalice","9":"product_cat-zvucnici-i-slusalice","10":"product_cat-mobitel-slusalice","11":"product_cat-svi-proizvodi","13":"first","14":"instock","15":"featured","16":"purchasable","17":"product-type-simple","18":"add-to-wishlist-after_add_to_cart"},"_links":{"self":[{"href":"https:\/\/mobishop-posusje.com\/en\/wp-json\/wp\/v2\/product\/28883","targetHints":{"allow":["GET"]}}],"collection":[{"href":"https:\/\/mobishop-posusje.com\/en\/wp-json\/wp\/v2\/product"}],"about":[{"href":"https:\/\/mobishop-posusje.com\/en\/wp-json\/wp\/v2\/types\/product"}],"replies":[{"embeddable":true,"href":"https:\/\/mobishop-posusje.com\/en\/wp-json\/wp\/v2\/comments?post=28883"}],"version-history":[{"count":4,"href":"https:\/\/mobishop-posusje.com\/en\/wp-json\/wp\/v2\/product\/28883\/revisions"}],"predecessor-version":[{"id":29938,"href":"https:\/\/mobishop-posusje.com\/en\/wp-json\/wp\/v2\/product\/28883\/revisions\/29938"}],"wp:featuredmedia":[{"embeddable":true,"href":"https:\/\/mobishop-posusje.com\/en\/wp-json\/wp\/v2\/media\/29939"}],"wp:attachment":[{"href":"https:\/\/mobishop-posusje.com\/en\/wp-json\/wp\/v2\/media?parent=28883"}],"wp:term":[{"taxonomy":"product_brand","embeddable":true,"href":"https:\/\/mobishop-posusje.com\/en\/wp-json\/wp\/v2\/product_brand?post=28883"},{"taxonomy":"product_cat","embeddable":true,"href":"https:\/\/mobishop-posusje.com\/en\/wp-json\/wp\/v2\/product_cat?post=28883"},{"taxonomy":"product_tag","embeddable":true,"href":"https:\/\/mobishop-posusje.com\/en\/wp-json\/wp\/v2\/product_tag?post=28883"}],"curies":[{"name":"wp","href":"https:\/\/api.w.org\/{rel}","templated":true}]}}