{"id":28890,"date":"2024-09-27T08:47:44","date_gmt":"2024-09-27T08:47:44","guid":{"rendered":"https:\/\/mobishop-posusje.com\/?post_type=product&#038;p=28890"},"modified":"2025-11-28T12:29:16","modified_gmt":"2025-11-28T12:29:16","slug":"xiaomi-robot-x20","status":"publish","type":"product","link":"https:\/\/mobishop-posusje.com\/en\/svi-proizvodi\/mali-kucni-aparati\/robot-usisivaci\/xiaomi-robot-x20\/","title":{"rendered":"Xiaomi Robot Usisiva\u010d X20+"},"content":{"rendered":"","protected":false},"excerpt":{"rendered":"<div class=\"gem-list gem-list-type-check-style-1 gem-list-color-14\">\n<ul>\n<strong>Dimenzije:<\/strong><\/p>\n<li>Dimenzije robota: 350 x 350 x 97 mm<\/li>\n<li>Te\u017eina robota: 3.67 kg<\/li>\n<li>Dimenzije stanice: 586 x 427 x 340 mm<\/li>\n<p><strong>Performanse:<\/strong><\/p>\n<li>Snaga usisavanja: 6000Pa<\/li>\n<li>Napon: 14.4V<\/li>\n<li>Snaga: 75W tijekom \u010di\u0161\u0107enja, 1000W tijekom pra\u017enjenja pra\u0161ine, 30W tijekom su\u0161enja zraka i punjenja<\/li>\n<p><strong>Navigacija i senzori:<\/strong><\/p>\n<li>Advanced LDS laserska navigacija<\/li>\n<li>Senzori za izbjegavanje prepreka<\/li>\n<p><strong>Funkcije \u010di\u0161\u0107enja:<\/strong><\/p>\n<li>Automatsko pranje mop podlo\u017eaka<\/li>\n<li>Automatsko pra\u017enjenje pra\u0161ine i dvostruka cirkulacija zraka<\/li>\n<li>Automatsko su\u0161enje zrakom<\/li>\n<p><strong>Kapaciteti:<\/strong><\/p>\n<li>Rezervoar za \u010distu vodu: 4L<\/li>\n<li>Rezervoar za prljavu vodu: 4L<\/li>\n<li>Torba za pra\u0161inu: 2.5L<\/li>\n<p><strong>Battery:<\/strong><\/p>\n<li>Navedeno nije specifi\u010dno vrijeme trajanja baterije ili kapacitet<\/li>\n<p><strong>Other Features:<\/strong><\/p>\n<li>Podr\u0161ka za Wi-Fi povezivanje i upravljanje putem aplikacije<\/li>\n<\/ul>\n<\/div>","protected":false},"featured_media":29831,"comment_status":"closed","ping_status":"closed","template":"","meta":{"_themeisle_gutenberg_block_has_review":false},"product_brand":[],"product_cat":[314,309,288],"product_tag":[],"class_list":{"0":"post-28890","1":"product","2":"type-product","3":"status-publish","4":"has-post-thumbnail","6":"product_cat-robot-usisivaci","7":"product_cat-mali-kucni-aparati","8":"product_cat-svi-proizvodi","10":"first","11":"instock","12":"featured","13":"shipping-taxable","14":"purchasable","15":"product-type-simple","16":"add-to-wishlist-after_add_to_cart"},"_links":{"self":[{"href":"https:\/\/mobishop-posusje.com\/en\/wp-json\/wp\/v2\/product\/28890","targetHints":{"allow":["GET"]}}],"collection":[{"href":"https:\/\/mobishop-posusje.com\/en\/wp-json\/wp\/v2\/product"}],"about":[{"href":"https:\/\/mobishop-posusje.com\/en\/wp-json\/wp\/v2\/types\/product"}],"replies":[{"embeddable":true,"href":"https:\/\/mobishop-posusje.com\/en\/wp-json\/wp\/v2\/comments?post=28890"}],"version-history":[{"count":5,"href":"https:\/\/mobishop-posusje.com\/en\/wp-json\/wp\/v2\/product\/28890\/revisions"}],"predecessor-version":[{"id":30690,"href":"https:\/\/mobishop-posusje.com\/en\/wp-json\/wp\/v2\/product\/28890\/revisions\/30690"}],"wp:featuredmedia":[{"embeddable":true,"href":"https:\/\/mobishop-posusje.com\/en\/wp-json\/wp\/v2\/media\/29831"}],"wp:attachment":[{"href":"https:\/\/mobishop-posusje.com\/en\/wp-json\/wp\/v2\/media?parent=28890"}],"wp:term":[{"taxonomy":"product_brand","embeddable":true,"href":"https:\/\/mobishop-posusje.com\/en\/wp-json\/wp\/v2\/product_brand?post=28890"},{"taxonomy":"product_cat","embeddable":true,"href":"https:\/\/mobishop-posusje.com\/en\/wp-json\/wp\/v2\/product_cat?post=28890"},{"taxonomy":"product_tag","embeddable":true,"href":"https:\/\/mobishop-posusje.com\/en\/wp-json\/wp\/v2\/product_tag?post=28890"}],"curies":[{"name":"wp","href":"https:\/\/api.w.org\/{rel}","templated":true}]}}