{"id":28896,"date":"2024-09-27T08:54:38","date_gmt":"2024-09-27T08:54:38","guid":{"rendered":"https:\/\/mobishop-posusje.com\/?post_type=product&#038;p=28896"},"modified":"2025-07-03T19:23:00","modified_gmt":"2025-07-03T19:23:00","slug":"xiaomi-g10","status":"publish","type":"product","link":"https:\/\/mobishop-posusje.com\/en\/svi-proizvodi\/mali-kucni-aparati\/stapni-usisivaci\/xiaomi-g10\/","title":{"rendered":"Xiaomi \u0160tapni Usisiva\u010d G10+"},"content":{"rendered":"","protected":false},"excerpt":{"rendered":"<div class=\"gem-list gem-list-type-check-style-1 gem-list-color-14\">\n<ul>\n<strong>Dimenzije i te\u017eina:<\/strong><\/p>\n<li>Dimenzije usisiva\u010da: 1286 x 214 x 256 mm<\/li>\n<li>Te\u017eina usisiva\u010da: 4.2 kg<\/li>\n<p><strong>Snaga i performanse:<\/strong><\/p>\n<li>Napon: 25.2V<\/li>\n<li>Snaga: 425W<\/li>\n<li>Kapacitet baterije: 3000mAh (nominalno), 2800mAh (ocjenjeno)<\/li>\n<li>Vrijeme punjenja: pribli\u017eno 4 sata<\/li>\n<li>Kapacitet spremnika za pra\u0161inu: 0.6L<\/li>\n<p><strong>\u010ci\u0161\u0107enje:<\/strong><\/p>\n<li>Maksimalna snaga usisavanja: 150 AW<\/li>\n<li>Broj obrtaja motora: 108,000 RPM visokobrzinski bez\u010detkasti motor<\/li>\n<li>12-konusni sistem ciklonskog razdvajanja pra\u0161ine<\/li>\n<li>Blokiranje sitne pra\u0161ine do 99.9% sa petostepenim sistemom filtracije<\/li>\n<li>Vakuum i mop funkcija za istovremeno \u010di\u0161\u0107enje pra\u0161ine i vodenih mrlja<\/li>\n<li>Veli\u010dina spremnika za vodu: 250 mL<\/li>\n<p><strong>Dodaci i karakteristike:<\/strong><\/p>\n<li>Visokokvalitetno LED operativno su\u010delje<\/li>\n<li>Jedinstveni dizajn kota\u010di\u0107a za lako kretanje preko tepiha<\/li>\n<li>Mini elektri\u010dna \u010detka za u\u010dinkovito uklanjanje grinja i peruti<\/li>\n<li>Protiv-zapetljavanje dizajn \u010detke na tlu i elektri\u010dne \u010detke<\/li>\n<li>Dva ekskluzivna ravna usisna nastavka za temeljito \u010di\u0161\u0107enje povr\u0161ina namje\u0161taja<\/li>\n<li>Jednostavno zamjenjiva baterija sa jednim dugmetom<\/li>\n<\/ul>\n<\/div>","protected":false},"featured_media":29829,"comment_status":"closed","ping_status":"closed","template":"","meta":{"_themeisle_gutenberg_block_has_review":false},"product_brand":[],"product_cat":[315,309,288],"product_tag":[],"class_list":{"0":"post-28896","1":"product","2":"type-product","3":"status-publish","4":"has-post-thumbnail","6":"product_cat-stapni-usisivaci","7":"product_cat-mali-kucni-aparati","8":"product_cat-svi-proizvodi","10":"first","11":"instock","12":"featured","13":"shipping-taxable","14":"purchasable","15":"product-type-simple","16":"add-to-wishlist-after_add_to_cart"},"_links":{"self":[{"href":"https:\/\/mobishop-posusje.com\/en\/wp-json\/wp\/v2\/product\/28896","targetHints":{"allow":["GET"]}}],"collection":[{"href":"https:\/\/mobishop-posusje.com\/en\/wp-json\/wp\/v2\/product"}],"about":[{"href":"https:\/\/mobishop-posusje.com\/en\/wp-json\/wp\/v2\/types\/product"}],"replies":[{"embeddable":true,"href":"https:\/\/mobishop-posusje.com\/en\/wp-json\/wp\/v2\/comments?post=28896"}],"version-history":[{"count":4,"href":"https:\/\/mobishop-posusje.com\/en\/wp-json\/wp\/v2\/product\/28896\/revisions"}],"predecessor-version":[{"id":30675,"href":"https:\/\/mobishop-posusje.com\/en\/wp-json\/wp\/v2\/product\/28896\/revisions\/30675"}],"wp:featuredmedia":[{"embeddable":true,"href":"https:\/\/mobishop-posusje.com\/en\/wp-json\/wp\/v2\/media\/29829"}],"wp:attachment":[{"href":"https:\/\/mobishop-posusje.com\/en\/wp-json\/wp\/v2\/media?parent=28896"}],"wp:term":[{"taxonomy":"product_brand","embeddable":true,"href":"https:\/\/mobishop-posusje.com\/en\/wp-json\/wp\/v2\/product_brand?post=28896"},{"taxonomy":"product_cat","embeddable":true,"href":"https:\/\/mobishop-posusje.com\/en\/wp-json\/wp\/v2\/product_cat?post=28896"},{"taxonomy":"product_tag","embeddable":true,"href":"https:\/\/mobishop-posusje.com\/en\/wp-json\/wp\/v2\/product_tag?post=28896"}],"curies":[{"name":"wp","href":"https:\/\/api.w.org\/{rel}","templated":true}]}}