{"id":28981,"date":"2024-10-08T14:35:03","date_gmt":"2024-10-08T14:35:03","guid":{"rendered":"https:\/\/mobishop-posusje.com\/?post_type=product&#038;p=28981"},"modified":"2025-04-23T14:59:37","modified_gmt":"2025-04-23T14:59:37","slug":"t8-4g","status":"publish","type":"product","link":"https:\/\/mobishop-posusje.com\/en\/svi-proizvodi\/pametni-satovi\/deciji-satovi\/t8-4g\/","title":{"rendered":"T8 4G"},"content":{"rendered":"","protected":false},"excerpt":{"rendered":"<div class=\"gem-list gem-list-type-check-style-1 gem-list-color-14\">\n<ul>\n   <strong>Displej:<\/strong><\/p>\n<li>Veli\u010dina: 1.54 in\u010da<\/li>\n<li>Tip: IPS kapacitivni ekran<\/li>\n<li>Rezolucija: 240 x 240 piksela<\/li>\n<p><strong>Procesor:<\/strong><\/p>\n<li>Model: MTK6261D<\/li>\n<p><strong>Povezivanje i mre\u017ea:<\/strong><\/p>\n<li>SIM kartica: Podr\u017eava jednu standardnu SIM karticu (GSM)<\/li>\n<li>Bluetooth verzija: 3.0\/4.0<\/li>\n<li>Domet Bluetooth-a: 0-10 metara<\/li>\n<p><strong>Battery:<\/strong><\/p>\n<li>Kapacitet: 280 mAh<\/li>\n<li>Punjenje: DC5V putem micro USB interfejsa<\/li>\n<p><strong>Funkcije:<\/strong><\/p>\n<li>Podr\u017eava telefonske pozive putem SIM kartice ili Bluetooth veze<\/li>\n<li>Kamera: Ugra\u0111ena kamera od 2.0 MP<\/li>\n<li>Funkcije za pra\u0107enje zdravlja: Pedometar, pra\u0107enje sna, podsjetnik za kretanje<\/li>\n<li>Podr\u0161ka za aplikacije poput Facebook-a, WhatsApp-a i drugih putem Bluetooth veze<\/li>\n<p><strong>Dizajn:<\/strong><\/p>\n<li>Materijal: Metalno ku\u0107i\u0161te s PU trakom<\/li>\n<li>Veli\u010dina ku\u0107i\u0161ta: 45 x 53 x 12 mm<\/li>\n<li>Boje: Crna, plava, bijela (dostupno u vi\u0161e opcija)<\/li>\n<\/ul>\n<\/div>","protected":false},"featured_media":30285,"comment_status":"closed","ping_status":"closed","template":"","meta":{"_themeisle_gutenberg_block_has_review":false},"product_brand":[],"product_cat":[346,401,288],"product_tag":[],"class_list":{"0":"post-28981","1":"product","2":"type-product","3":"status-publish","4":"has-post-thumbnail","6":"product_cat-pametni-satovi","7":"product_cat-deciji-satovi","8":"product_cat-svi-proizvodi","10":"first","11":"instock","12":"featured","13":"purchasable","14":"product-type-simple","15":"add-to-wishlist-after_add_to_cart"},"_links":{"self":[{"href":"https:\/\/mobishop-posusje.com\/en\/wp-json\/wp\/v2\/product\/28981","targetHints":{"allow":["GET"]}}],"collection":[{"href":"https:\/\/mobishop-posusje.com\/en\/wp-json\/wp\/v2\/product"}],"about":[{"href":"https:\/\/mobishop-posusje.com\/en\/wp-json\/wp\/v2\/types\/product"}],"replies":[{"embeddable":true,"href":"https:\/\/mobishop-posusje.com\/en\/wp-json\/wp\/v2\/comments?post=28981"}],"version-history":[{"count":2,"href":"https:\/\/mobishop-posusje.com\/en\/wp-json\/wp\/v2\/product\/28981\/revisions"}],"predecessor-version":[{"id":30286,"href":"https:\/\/mobishop-posusje.com\/en\/wp-json\/wp\/v2\/product\/28981\/revisions\/30286"}],"wp:featuredmedia":[{"embeddable":true,"href":"https:\/\/mobishop-posusje.com\/en\/wp-json\/wp\/v2\/media\/30285"}],"wp:attachment":[{"href":"https:\/\/mobishop-posusje.com\/en\/wp-json\/wp\/v2\/media?parent=28981"}],"wp:term":[{"taxonomy":"product_brand","embeddable":true,"href":"https:\/\/mobishop-posusje.com\/en\/wp-json\/wp\/v2\/product_brand?post=28981"},{"taxonomy":"product_cat","embeddable":true,"href":"https:\/\/mobishop-posusje.com\/en\/wp-json\/wp\/v2\/product_cat?post=28981"},{"taxonomy":"product_tag","embeddable":true,"href":"https:\/\/mobishop-posusje.com\/en\/wp-json\/wp\/v2\/product_tag?post=28981"}],"curies":[{"name":"wp","href":"https:\/\/api.w.org\/{rel}","templated":true}]}}