{"id":29008,"date":"2024-10-22T10:52:57","date_gmt":"2024-10-22T10:52:57","guid":{"rendered":"https:\/\/mobishop-posusje.com\/?post_type=product&#038;p=29008"},"modified":"2025-04-24T06:47:52","modified_gmt":"2025-04-24T06:47:52","slug":"xiaomi-g34wqi","status":"publish","type":"product","link":"https:\/\/mobishop-posusje.com\/en\/svi-proizvodi\/racunari\/monitori\/xiaomi-g34wqi\/","title":{"rendered":"Xiaomi G34WQi"},"content":{"rendered":"","protected":false},"excerpt":{"rendered":"<div class=\"gem-list gem-list-type-check-style-1 gem-list-color-14\">\n<ul>\n    <strong>Displej:<\/strong><\/p>\n<li>Veli\u010dina: 34 in\u010da<\/li>\n<li>Tip: VA panel<\/li>\n<li>Rezolucija: 3440 x 1440 piksela<\/li>\n<li>Osvje\u017eavanje: 180 Hz<\/li>\n<li>Odnos stranica: 21:9<\/li>\n<li>Zakrivljenost: 1500R<\/li>\n<li>Svjetlina: 350 cd\/m\u00b2<\/li>\n<li>Kontrast: 4000:1<\/li>\n<li>Vrijeme odziva: 1ms (MPRT)<\/li>\n<p><strong>Boje i prikaz:<\/strong><\/p>\n<li>Pokri\u0107e spektra: 100% sRGB, 95% DCI-P3<\/li>\n<li>Profesionalna preciznost boja: \u0394E<2<\/li>\n<li>T\u00dcV Low Blue Light i Flicker-Free sertifikati za za\u0161titu o\u010diju<\/li>\n<p><strong>Connectivity:<\/strong><\/p>\n<li>2x HDMI 2.0<\/li>\n<li>2x DisplayPort 1.4<\/li>\n<li>3.5 mm izlaz za slu\u0161alice<\/li>\n<p><strong>Ergonomija:<\/strong><\/p>\n<li>Pode\u0161avanje visine: Da (120mm)<\/li>\n<li>Nagib: -5\u00b0 do +21\u00b0<\/li>\n<li>Rotacija: Da, 20\u00b0 lijevo\/desno<\/li>\n<li>VESA monta\u017ea: Da (75 x 75 mm)<\/li>\n<p><strong>Other Features:<\/strong><\/p>\n<li>FreeSync Premium tehnologija za eliminaciju kidanja slike<\/li>\n<li>Te\u017eina s postoljem: 6.9 kg<\/li>\n<\/ul>\n<\/div>","protected":false},"featured_media":30336,"comment_status":"closed","ping_status":"closed","template":"","meta":{"_themeisle_gutenberg_block_has_review":false},"product_brand":[],"product_cat":[335,343,288],"product_tag":[],"class_list":{"0":"post-29008","1":"product","2":"type-product","3":"status-publish","4":"has-post-thumbnail","6":"product_cat-racunari","7":"product_cat-monitori","8":"product_cat-svi-proizvodi","10":"first","11":"instock","12":"purchasable","13":"product-type-simple","14":"add-to-wishlist-after_add_to_cart"},"_links":{"self":[{"href":"https:\/\/mobishop-posusje.com\/en\/wp-json\/wp\/v2\/product\/29008","targetHints":{"allow":["GET"]}}],"collection":[{"href":"https:\/\/mobishop-posusje.com\/en\/wp-json\/wp\/v2\/product"}],"about":[{"href":"https:\/\/mobishop-posusje.com\/en\/wp-json\/wp\/v2\/types\/product"}],"replies":[{"embeddable":true,"href":"https:\/\/mobishop-posusje.com\/en\/wp-json\/wp\/v2\/comments?post=29008"}],"version-history":[{"count":2,"href":"https:\/\/mobishop-posusje.com\/en\/wp-json\/wp\/v2\/product\/29008\/revisions"}],"predecessor-version":[{"id":29011,"href":"https:\/\/mobishop-posusje.com\/en\/wp-json\/wp\/v2\/product\/29008\/revisions\/29011"}],"wp:featuredmedia":[{"embeddable":true,"href":"https:\/\/mobishop-posusje.com\/en\/wp-json\/wp\/v2\/media\/30336"}],"wp:attachment":[{"href":"https:\/\/mobishop-posusje.com\/en\/wp-json\/wp\/v2\/media?parent=29008"}],"wp:term":[{"taxonomy":"product_brand","embeddable":true,"href":"https:\/\/mobishop-posusje.com\/en\/wp-json\/wp\/v2\/product_brand?post=29008"},{"taxonomy":"product_cat","embeddable":true,"href":"https:\/\/mobishop-posusje.com\/en\/wp-json\/wp\/v2\/product_cat?post=29008"},{"taxonomy":"product_tag","embeddable":true,"href":"https:\/\/mobishop-posusje.com\/en\/wp-json\/wp\/v2\/product_tag?post=29008"}],"curies":[{"name":"wp","href":"https:\/\/api.w.org\/{rel}","templated":true}]}}