{"id":29017,"date":"2024-10-30T17:36:22","date_gmt":"2024-10-30T17:36:22","guid":{"rendered":"https:\/\/mobishop-posusje.com\/?post_type=product&#038;p=29017"},"modified":"2025-04-16T08:06:40","modified_gmt":"2025-04-16T08:06:40","slug":"xiaomi-sound-outdoor-30w","status":"publish","type":"product","link":"https:\/\/mobishop-posusje.com\/en\/svi-proizvodi\/zvucnici-i-slusalice\/bluetooth-zvucnici\/xiaomi-sound-outdoor-30w\/","title":{"rendered":"Xiaomi Sound Outdoor 30W"},"content":{"rendered":"","protected":false},"excerpt":{"rendered":"<div class=\"gem-list gem-list-type-check-style-1 gem-list-color-14\">\n<ul>\n  <strong>Weight:<\/strong><\/p>\n<li>598 g<\/li>\n<p><strong>Maksimalno vrijeme reprodukcije:<\/strong><\/p>\n<li>Do 12 sati na 50% ja\u010dine zvuka<\/li>\n<p><strong>Otpornost na vodu i pra\u0161inu:<\/strong><\/p>\n<li>IP67 certifikat (otpornost na pra\u0161inu i vodu)<\/li>\n<p><strong>Bluetooth verzija:<\/strong><\/p>\n<li>5.4<\/li>\n<p><strong>Snaga zvu\u010dnika:<\/strong><\/p>\n<li>30 W sa subwooferom i dvostrukim pasivnim radijatorima<\/li>\n<p><strong>Dodatne funkcije:<\/strong><\/p>\n<li>Povezivanje u stereo par s drugim ure\u0111ajem i mogu\u0107nost povezivanja do 100 zvu\u010dnika<\/li>\n<\/ul>\n<\/div>","protected":false},"featured_media":30594,"comment_status":"closed","ping_status":"closed","template":"","meta":{"_themeisle_gutenberg_block_has_review":false},"product_brand":[],"product_cat":[318,316,288],"product_tag":[],"class_list":{"0":"post-29017","1":"product","2":"type-product","3":"status-publish","4":"has-post-thumbnail","6":"product_cat-bluetooth-zvucnici","7":"product_cat-zvucnici-i-slusalice","8":"product_cat-svi-proizvodi","10":"first","11":"instock","12":"featured","13":"purchasable","14":"product-type-simple","15":"add-to-wishlist-after_add_to_cart"},"_links":{"self":[{"href":"https:\/\/mobishop-posusje.com\/en\/wp-json\/wp\/v2\/product\/29017","targetHints":{"allow":["GET"]}}],"collection":[{"href":"https:\/\/mobishop-posusje.com\/en\/wp-json\/wp\/v2\/product"}],"about":[{"href":"https:\/\/mobishop-posusje.com\/en\/wp-json\/wp\/v2\/types\/product"}],"replies":[{"embeddable":true,"href":"https:\/\/mobishop-posusje.com\/en\/wp-json\/wp\/v2\/comments?post=29017"}],"version-history":[{"count":2,"href":"https:\/\/mobishop-posusje.com\/en\/wp-json\/wp\/v2\/product\/29017\/revisions"}],"predecessor-version":[{"id":29020,"href":"https:\/\/mobishop-posusje.com\/en\/wp-json\/wp\/v2\/product\/29017\/revisions\/29020"}],"wp:featuredmedia":[{"embeddable":true,"href":"https:\/\/mobishop-posusje.com\/en\/wp-json\/wp\/v2\/media\/30594"}],"wp:attachment":[{"href":"https:\/\/mobishop-posusje.com\/en\/wp-json\/wp\/v2\/media?parent=29017"}],"wp:term":[{"taxonomy":"product_brand","embeddable":true,"href":"https:\/\/mobishop-posusje.com\/en\/wp-json\/wp\/v2\/product_brand?post=29017"},{"taxonomy":"product_cat","embeddable":true,"href":"https:\/\/mobishop-posusje.com\/en\/wp-json\/wp\/v2\/product_cat?post=29017"},{"taxonomy":"product_tag","embeddable":true,"href":"https:\/\/mobishop-posusje.com\/en\/wp-json\/wp\/v2\/product_tag?post=29017"}],"curies":[{"name":"wp","href":"https:\/\/api.w.org\/{rel}","templated":true}]}}