{"id":29075,"date":"2024-11-13T09:27:12","date_gmt":"2024-11-13T09:27:12","guid":{"rendered":"https:\/\/mobishop-posusje.com\/?post_type=product&#038;p=29075"},"modified":"2025-05-20T15:09:55","modified_gmt":"2025-05-20T15:09:55","slug":"ps5-access-controller","status":"publish","type":"product","link":"https:\/\/mobishop-posusje.com\/en\/svi-proizvodi\/gaming\/playstation\/joystici\/ps5-access-controller\/","title":{"rendered":"PS5 Access Controller"},"content":{"rendered":"","protected":false},"excerpt":{"rendered":"<div class=\"gem-list gem-list-type-check-style-1 gem-list-color-14\">\n<ul>\n    <strong>Dimenzije i te\u017eina:<\/strong><\/p>\n<li>\u0160irina: 191 mm<\/li>\n<li>Visina: 39 mm<\/li>\n<li>Du\u017eina: 141 mm<\/li>\n<li>Te\u017eina: 322 g<\/li>\n<p><strong>Tipke i kapice:<\/strong><\/p>\n<li>19 zamjenjivih tipki razli\u010ditih oblika i veli\u010dina<\/li>\n<li>3 zamjenjive kapice za analogne palice (standardna, kupolasta i kuglasta)<\/li>\n<p><strong>Priklju\u010dci:<\/strong><\/p>\n<li>4 AUX 3.5 mm porta za povezivanje dodatnih tipki i prekida\u010da<\/li>\n<li>USB Type-C port za punjenje i povezivanje<\/li>\n<p><strong>Battery:<\/strong><\/p>\n<li>Interna punjiva baterija<\/li>\n<li>Vrijeme punjenja: pribli\u017eno 2.5 sata<\/li>\n<li>Vrijeme rada: do 12 sati kontinuirane upotrebe<\/li>\n<p><strong>Connectivity:<\/strong><\/p>\n<li>Be\u017ei\u010dna veza s PS5 konzolom putem Bluetootha<\/li>\n<li>Mogu\u0107nost povezivanja do dva Access kontrolera i jednog DualSense kontrolera za zajedni\u010dko kori\u0161tenje<\/li>\n<p><strong>Kompatibilnost:<\/strong><\/p>\n<li>Kompatibilan sa svim PS5 igrama<\/li>\n<li>Podr\u0161ka za prilagodljive profile i mapiranje tipki putem PS5 konzole<\/li>\n<\/ul>\n<\/div>","protected":false},"featured_media":30518,"comment_status":"closed","ping_status":"closed","template":"","meta":{"_themeisle_gutenberg_block_has_review":false},"product_brand":[],"product_cat":[329,333,325,288],"product_tag":[],"class_list":{"0":"post-29075","1":"product","2":"type-product","3":"status-publish","4":"has-post-thumbnail","6":"product_cat-playstation","7":"product_cat-joystici","8":"product_cat-gaming","9":"product_cat-svi-proizvodi","11":"first","12":"instock","13":"featured","14":"purchasable","15":"product-type-simple","16":"add-to-wishlist-after_add_to_cart"},"_links":{"self":[{"href":"https:\/\/mobishop-posusje.com\/en\/wp-json\/wp\/v2\/product\/29075","targetHints":{"allow":["GET"]}}],"collection":[{"href":"https:\/\/mobishop-posusje.com\/en\/wp-json\/wp\/v2\/product"}],"about":[{"href":"https:\/\/mobishop-posusje.com\/en\/wp-json\/wp\/v2\/types\/product"}],"replies":[{"embeddable":true,"href":"https:\/\/mobishop-posusje.com\/en\/wp-json\/wp\/v2\/comments?post=29075"}],"version-history":[{"count":1,"href":"https:\/\/mobishop-posusje.com\/en\/wp-json\/wp\/v2\/product\/29075\/revisions"}],"predecessor-version":[{"id":29077,"href":"https:\/\/mobishop-posusje.com\/en\/wp-json\/wp\/v2\/product\/29075\/revisions\/29077"}],"wp:featuredmedia":[{"embeddable":true,"href":"https:\/\/mobishop-posusje.com\/en\/wp-json\/wp\/v2\/media\/30518"}],"wp:attachment":[{"href":"https:\/\/mobishop-posusje.com\/en\/wp-json\/wp\/v2\/media?parent=29075"}],"wp:term":[{"taxonomy":"product_brand","embeddable":true,"href":"https:\/\/mobishop-posusje.com\/en\/wp-json\/wp\/v2\/product_brand?post=29075"},{"taxonomy":"product_cat","embeddable":true,"href":"https:\/\/mobishop-posusje.com\/en\/wp-json\/wp\/v2\/product_cat?post=29075"},{"taxonomy":"product_tag","embeddable":true,"href":"https:\/\/mobishop-posusje.com\/en\/wp-json\/wp\/v2\/product_tag?post=29075"}],"curies":[{"name":"wp","href":"https:\/\/api.w.org\/{rel}","templated":true}]}}