{"id":29087,"date":"2024-11-13T09:41:37","date_gmt":"2024-11-13T09:41:37","guid":{"rendered":"https:\/\/mobishop-posusje.com\/?post_type=product&#038;p=29087"},"modified":"2025-04-16T07:59:12","modified_gmt":"2025-04-16T07:59:12","slug":"jbl-xtreme-4","status":"publish","type":"product","link":"https:\/\/mobishop-posusje.com\/en\/svi-proizvodi\/zvucnici-i-slusalice\/bluetooth-zvucnici\/jbl-xtreme-4\/","title":{"rendered":"JBL Xtreme 4"},"content":{"rendered":"","protected":false},"excerpt":{"rendered":"<div class=\"gem-list gem-list-type-check-style-1 gem-list-color-14\">\n<ul>\n \t<strong>Dimenzije i te\u017eina:<\/strong><\/p>\n<li>Visina: 149 mm<\/li>\n<li>\u0160irina: 297 mm<\/li>\n<li>Dubina: 141 mm<\/li>\n<li>Te\u017eina: 2.1 kg<\/li>\n<p><strong>Audio specifikacije:<\/strong><\/p>\n<li>Izlazna snaga: 2 x 30 W RMS (woofer) + 2 x 20 W RMS (tweeter) pri napajanju naizmeni\u010dnom strujom; 2 x 20 W RMS (woofer) + 2 x 15 W RMS (tweeter) pri napajanju iz baterije<\/li>\n<li>Frekventni opseg: 44 Hz \u2013 20 kHz<\/li>\n<p><strong>Battery:<\/strong><\/p>\n<li>Kapacitet: 9,444 mAh (Li-ion polimer)<\/li>\n<li>Vrijeme reprodukcije: do 24 sata<\/li>\n<li>Vrijeme punjenja: pribli\u017eno 3.5 sata<\/li>\n<p><strong>Connectivity:<\/strong><\/p>\n<li>Bluetooth verzija: 5.3<\/li>\n<li>Podr\u0161ka za Auracast za povezivanje s kompatibilnim JBL zvu\u010dnicima<\/li>\n<p><strong>Vodootpornost i izdr\u017eljivost:<\/strong><\/p>\n<li>IP67 ocjena (otpornost na vodu i pra\u0161inu)<\/li>\n<p><strong>Dodatne funkcije:<\/strong><\/p>\n<li>AI Sound Boost za pobolj\u0161anje zvuka<\/li>\n<li>Playtime Boost za produ\u017eenje trajanja baterije do dodatnih 6 sati<\/li>\n<li>Ugra\u0111ena powerbank funkcija za punjenje ure\u0111aja putem USB-C porta<\/li>\n<li>Prakti\u010dan remen za no\u0161enje s ugra\u0111enim otvara\u010dem za boce<\/li>\n<\/ul>\n<\/div>","protected":false},"featured_media":30586,"comment_status":"closed","ping_status":"closed","template":"","meta":{"_themeisle_gutenberg_block_has_review":false},"product_brand":[],"product_cat":[318,316,288],"product_tag":[],"class_list":{"0":"post-29087","1":"product","2":"type-product","3":"status-publish","4":"has-post-thumbnail","6":"product_cat-bluetooth-zvucnici","7":"product_cat-zvucnici-i-slusalice","8":"product_cat-svi-proizvodi","10":"first","11":"instock","12":"featured","13":"purchasable","14":"product-type-simple","15":"add-to-wishlist-after_add_to_cart"},"_links":{"self":[{"href":"https:\/\/mobishop-posusje.com\/en\/wp-json\/wp\/v2\/product\/29087","targetHints":{"allow":["GET"]}}],"collection":[{"href":"https:\/\/mobishop-posusje.com\/en\/wp-json\/wp\/v2\/product"}],"about":[{"href":"https:\/\/mobishop-posusje.com\/en\/wp-json\/wp\/v2\/types\/product"}],"replies":[{"embeddable":true,"href":"https:\/\/mobishop-posusje.com\/en\/wp-json\/wp\/v2\/comments?post=29087"}],"version-history":[{"count":1,"href":"https:\/\/mobishop-posusje.com\/en\/wp-json\/wp\/v2\/product\/29087\/revisions"}],"predecessor-version":[{"id":29089,"href":"https:\/\/mobishop-posusje.com\/en\/wp-json\/wp\/v2\/product\/29087\/revisions\/29089"}],"wp:featuredmedia":[{"embeddable":true,"href":"https:\/\/mobishop-posusje.com\/en\/wp-json\/wp\/v2\/media\/30586"}],"wp:attachment":[{"href":"https:\/\/mobishop-posusje.com\/en\/wp-json\/wp\/v2\/media?parent=29087"}],"wp:term":[{"taxonomy":"product_brand","embeddable":true,"href":"https:\/\/mobishop-posusje.com\/en\/wp-json\/wp\/v2\/product_brand?post=29087"},{"taxonomy":"product_cat","embeddable":true,"href":"https:\/\/mobishop-posusje.com\/en\/wp-json\/wp\/v2\/product_cat?post=29087"},{"taxonomy":"product_tag","embeddable":true,"href":"https:\/\/mobishop-posusje.com\/en\/wp-json\/wp\/v2\/product_tag?post=29087"}],"curies":[{"name":"wp","href":"https:\/\/api.w.org\/{rel}","templated":true}]}}