{"id":29090,"date":"2024-11-13T10:31:32","date_gmt":"2024-11-13T10:31:32","guid":{"rendered":"https:\/\/mobishop-posusje.com\/?post_type=product&#038;p=29090"},"modified":"2025-04-16T07:57:55","modified_gmt":"2025-04-16T07:57:55","slug":"jbl-partybox-club-120","status":"publish","type":"product","link":"https:\/\/mobishop-posusje.com\/en\/svi-proizvodi\/zvucnici-i-slusalice\/bluetooth-zvucnici\/jbl-partybox-club-120\/","title":{"rendered":"JBL PartyBox Club 120"},"content":{"rendered":"","protected":false},"excerpt":{"rendered":"<div class=\"gem-list gem-list-type-check-style-1 gem-list-color-14\">\n<ul>\n \t<strong>Dimenzije i te\u017eina:<\/strong><\/p>\n<li>Visina: 570 mm<\/li>\n<li>\u0160irina: 288 mm<\/li>\n<li>Dubina: 297 mm<\/li>\n<li>Te\u017eina: 14.1 kg<\/li>\n<p><strong>Audio specifikacije:<\/strong><\/p>\n<li>Izlazna snaga: 160 W<\/li>\n<li>Frekventni opseg: 40 Hz \u2013 20 kHz (-6 dB)<\/li>\n<p><strong>Battery:<\/strong><\/p>\n<li>Kapacitet: 12 sati reprodukcije<\/li>\n<li>Vrijeme punjenja: pribli\u017eno 3.5 sata<\/li>\n<li>Zamjenjiva baterija (dodatna baterija se prodaje zasebno)<\/li>\n<p><strong>Connectivity:<\/strong><\/p>\n<li>Bluetooth verzija: 5.3<\/li>\n<li>Ulazi: 3.5 mm audio ulaz, USB port, ulazi za mikrofon i gitaru<\/li>\n<p><strong>Vodootpornost i izdr\u017eljivost:<\/strong><\/p>\n<li>IPX4 ocjena (otpornost na prskanje vodom)<\/li>\n<p><strong>Dodatne funkcije:<\/strong><\/p>\n<li>AI Sound Boost za pobolj\u0161anje zvuka<\/li>\n<li>Prilagodljiv svjetlosni show koji se sinkronizira s muzikom<\/li>\n<li>Sklopiva ergonomska ru\u010dka za lak\u0161e no\u0161enje<\/li>\n<li>Mogu\u0107nost be\u017ei\u010dnog povezivanja s drugim JBL PartyBox zvu\u010dnicima putem Auracast tehnologije<\/li>\n<\/ul>\n<\/div>","protected":false},"featured_media":30585,"comment_status":"closed","ping_status":"closed","template":"","meta":{"_themeisle_gutenberg_block_has_review":false},"product_brand":[],"product_cat":[318,316,288],"product_tag":[],"class_list":{"0":"post-29090","1":"product","2":"type-product","3":"status-publish","4":"has-post-thumbnail","6":"product_cat-bluetooth-zvucnici","7":"product_cat-zvucnici-i-slusalice","8":"product_cat-svi-proizvodi","10":"first","11":"instock","12":"featured","13":"purchasable","14":"product-type-simple","15":"add-to-wishlist-after_add_to_cart"},"_links":{"self":[{"href":"https:\/\/mobishop-posusje.com\/en\/wp-json\/wp\/v2\/product\/29090","targetHints":{"allow":["GET"]}}],"collection":[{"href":"https:\/\/mobishop-posusje.com\/en\/wp-json\/wp\/v2\/product"}],"about":[{"href":"https:\/\/mobishop-posusje.com\/en\/wp-json\/wp\/v2\/types\/product"}],"replies":[{"embeddable":true,"href":"https:\/\/mobishop-posusje.com\/en\/wp-json\/wp\/v2\/comments?post=29090"}],"version-history":[{"count":1,"href":"https:\/\/mobishop-posusje.com\/en\/wp-json\/wp\/v2\/product\/29090\/revisions"}],"predecessor-version":[{"id":29092,"href":"https:\/\/mobishop-posusje.com\/en\/wp-json\/wp\/v2\/product\/29090\/revisions\/29092"}],"wp:featuredmedia":[{"embeddable":true,"href":"https:\/\/mobishop-posusje.com\/en\/wp-json\/wp\/v2\/media\/30585"}],"wp:attachment":[{"href":"https:\/\/mobishop-posusje.com\/en\/wp-json\/wp\/v2\/media?parent=29090"}],"wp:term":[{"taxonomy":"product_brand","embeddable":true,"href":"https:\/\/mobishop-posusje.com\/en\/wp-json\/wp\/v2\/product_brand?post=29090"},{"taxonomy":"product_cat","embeddable":true,"href":"https:\/\/mobishop-posusje.com\/en\/wp-json\/wp\/v2\/product_cat?post=29090"},{"taxonomy":"product_tag","embeddable":true,"href":"https:\/\/mobishop-posusje.com\/en\/wp-json\/wp\/v2\/product_tag?post=29090"}],"curies":[{"name":"wp","href":"https:\/\/api.w.org\/{rel}","templated":true}]}}