{"id":29117,"date":"2024-11-28T12:43:26","date_gmt":"2024-11-28T12:43:26","guid":{"rendered":"https:\/\/mobishop-posusje.com\/?post_type=product&#038;p=29117"},"modified":"2025-04-16T07:48:12","modified_gmt":"2025-04-16T07:48:12","slug":"xo-f55","status":"publish","type":"product","link":"https:\/\/mobishop-posusje.com\/en\/svi-proizvodi\/zvucnici-i-slusalice\/bluetooth-zvucnici\/xo-f55\/","title":{"rendered":"XO F55"},"content":{"rendered":"","protected":false},"excerpt":{"rendered":"<div class=\"gem-list gem-list-type-check-style-1 gem-list-color-14\">\n<ul>\n<strong>Dimenzije i te\u017eina:<\/strong><\/p>\n<li>Visina: 249 mm<\/li>\n<li>\u0160irina: 214 mm<\/li>\n<li>Dubina: 98 mm<\/li>\n<li>Te\u017eina: 1.5 kg<\/li>\n<p><strong>Be\u017ei\u010dna povezivost:<\/strong><\/p>\n<li>Bluetooth verzija: 5.0<\/li>\n<li>Domet: do 10 metara<\/li>\n<p><strong>Audio karakteristike:<\/strong><\/p>\n<li>Izlazna snaga: 20 W<\/li>\n<li>Frekventni opseg: 80 Hz \u2013 16 kHz<\/li>\n<p><strong>Battery:<\/strong><\/p>\n<li>Kapacitet: 1800 mAh<\/li>\n<li>Vrijeme reprodukcije: do 4.5 sata<\/li>\n<li>Vrijeme punjenja: pribli\u017eno 5 sati<\/li>\n<p><strong>Interfejs:<\/strong><\/p>\n<li>Ulazi: USB, TF (microSD) kartica, AUX<\/li>\n<li>Ulaz za mikrofon<\/li>\n<p><strong>Other Features:<\/strong><\/p>\n<li>RGB osvjetljenje<\/li>\n<li>FM radio<\/li>\n<li>Dolazi s daljinskim upravlja\u010dem i \u017ei\u010danim mikrofonom<\/li>\n<\/ul>\n<\/div>","protected":false},"featured_media":30578,"comment_status":"closed","ping_status":"closed","template":"","meta":{"_themeisle_gutenberg_block_has_review":false},"product_brand":[],"product_cat":[318,316,288],"product_tag":[],"class_list":{"0":"post-29117","1":"product","2":"type-product","3":"status-publish","4":"has-post-thumbnail","6":"product_cat-bluetooth-zvucnici","7":"product_cat-zvucnici-i-slusalice","8":"product_cat-svi-proizvodi","10":"first","11":"instock","12":"featured","13":"purchasable","14":"product-type-simple","15":"add-to-wishlist-after_add_to_cart"},"_links":{"self":[{"href":"https:\/\/mobishop-posusje.com\/en\/wp-json\/wp\/v2\/product\/29117","targetHints":{"allow":["GET"]}}],"collection":[{"href":"https:\/\/mobishop-posusje.com\/en\/wp-json\/wp\/v2\/product"}],"about":[{"href":"https:\/\/mobishop-posusje.com\/en\/wp-json\/wp\/v2\/types\/product"}],"replies":[{"embeddable":true,"href":"https:\/\/mobishop-posusje.com\/en\/wp-json\/wp\/v2\/comments?post=29117"}],"version-history":[{"count":1,"href":"https:\/\/mobishop-posusje.com\/en\/wp-json\/wp\/v2\/product\/29117\/revisions"}],"predecessor-version":[{"id":29119,"href":"https:\/\/mobishop-posusje.com\/en\/wp-json\/wp\/v2\/product\/29117\/revisions\/29119"}],"wp:featuredmedia":[{"embeddable":true,"href":"https:\/\/mobishop-posusje.com\/en\/wp-json\/wp\/v2\/media\/30578"}],"wp:attachment":[{"href":"https:\/\/mobishop-posusje.com\/en\/wp-json\/wp\/v2\/media?parent=29117"}],"wp:term":[{"taxonomy":"product_brand","embeddable":true,"href":"https:\/\/mobishop-posusje.com\/en\/wp-json\/wp\/v2\/product_brand?post=29117"},{"taxonomy":"product_cat","embeddable":true,"href":"https:\/\/mobishop-posusje.com\/en\/wp-json\/wp\/v2\/product_cat?post=29117"},{"taxonomy":"product_tag","embeddable":true,"href":"https:\/\/mobishop-posusje.com\/en\/wp-json\/wp\/v2\/product_tag?post=29117"}],"curies":[{"name":"wp","href":"https:\/\/api.w.org\/{rel}","templated":true}]}}