{"id":29123,"date":"2024-11-28T12:48:17","date_gmt":"2024-11-28T12:48:17","guid":{"rendered":"https:\/\/mobishop-posusje.com\/?post_type=product&#038;p=29123"},"modified":"2025-04-24T06:32:02","modified_gmt":"2025-04-24T06:32:02","slug":"xo-f42","status":"publish","type":"product","link":"https:\/\/mobishop-posusje.com\/en\/svi-proizvodi\/zvucnici-i-slusalice\/bluetooth-zvucnici\/xo-f42\/","title":{"rendered":"XO F42"},"content":{"rendered":"","protected":false},"excerpt":{"rendered":"<div class=\"gem-list gem-list-type-check-style-1 gem-list-color-14\">\n<ul>\n<strong>Dimenzije i te\u017eina:<\/strong><\/p>\n<li>Visina: 113 mm<\/li>\n<li>\u0160irina: 125 mm<\/li>\n<li>Dubina: 78 mm<\/li>\n<li>Te\u017eina: 428 g<\/li>\n<p><strong>Be\u017ei\u010dna povezivost:<\/strong><\/p>\n<li>Bluetooth verzija: 5.3<\/li>\n<li>Domet: do 10 metara<\/li>\n<p><strong>Audio karakteristike:<\/strong><\/p>\n<li>Izlazna snaga: 10 W<\/li>\n<li>Veli\u010dina zvu\u010dnika: 66 mm (2.5 in\u010da)<\/li>\n<p><strong>Battery:<\/strong><\/p>\n<li>Kapacitet: 1800 mAh<\/li>\n<li>Vrijeme reprodukcije: do 8 sati (pri 80% glasno\u0107e)<\/li>\n<li>Vrijeme punjenja: oko 3 sata<\/li>\n<p><strong>Interfejs:<\/strong><\/p>\n<li>Podr\u0161ka za TF kartice<\/li>\n<li>USB ulaz<\/li>\n<li>AUX audio ulaz<\/li>\n<p><strong>Other Features:<\/strong><\/p>\n<li>\u0160areno RGB osvjetljenje s vi\u0161e modova<\/li>\n<li>Dolazi s be\u017ei\u010dnim mikrofonom za karaoke<\/li>\n<li>Podr\u0161ka za reprodukciju s TF kartice i USB ure\u0111aja<\/li>\n<\/ul>\n<\/div>","protected":false},"featured_media":30577,"comment_status":"closed","ping_status":"closed","template":"","meta":{"_themeisle_gutenberg_block_has_review":false},"product_brand":[],"product_cat":[318,316,288],"product_tag":[],"class_list":{"0":"post-29123","1":"product","2":"type-product","3":"status-publish","4":"has-post-thumbnail","6":"product_cat-bluetooth-zvucnici","7":"product_cat-zvucnici-i-slusalice","8":"product_cat-svi-proizvodi","10":"first","11":"instock","12":"featured","13":"purchasable","14":"product-type-simple","15":"add-to-wishlist-after_add_to_cart"},"_links":{"self":[{"href":"https:\/\/mobishop-posusje.com\/en\/wp-json\/wp\/v2\/product\/29123","targetHints":{"allow":["GET"]}}],"collection":[{"href":"https:\/\/mobishop-posusje.com\/en\/wp-json\/wp\/v2\/product"}],"about":[{"href":"https:\/\/mobishop-posusje.com\/en\/wp-json\/wp\/v2\/types\/product"}],"replies":[{"embeddable":true,"href":"https:\/\/mobishop-posusje.com\/en\/wp-json\/wp\/v2\/comments?post=29123"}],"version-history":[{"count":2,"href":"https:\/\/mobishop-posusje.com\/en\/wp-json\/wp\/v2\/product\/29123\/revisions"}],"predecessor-version":[{"id":30650,"href":"https:\/\/mobishop-posusje.com\/en\/wp-json\/wp\/v2\/product\/29123\/revisions\/30650"}],"wp:featuredmedia":[{"embeddable":true,"href":"https:\/\/mobishop-posusje.com\/en\/wp-json\/wp\/v2\/media\/30577"}],"wp:attachment":[{"href":"https:\/\/mobishop-posusje.com\/en\/wp-json\/wp\/v2\/media?parent=29123"}],"wp:term":[{"taxonomy":"product_brand","embeddable":true,"href":"https:\/\/mobishop-posusje.com\/en\/wp-json\/wp\/v2\/product_brand?post=29123"},{"taxonomy":"product_cat","embeddable":true,"href":"https:\/\/mobishop-posusje.com\/en\/wp-json\/wp\/v2\/product_cat?post=29123"},{"taxonomy":"product_tag","embeddable":true,"href":"https:\/\/mobishop-posusje.com\/en\/wp-json\/wp\/v2\/product_tag?post=29123"}],"curies":[{"name":"wp","href":"https:\/\/api.w.org\/{rel}","templated":true}]}}