{"id":29169,"date":"2024-12-20T10:07:52","date_gmt":"2024-12-20T10:07:52","guid":{"rendered":"https:\/\/mobishop-posusje.com\/?post_type=product&#038;p=29169"},"modified":"2025-04-23T15:08:35","modified_gmt":"2025-04-23T15:08:35","slug":"forevigo-sw-300","status":"publish","type":"product","link":"https:\/\/mobishop-posusje.com\/en\/svi-proizvodi\/pametni-satovi\/forever\/forevigo-sw-300\/","title":{"rendered":"ForeVigo SW-300"},"content":{"rendered":"","protected":false},"excerpt":{"rendered":"<div class=\"gem-list gem-list-type-check-style-1 gem-list-color-14\">\n<ul>\n<strong>Dimenzije i te\u017eina:<\/strong><\/p>\n<li>Dimenzije: 37 x 42 x 11 mm<\/li>\n<li>Te\u017eina: 65 g (uklju\u010duju\u0107i remen)<\/li>\n<p><strong>Materijal:<\/strong><\/p>\n<li>Ku\u0107i\u0161te: Metalno<\/li>\n<li>Remen: Silikonski ili metalni mre\u017easti, ovisno o odabiru<\/li>\n<p><strong>Water Resistance:<\/strong><\/p>\n<li>IP67 ocjena (otpornost na pra\u0161inu i prskanje vodom)<\/li>\n<p><strong>Screen:<\/strong><\/p>\n<li>Veli\u010dina: 1.3 in\u010da<\/li>\n<li>Tip: IPS LCD u boji<\/li>\n<li>Rezolucija: 240 x 240 piksela<\/li>\n<p><strong>Povezivost:<\/strong><\/p>\n<li>Bluetooth verzija: 4.2<\/li>\n<li>Kompatibilnost: Android i iOS ure\u0111aji putem aplikacije &#8220;Forever Smart&#8221;<br \/>\n<strong>Senzori:<\/strong><\/p>\n<li>Akcelerometar<\/li>\n<li>Senzor otkucaja srca<\/li>\n<p><strong>Battery:<\/strong><\/p>\n<li>Kapacitet: 180 mAh (litij-polimer)<\/li>\n<li>Trajanje baterije: do 10 dana<\/li>\n<p><strong>Funkcije:<\/strong><\/p>\n<li>Pra\u0107enje aktivnosti (koraci, kalorije, udaljenost)<\/li>\n<li>Vi\u0161estruki sportski modovi (hodanje, tr\u010danje, unutarnje tr\u010danje, planinarenje, biciklizam)<\/li>\n<li>Pra\u0107enje otkucaja srca<\/li>\n<li>Pra\u0107enje sna<\/li>\n<li>Obavijesti o pozivima i porukama<\/li>\n<li>Kontrola kamere i glazbe<\/li>\n<li>Alarm<\/li>\n<li>Prognoza vremena<\/li>\n<li>Prona\u0111i moj telefon<\/li>\n<\/ul>\n<\/div>","protected":false},"featured_media":30299,"comment_status":"closed","ping_status":"closed","template":"","meta":{"_themeisle_gutenberg_block_has_review":false},"product_brand":[],"product_cat":[346,402,288],"product_tag":[],"class_list":{"0":"post-29169","1":"product","2":"type-product","3":"status-publish","4":"has-post-thumbnail","6":"product_cat-pametni-satovi","7":"product_cat-forever","8":"product_cat-svi-proizvodi","10":"first","11":"instock","12":"purchasable","13":"product-type-simple","14":"add-to-wishlist-after_add_to_cart"},"_links":{"self":[{"href":"https:\/\/mobishop-posusje.com\/en\/wp-json\/wp\/v2\/product\/29169","targetHints":{"allow":["GET"]}}],"collection":[{"href":"https:\/\/mobishop-posusje.com\/en\/wp-json\/wp\/v2\/product"}],"about":[{"href":"https:\/\/mobishop-posusje.com\/en\/wp-json\/wp\/v2\/types\/product"}],"replies":[{"embeddable":true,"href":"https:\/\/mobishop-posusje.com\/en\/wp-json\/wp\/v2\/comments?post=29169"}],"version-history":[{"count":4,"href":"https:\/\/mobishop-posusje.com\/en\/wp-json\/wp\/v2\/product\/29169\/revisions"}],"predecessor-version":[{"id":29174,"href":"https:\/\/mobishop-posusje.com\/en\/wp-json\/wp\/v2\/product\/29169\/revisions\/29174"}],"wp:featuredmedia":[{"embeddable":true,"href":"https:\/\/mobishop-posusje.com\/en\/wp-json\/wp\/v2\/media\/30299"}],"wp:attachment":[{"href":"https:\/\/mobishop-posusje.com\/en\/wp-json\/wp\/v2\/media?parent=29169"}],"wp:term":[{"taxonomy":"product_brand","embeddable":true,"href":"https:\/\/mobishop-posusje.com\/en\/wp-json\/wp\/v2\/product_brand?post=29169"},{"taxonomy":"product_cat","embeddable":true,"href":"https:\/\/mobishop-posusje.com\/en\/wp-json\/wp\/v2\/product_cat?post=29169"},{"taxonomy":"product_tag","embeddable":true,"href":"https:\/\/mobishop-posusje.com\/en\/wp-json\/wp\/v2\/product_tag?post=29169"}],"curies":[{"name":"wp","href":"https:\/\/api.w.org\/{rel}","templated":true}]}}