{"id":29182,"date":"2024-12-20T10:31:43","date_gmt":"2024-12-20T10:31:43","guid":{"rendered":"https:\/\/mobishop-posusje.com\/?post_type=product&#038;p=29182"},"modified":"2025-07-03T19:25:26","modified_gmt":"2025-07-03T19:25:26","slug":"xiaomi-g20-max","status":"publish","type":"product","link":"https:\/\/mobishop-posusje.com\/en\/svi-proizvodi\/mali-kucni-aparati\/stapni-usisivaci\/xiaomi-g20-max\/","title":{"rendered":"Xiaomi \u0160tapni Usisiva\u010d G20 Max"},"content":{"rendered":"","protected":false},"excerpt":{"rendered":"<div class=\"gem-list gem-list-type-check-style-1 gem-list-color-14\">\n<ul>\n<strong>Dimenzije i te\u017eina:<\/strong><\/p>\n<li>Dimenzije: 340 x 124 x 226 mm<\/li>\n<li>Te\u017eina: 4,2 kg<\/li>\n<p><strong>Motor i usisna snaga:<\/strong><\/p>\n<li>Snaga motora: 520 W<\/li>\n<li>Maksimalna usisna snaga: 180 AW<\/li>\n<li>Maksimalni tlak usisavanja: 25.000 Pa<\/li>\n<p><strong>Battery:<\/strong><\/p>\n<li>Kapacitet: 2.700 mAh<\/li>\n<li>Vrijeme rada:\n<ul>\n<li>Do 60 minuta u na\u010dinu u\u0161tede energije<\/li>\n<li>Do 45 minuta s elektri\u010dnom \u010detkom za razli\u010dite tipove povr\u0161ina<\/li>\n<\/ul>\n<\/li>\n<li>Vrijeme punjenja: pribli\u017eno 4 sata<\/li>\n<p><strong>Spremnik za pra\u0161inu:<\/strong><\/p>\n<li>Kapacitet: 0,6 litara<\/li>\n<li>Jednostavno pra\u017enjenje pritiskom na gumb<\/li>\n<p><strong>Filtracija:<\/strong><\/p>\n<li>5-stupanjski sustav filtracije<\/li>\n<li>U\u010dinkovitost filtracije: 99,9% za \u010destice veli\u010dine 0,3 \u03bcm<\/li>\n<p><strong>Funkcije i zna\u010dajke:<\/strong><\/p>\n<li>LED zaslon u boji s prikazom statusa baterije i na\u010dina rada<\/li>\n<li>Ugra\u0111eno LED svjetlo na \u010detki za bolju vidljivost u tamnim podru\u010djima<\/li>\n<li>Vi\u0161estruki na\u010dini rada:\n<ul>\n<li>Na\u010din u\u0161tede energije: za lagano \u010di\u0161\u0107enje<\/li>\n<li>Standardni na\u010din: za svakodnevno \u010di\u0161\u0107enje<\/li>\n<li>Na\u010din velike snage: za tvrdokornu prljav\u0161tinu<\/li>\n<\/ul>\n<\/li>\n<li>Elektri\u010dna \u010detka prilago\u0111ena za razli\u010dite tipove podova<\/li>\n<li>Poseban nastavak za uklanjanje dlaka ku\u0107nih ljubimaca<\/li>\n<p><strong>Pribor u pakiranju:<\/strong><\/p>\n<li>Usisava\u010d Xiaomi Vacuum Cleaner G20 Max<\/li>\n<li>Produ\u017ena cijev<\/li>\n<li>Elektri\u010dna \u010detka s LED svjetlom<\/li>\n<li>Mini elektri\u010dna \u010detka<\/li>\n<li>2-u-1 \u010detka<\/li>\n<li>Fleksibilno crijevo<\/li>\n<li>\u010cetka za ku\u0107ne ljubimce<\/li>\n<li>Adapter za napajanje<\/li>\n<li>Dr\u017ea\u010d za zidnu monta\u017eu<\/li>\n<li>Priru\u010dnik za korisnike<\/li>\n<\/ul>\n<\/div>","protected":false},"featured_media":29835,"comment_status":"closed","ping_status":"closed","template":"","meta":{"_themeisle_gutenberg_block_has_review":false},"product_brand":[],"product_cat":[315,309,288],"product_tag":[],"class_list":{"0":"post-29182","1":"product","2":"type-product","3":"status-publish","4":"has-post-thumbnail","6":"product_cat-stapni-usisivaci","7":"product_cat-mali-kucni-aparati","8":"product_cat-svi-proizvodi","10":"first","11":"instock","12":"featured","13":"shipping-taxable","14":"purchasable","15":"product-type-simple","16":"add-to-wishlist-after_add_to_cart"},"_links":{"self":[{"href":"https:\/\/mobishop-posusje.com\/en\/wp-json\/wp\/v2\/product\/29182","targetHints":{"allow":["GET"]}}],"collection":[{"href":"https:\/\/mobishop-posusje.com\/en\/wp-json\/wp\/v2\/product"}],"about":[{"href":"https:\/\/mobishop-posusje.com\/en\/wp-json\/wp\/v2\/types\/product"}],"replies":[{"embeddable":true,"href":"https:\/\/mobishop-posusje.com\/en\/wp-json\/wp\/v2\/comments?post=29182"}],"version-history":[{"count":5,"href":"https:\/\/mobishop-posusje.com\/en\/wp-json\/wp\/v2\/product\/29182\/revisions"}],"predecessor-version":[{"id":30676,"href":"https:\/\/mobishop-posusje.com\/en\/wp-json\/wp\/v2\/product\/29182\/revisions\/30676"}],"wp:featuredmedia":[{"embeddable":true,"href":"https:\/\/mobishop-posusje.com\/en\/wp-json\/wp\/v2\/media\/29835"}],"wp:attachment":[{"href":"https:\/\/mobishop-posusje.com\/en\/wp-json\/wp\/v2\/media?parent=29182"}],"wp:term":[{"taxonomy":"product_brand","embeddable":true,"href":"https:\/\/mobishop-posusje.com\/en\/wp-json\/wp\/v2\/product_brand?post=29182"},{"taxonomy":"product_cat","embeddable":true,"href":"https:\/\/mobishop-posusje.com\/en\/wp-json\/wp\/v2\/product_cat?post=29182"},{"taxonomy":"product_tag","embeddable":true,"href":"https:\/\/mobishop-posusje.com\/en\/wp-json\/wp\/v2\/product_tag?post=29182"}],"curies":[{"name":"wp","href":"https:\/\/api.w.org\/{rel}","templated":true}]}}