{"id":29185,"date":"2024-12-20T10:37:39","date_gmt":"2024-12-20T10:37:39","guid":{"rendered":"https:\/\/mobishop-posusje.com\/?post_type=product&#038;p=29185"},"modified":"2025-07-03T19:24:09","modified_gmt":"2025-07-03T19:24:09","slug":"xiaomi-x10","status":"publish","type":"product","link":"https:\/\/mobishop-posusje.com\/en\/svi-proizvodi\/mali-kucni-aparati\/robot-usisivaci\/xiaomi-x10\/","title":{"rendered":"Xiaomi Robot Usisiva\u010d X10+"},"content":{"rendered":"","protected":false},"excerpt":{"rendered":"<div class=\"gem-list gem-list-type-check-style-1 gem-list-color-14\">\n<ul>\n<strong>Dimenzije i te\u017eina:<\/strong><\/p>\n<li>Dimenzije: 350 x 350 x 97 mm<\/li>\n<li>Te\u017eina: 3,8 kg<\/li>\n<p><strong>Usisna snaga:<\/strong><\/p>\n<li>Maksimalna usisna snaga: 4000 Pa<\/li>\n<p><strong>Battery:<\/strong><\/p>\n<li>Kapacitet: 5200 mAh<\/li>\n<li>Vrijeme rada: do 120 minuta<\/li>\n<li>Vrijeme punjenja: pribli\u017eno 4 sata<\/li>\n<p><strong>Spremnik za pra\u0161inu:<\/strong><\/p>\n<li>Kapacitet: 350 ml<\/li>\n<p><strong>Spremnik za vodu:<\/strong><\/p>\n<li>Kapacitet: 80 ml<\/li>\n<p><strong>Navigacija:<\/strong><\/p>\n<li>Tip: LDS laserska navigacija<\/li>\n<p><strong>Funkcije:<\/strong><\/p>\n<li>Automatsko pra\u017enjenje spremnika za pra\u0161inu<\/li>\n<li>Automatsko pranje i su\u0161enje mopova<\/li>\n<li>Automatsko punjenje spremnika za vodu<\/li>\n<li>Detekcija tepiha s automatskim podizanjem mopova<\/li>\n<li>Vi\u0161estruko mapiranje prostora<\/li>\n<li>Podr\u0161ka za glasovne asistente: Amazon Alexa, Google Assistant<\/li>\n<p><strong>Other Features:<\/strong><\/p>\n<li>Automatsko vra\u0107anje na stanicu za punjenje<\/li>\n<li>Upravljanje putem mobilne aplikacije<\/li>\n<li>Podr\u0161ka za mokro i suho \u010di\u0161\u0107enje<\/li>\n<\/ul>\n<\/div>","protected":false},"featured_media":29803,"comment_status":"closed","ping_status":"closed","template":"","meta":{"_themeisle_gutenberg_block_has_review":false},"product_brand":[],"product_cat":[314,309,288],"product_tag":[],"class_list":{"0":"post-29185","1":"product","2":"type-product","3":"status-publish","4":"has-post-thumbnail","6":"product_cat-robot-usisivaci","7":"product_cat-mali-kucni-aparati","8":"product_cat-svi-proizvodi","10":"first","11":"instock","12":"featured","13":"shipping-taxable","14":"purchasable","15":"product-type-simple","16":"add-to-wishlist-after_add_to_cart"},"_links":{"self":[{"href":"https:\/\/mobishop-posusje.com\/en\/wp-json\/wp\/v2\/product\/29185","targetHints":{"allow":["GET"]}}],"collection":[{"href":"https:\/\/mobishop-posusje.com\/en\/wp-json\/wp\/v2\/product"}],"about":[{"href":"https:\/\/mobishop-posusje.com\/en\/wp-json\/wp\/v2\/types\/product"}],"replies":[{"embeddable":true,"href":"https:\/\/mobishop-posusje.com\/en\/wp-json\/wp\/v2\/comments?post=29185"}],"version-history":[{"count":5,"href":"https:\/\/mobishop-posusje.com\/en\/wp-json\/wp\/v2\/product\/29185\/revisions"}],"predecessor-version":[{"id":30685,"href":"https:\/\/mobishop-posusje.com\/en\/wp-json\/wp\/v2\/product\/29185\/revisions\/30685"}],"wp:featuredmedia":[{"embeddable":true,"href":"https:\/\/mobishop-posusje.com\/en\/wp-json\/wp\/v2\/media\/29803"}],"wp:attachment":[{"href":"https:\/\/mobishop-posusje.com\/en\/wp-json\/wp\/v2\/media?parent=29185"}],"wp:term":[{"taxonomy":"product_brand","embeddable":true,"href":"https:\/\/mobishop-posusje.com\/en\/wp-json\/wp\/v2\/product_brand?post=29185"},{"taxonomy":"product_cat","embeddable":true,"href":"https:\/\/mobishop-posusje.com\/en\/wp-json\/wp\/v2\/product_cat?post=29185"},{"taxonomy":"product_tag","embeddable":true,"href":"https:\/\/mobishop-posusje.com\/en\/wp-json\/wp\/v2\/product_tag?post=29185"}],"curies":[{"name":"wp","href":"https:\/\/api.w.org\/{rel}","templated":true}]}}