{"id":29191,"date":"2024-12-20T10:43:32","date_gmt":"2024-12-20T10:43:32","guid":{"rendered":"https:\/\/mobishop-posusje.com\/?post_type=product&#038;p=29191"},"modified":"2025-07-03T19:23:31","modified_gmt":"2025-07-03T19:23:31","slug":"xiaomi-g20","status":"publish","type":"product","link":"https:\/\/mobishop-posusje.com\/en\/svi-proizvodi\/mali-kucni-aparati\/stapni-usisivaci\/xiaomi-g20\/","title":{"rendered":"Xiaomi \u0160tapni Usisiva\u010d G20"},"content":{"rendered":"","protected":false},"excerpt":{"rendered":"<div class=\"gem-list gem-list-type-check-style-1 gem-list-color-14\">\n<ul>\n<strong>Dimenzije i te\u017eina:<\/strong><\/p>\n<li>Dimenzije: 329 x 124 x 226 mm<\/li>\n<li>Te\u017eina: 3,7 kg<\/li>\n<p><strong>Snaga i performanse:<\/strong><\/p>\n<li>Snaga motora: 460 W<\/li>\n<li>Maksimalna usisna snaga: 150 AW<\/li>\n<li>Maksimalni vakuum: 25.000 Pa<\/li>\n<p><strong>Battery:<\/strong><\/p>\n<li>Kapacitet: 2.500 mAh<\/li>\n<li>Vrijeme rada: do 60 minuta u re\u017eimu u\u0161tede energije<\/li>\n<li>Vrijeme punjenja: pribli\u017eno 3,5 sata<\/li>\n<p><strong>Spremnik za pra\u0161inu:<\/strong><\/p>\n<li>Kapacitet: 0,6 litara<\/li>\n<p><strong>Filtracija:<\/strong><\/p>\n<li>12-konusni sistem za odvajanje pra\u0161ine i zraka<\/li>\n<li>Petostepeni sistem filtracije s efikasno\u0161\u0107u od 99,9% za \u010destice veli\u010dine 0,3\u201310 \u03bcm<\/li>\n<p><strong>Funkcije i zna\u010dajke:<\/strong><\/p>\n<li>LED svjetlo na elektri\u010dnoj \u010detki za bolju vidljivost u tamnim podru\u010djima<\/li>\n<li>Vi\u0161estruki na\u010dini rada:\n<ul>\n<li>Re\u017eim u\u0161tede energije: do 60 minuta rada<\/li>\n<li>Standardni re\u017eim: do 30 minuta rada<\/li>\n<li>Re\u017eim velike snage: do 10 minuta rada<\/li>\n<\/ul>\n<\/li>\n<li>Elektri\u010dna \u010detka s dizajnom protiv zapetljavanja kose<\/li>\n<p><strong>Povezivost:<\/strong><\/p>\n<li>Be\u017ei\u010dni rad s punjivom baterijom<\/li>\n<p><strong>Sadr\u017eaj pakiranja:<\/strong><\/p>\n<li>Usisiva\u010d Xiaomi Vacuum Cleaner G20<\/li>\n<li>Produ\u017ena cijev<\/li>\n<li>2-u-1 \u010detka<\/li>\n<li>Elektri\u010dna \u010detka s LED svjetlom<\/li>\n<li>Mini elektri\u010dna \u010detka<\/li>\n<li>Adapter za napajanje<\/li>\n<li>Set za monta\u017eu na zid<\/li>\n<\/ul>\n<\/div>","protected":false},"featured_media":29815,"comment_status":"closed","ping_status":"closed","template":"","meta":{"_themeisle_gutenberg_block_has_review":false},"product_brand":[],"product_cat":[315,309,288],"product_tag":[],"class_list":{"0":"post-29191","1":"product","2":"type-product","3":"status-publish","4":"has-post-thumbnail","6":"product_cat-stapni-usisivaci","7":"product_cat-mali-kucni-aparati","8":"product_cat-svi-proizvodi","10":"first","11":"instock","12":"featured","13":"shipping-taxable","14":"purchasable","15":"product-type-simple","16":"add-to-wishlist-after_add_to_cart"},"_links":{"self":[{"href":"https:\/\/mobishop-posusje.com\/en\/wp-json\/wp\/v2\/product\/29191","targetHints":{"allow":["GET"]}}],"collection":[{"href":"https:\/\/mobishop-posusje.com\/en\/wp-json\/wp\/v2\/product"}],"about":[{"href":"https:\/\/mobishop-posusje.com\/en\/wp-json\/wp\/v2\/types\/product"}],"replies":[{"embeddable":true,"href":"https:\/\/mobishop-posusje.com\/en\/wp-json\/wp\/v2\/comments?post=29191"}],"version-history":[{"count":5,"href":"https:\/\/mobishop-posusje.com\/en\/wp-json\/wp\/v2\/product\/29191\/revisions"}],"predecessor-version":[{"id":30671,"href":"https:\/\/mobishop-posusje.com\/en\/wp-json\/wp\/v2\/product\/29191\/revisions\/30671"}],"wp:featuredmedia":[{"embeddable":true,"href":"https:\/\/mobishop-posusje.com\/en\/wp-json\/wp\/v2\/media\/29815"}],"wp:attachment":[{"href":"https:\/\/mobishop-posusje.com\/en\/wp-json\/wp\/v2\/media?parent=29191"}],"wp:term":[{"taxonomy":"product_brand","embeddable":true,"href":"https:\/\/mobishop-posusje.com\/en\/wp-json\/wp\/v2\/product_brand?post=29191"},{"taxonomy":"product_cat","embeddable":true,"href":"https:\/\/mobishop-posusje.com\/en\/wp-json\/wp\/v2\/product_cat?post=29191"},{"taxonomy":"product_tag","embeddable":true,"href":"https:\/\/mobishop-posusje.com\/en\/wp-json\/wp\/v2\/product_tag?post=29191"}],"curies":[{"name":"wp","href":"https:\/\/api.w.org\/{rel}","templated":true}]}}