{"id":29209,"date":"2025-01-14T11:04:23","date_gmt":"2025-01-14T11:04:23","guid":{"rendered":"https:\/\/mobishop-posusje.com\/?post_type=product&#038;p=29209"},"modified":"2025-04-23T15:30:19","modified_gmt":"2025-04-23T15:30:19","slug":"razer-cobra-gaming-mis","status":"publish","type":"product","link":"https:\/\/mobishop-posusje.com\/en\/svi-proizvodi\/racunari\/misevi\/razer-cobra-gaming-mis\/","title":{"rendered":"Razer Cobra Gaming Mi\u0161"},"content":{"rendered":"","protected":false},"excerpt":{"rendered":"<div class=\"gem-list gem-list-type-check-style-1 gem-list-color-14\">\n<ul>\n   <strong>Dimenzije i te\u017eina:<\/strong><\/p>\n<li>Dimenzije: 119,6 mm (du\u017eina) x 62,5 mm (\u0161irina) x 38,1 mm (visina)<\/li>\n<li>Te\u017eina: 57 g<\/li>\n<p><strong>Materijal:<\/strong><\/p>\n<li>Mat plastika s gumiranim bo\u010dnim hvatovima<\/li>\n<p><strong>Povezivost:<\/strong><\/p>\n<li>\u017di\u010dana USB veza s 1,8 m Speedflex kablom<\/li>\n<p><strong>Senzor:<\/strong><\/p>\n<li>Tip: Opti\u010dki senzor PixArt PAW3349<\/li>\n<li>Rezolucija: Podesiva od 200 do 8.500 DPI<\/li>\n<li>Maksimalna brzina pra\u0107enja: 300 IPS<\/li>\n<li>Maksimalno ubrzanje: 35 G<\/li>\n<p><strong>Dugmad:<\/strong><\/p>\n<li>Ukupan broj dugmadi: 6 programabilnih dugmadi<\/li>\n<li>Glavni prekida\u010di: Razer opti\u010dki prekida\u010di tre\u0107e generacije s trajanjem do 90 miliona klikova<\/li>\n<p><strong>Osvetljenje:<\/strong><\/p>\n<li>Razer Chroma\u2122 RGB osvetljenje s prilagodljivim efektima i paletom od 16,8 miliona boja<\/li>\n<p><strong>Other Features:<\/strong><\/p>\n<li>100% PTFE no\u017eice za glatko kretanje<\/li>\n<li>Onboard memorija za \u010duvanje profila<\/li>\n<li>Kompatibilnost s Razer Synapse softverom za prilago\u0111avanje postavki<\/li>\n<\/ul>\n<\/div>","protected":false},"featured_media":29210,"comment_status":"closed","ping_status":"closed","template":"","meta":{"_themeisle_gutenberg_block_has_review":false},"product_brand":[],"product_cat":[335,341,288],"product_tag":[],"class_list":{"0":"post-29209","1":"product","2":"type-product","3":"status-publish","4":"has-post-thumbnail","6":"product_cat-racunari","7":"product_cat-misevi","8":"product_cat-svi-proizvodi","10":"first","11":"instock","12":"featured","13":"purchasable","14":"product-type-simple","15":"add-to-wishlist-after_add_to_cart"},"_links":{"self":[{"href":"https:\/\/mobishop-posusje.com\/en\/wp-json\/wp\/v2\/product\/29209","targetHints":{"allow":["GET"]}}],"collection":[{"href":"https:\/\/mobishop-posusje.com\/en\/wp-json\/wp\/v2\/product"}],"about":[{"href":"https:\/\/mobishop-posusje.com\/en\/wp-json\/wp\/v2\/types\/product"}],"replies":[{"embeddable":true,"href":"https:\/\/mobishop-posusje.com\/en\/wp-json\/wp\/v2\/comments?post=29209"}],"version-history":[{"count":1,"href":"https:\/\/mobishop-posusje.com\/en\/wp-json\/wp\/v2\/product\/29209\/revisions"}],"predecessor-version":[{"id":29211,"href":"https:\/\/mobishop-posusje.com\/en\/wp-json\/wp\/v2\/product\/29209\/revisions\/29211"}],"wp:featuredmedia":[{"embeddable":true,"href":"https:\/\/mobishop-posusje.com\/en\/wp-json\/wp\/v2\/media\/29210"}],"wp:attachment":[{"href":"https:\/\/mobishop-posusje.com\/en\/wp-json\/wp\/v2\/media?parent=29209"}],"wp:term":[{"taxonomy":"product_brand","embeddable":true,"href":"https:\/\/mobishop-posusje.com\/en\/wp-json\/wp\/v2\/product_brand?post=29209"},{"taxonomy":"product_cat","embeddable":true,"href":"https:\/\/mobishop-posusje.com\/en\/wp-json\/wp\/v2\/product_cat?post=29209"},{"taxonomy":"product_tag","embeddable":true,"href":"https:\/\/mobishop-posusje.com\/en\/wp-json\/wp\/v2\/product_tag?post=29209"}],"curies":[{"name":"wp","href":"https:\/\/api.w.org\/{rel}","templated":true}]}}