{"id":29218,"date":"2025-01-14T11:10:17","date_gmt":"2025-01-14T11:10:17","guid":{"rendered":"https:\/\/mobishop-posusje.com\/?post_type=product&#038;p=29218"},"modified":"2025-07-03T19:30:22","modified_gmt":"2025-07-03T19:30:22","slug":"razer-kraken-x-lite-gaming-slusalice","status":"publish","type":"product","link":"https:\/\/mobishop-posusje.com\/en\/svi-proizvodi\/racunari\/gaming-slusalice\/razer-kraken-x-lite-gaming-slusalice\/","title":{"rendered":"Razer Kraken X Lite Gaming Slu\u0161alice"},"content":{"rendered":"","protected":false},"excerpt":{"rendered":"<div class=\"gem-list gem-list-type-check-style-1 gem-list-color-14\">\n<ul>\n   <strong>Dimenzije i te\u017eina:<\/strong><\/p>\n<li>Te\u017eina: 230 g<\/li>\n<p><strong>Materijal:<\/strong><\/p>\n<li>Memorijska pena sa ko\u017enim oblogama za udobnost<\/li>\n<p><strong>Povezivost:<\/strong><\/p>\n<li>3,5 mm audio priklju\u010dak<\/li>\n<li>Du\u017eina kabla: 1,3 m<\/li>\n<li>Uklju\u010den razdelnik za audio\/mikrofon od 2 m<\/li>\n<p><strong>Zvuk:<\/strong><\/p>\n<li>Prilago\u0111eni 40 mm drajveri za balansiran i jasan zvuk<\/li>\n<li>7.1 surround zvuk na PC-u za precizno pozicioniranje zvuka<\/li>\n<p><strong>Mikrofon:<\/strong><\/p>\n<li>Fleksibilan kardioidni mikrofon koji smanjuje pozadinsku buku<\/li>\n<p><strong>Kompatibilnost:<\/strong><\/p>\n<li>PC, Mac, Xbox One, PS4, Nintendo Switch i mobilni ure\u0111aji sa 3,5 mm priklju\u010dkom<\/li>\n<p><strong>Other Features:<\/strong><\/p>\n<li>Ultra lagan dizajn za duge sesije igranja<\/li>\n<li>Ovalne ko\u017ene jastu\u010di\u0107e za bolju izolaciju zvuka<\/li>\n<\/ul>\n<\/div>","protected":false},"featured_media":30322,"comment_status":"closed","ping_status":"closed","template":"","meta":{"_themeisle_gutenberg_block_has_review":false},"product_brand":[],"product_cat":[335,340,288],"product_tag":[],"class_list":{"0":"post-29218","1":"product","2":"type-product","3":"status-publish","4":"has-post-thumbnail","6":"product_cat-racunari","7":"product_cat-gaming-slusalice","8":"product_cat-svi-proizvodi","10":"first","11":"instock","12":"featured","13":"purchasable","14":"product-type-simple","15":"add-to-wishlist-after_add_to_cart"},"_links":{"self":[{"href":"https:\/\/mobishop-posusje.com\/en\/wp-json\/wp\/v2\/product\/29218","targetHints":{"allow":["GET"]}}],"collection":[{"href":"https:\/\/mobishop-posusje.com\/en\/wp-json\/wp\/v2\/product"}],"about":[{"href":"https:\/\/mobishop-posusje.com\/en\/wp-json\/wp\/v2\/types\/product"}],"replies":[{"embeddable":true,"href":"https:\/\/mobishop-posusje.com\/en\/wp-json\/wp\/v2\/comments?post=29218"}],"version-history":[{"count":1,"href":"https:\/\/mobishop-posusje.com\/en\/wp-json\/wp\/v2\/product\/29218\/revisions"}],"predecessor-version":[{"id":29220,"href":"https:\/\/mobishop-posusje.com\/en\/wp-json\/wp\/v2\/product\/29218\/revisions\/29220"}],"wp:featuredmedia":[{"embeddable":true,"href":"https:\/\/mobishop-posusje.com\/en\/wp-json\/wp\/v2\/media\/30322"}],"wp:attachment":[{"href":"https:\/\/mobishop-posusje.com\/en\/wp-json\/wp\/v2\/media?parent=29218"}],"wp:term":[{"taxonomy":"product_brand","embeddable":true,"href":"https:\/\/mobishop-posusje.com\/en\/wp-json\/wp\/v2\/product_brand?post=29218"},{"taxonomy":"product_cat","embeddable":true,"href":"https:\/\/mobishop-posusje.com\/en\/wp-json\/wp\/v2\/product_cat?post=29218"},{"taxonomy":"product_tag","embeddable":true,"href":"https:\/\/mobishop-posusje.com\/en\/wp-json\/wp\/v2\/product_tag?post=29218"}],"curies":[{"name":"wp","href":"https:\/\/api.w.org\/{rel}","templated":true}]}}