{"id":29221,"date":"2025-01-14T11:15:54","date_gmt":"2025-01-14T11:15:54","guid":{"rendered":"https:\/\/mobishop-posusje.com\/?post_type=product&#038;p=29221"},"modified":"2025-07-03T19:30:25","modified_gmt":"2025-07-03T19:30:25","slug":"logitech-g331-gaming-slusalice","status":"publish","type":"product","link":"https:\/\/mobishop-posusje.com\/en\/svi-proizvodi\/racunari\/gaming-slusalice\/logitech-g331-gaming-slusalice\/","title":{"rendered":"Logitech G331 Gaming Slu\u0161alice"},"content":{"rendered":"","protected":false},"excerpt":{"rendered":"<div class=\"gem-list gem-list-type-check-style-1 gem-list-color-14\">\n<ul>\n  <strong>Dimenzije i te\u017eina:<\/strong><\/p>\n<li>Visina: 172 mm<\/li>\n<li>\u0160irina: 81,7 mm<\/li>\n<li>Dubina: 182 mm<\/li>\n<li>Te\u017eina: 259 g (bez kabla)<\/li>\n<p><strong>Povezivost:<\/strong><\/p>\n<li>\u017di\u010dana veza putem 3,5 mm audio priklju\u010dka<\/li>\n<li>Du\u017eina kabla: 2 m<\/li>\n<p><strong>Zvuk:<\/strong><\/p>\n<li>Driveri: 50 mm<\/li>\n<li>Frekventni opseg: 20 Hz \u2013 20 kHz<\/li>\n<li>Impedansa: 39 Ohma (pasivno), 5 kOhma (aktivno)<\/li>\n<li>Osetljivost: 107 dB SPL\/mW<\/li>\n<p><strong>Mikrofon:<\/strong><\/p>\n<li>Tip: Kardioidni (jednosmerni)<\/li>\n<li>Veli\u010dina: 6 mm<\/li>\n<li>Frekventni opseg: 100 Hz \u2013 20 kHz<\/li>\n<li>Funkcija isklju\u010divanja zvuka podizanjem mikrofona<\/li>\n<p><strong>Kompatibilnost:<\/strong><\/p>\n<li>PC, PlayStation 4, Xbox One, Nintendo Switch i mobilni ure\u0111aji sa 3,5 mm priklju\u010dkom<\/li>\n<p><strong>Other Features:<\/strong><\/p>\n<li>Rotiraju\u0107e nau\u0161nice do 90 stepeni za ve\u0107u udobnost<\/li>\n<li>Kontrola ja\u010dine zvuka na levoj nau\u0161nici<\/li>\n<li>Lagani dizajn sa udobnim jastu\u010di\u0107ima za u\u0161i od ve\u0161ta\u010dke ko\u017ee<\/li>\n<\/ul>\n<\/div>","protected":false},"featured_media":30323,"comment_status":"closed","ping_status":"closed","template":"","meta":{"_themeisle_gutenberg_block_has_review":false},"product_brand":[],"product_cat":[335,340,288],"product_tag":[],"class_list":{"0":"post-29221","1":"product","2":"type-product","3":"status-publish","4":"has-post-thumbnail","6":"product_cat-racunari","7":"product_cat-gaming-slusalice","8":"product_cat-svi-proizvodi","10":"first","11":"instock","12":"featured","13":"purchasable","14":"product-type-simple","15":"add-to-wishlist-after_add_to_cart"},"_links":{"self":[{"href":"https:\/\/mobishop-posusje.com\/en\/wp-json\/wp\/v2\/product\/29221","targetHints":{"allow":["GET"]}}],"collection":[{"href":"https:\/\/mobishop-posusje.com\/en\/wp-json\/wp\/v2\/product"}],"about":[{"href":"https:\/\/mobishop-posusje.com\/en\/wp-json\/wp\/v2\/types\/product"}],"replies":[{"embeddable":true,"href":"https:\/\/mobishop-posusje.com\/en\/wp-json\/wp\/v2\/comments?post=29221"}],"version-history":[{"count":1,"href":"https:\/\/mobishop-posusje.com\/en\/wp-json\/wp\/v2\/product\/29221\/revisions"}],"predecessor-version":[{"id":29223,"href":"https:\/\/mobishop-posusje.com\/en\/wp-json\/wp\/v2\/product\/29221\/revisions\/29223"}],"wp:featuredmedia":[{"embeddable":true,"href":"https:\/\/mobishop-posusje.com\/en\/wp-json\/wp\/v2\/media\/30323"}],"wp:attachment":[{"href":"https:\/\/mobishop-posusje.com\/en\/wp-json\/wp\/v2\/media?parent=29221"}],"wp:term":[{"taxonomy":"product_brand","embeddable":true,"href":"https:\/\/mobishop-posusje.com\/en\/wp-json\/wp\/v2\/product_brand?post=29221"},{"taxonomy":"product_cat","embeddable":true,"href":"https:\/\/mobishop-posusje.com\/en\/wp-json\/wp\/v2\/product_cat?post=29221"},{"taxonomy":"product_tag","embeddable":true,"href":"https:\/\/mobishop-posusje.com\/en\/wp-json\/wp\/v2\/product_tag?post=29221"}],"curies":[{"name":"wp","href":"https:\/\/api.w.org\/{rel}","templated":true}]}}