{"id":29224,"date":"2025-01-14T11:17:31","date_gmt":"2025-01-14T11:17:31","guid":{"rendered":"https:\/\/mobishop-posusje.com\/?post_type=product&#038;p=29224"},"modified":"2025-07-03T19:31:04","modified_gmt":"2025-07-03T19:31:04","slug":"hyperx-cloud-stinger-2-gaming-slusalice","status":"publish","type":"product","link":"https:\/\/mobishop-posusje.com\/en\/svi-proizvodi\/racunari\/gaming-slusalice\/hyperx-cloud-stinger-2-gaming-slusalice\/","title":{"rendered":"HyperX Cloud Stinger 2 Gaming Slu\u0161alice"},"content":{"rendered":"","protected":false},"excerpt":{"rendered":"<div class=\"gem-list gem-list-type-check-style-1 gem-list-color-14\">\n<ul>\n   <strong>Dimenzije i te\u017eina:<\/strong><\/p>\n<li>Te\u017eina: 275 g<\/li>\n<p><strong>Materijal:<\/strong><\/p>\n<li>Memorijska pena sa ko\u017enim oblogama za udobnost<\/li>\n<p><strong>Povezivost:<\/strong><\/p>\n<li>\u017di\u010dana veza putem 3,5 mm audio priklju\u010dka<\/li>\n<li>Du\u017eina kabla: 2 m<\/li>\n<p><strong>Zvuk:<\/strong><\/p>\n<li>Driveri: 50 mm sa neodimijumskim magnetima<\/li>\n<li>Frekventni opseg: 10 Hz \u2013 28 kHz<\/li>\n<li>Impedansa: 32 \u03a9<\/li>\n<li>Osetljivost: 97,5 dBSPL\/mW na 1 kHz<\/li>\n<p><strong>Mikrofon:<\/strong><\/p>\n<li>Tip: Elektretni kondenzatorski mikrofon<\/li>\n<li>Polar Pattern: Jednosmerni<\/li>\n<li>Osetljivost: -41,5 dBV (1 V\/Pa na 1 kHz)<\/li>\n<p><strong>Kompatibilnost:<\/strong><\/p>\n<li>PC, PlayStation 4, PlayStation 5 i drugi ure\u0111aji sa 3,5 mm priklju\u010dkom<\/li>\n<p><strong>Other Features:<\/strong><\/p>\n<li>Udoban dizajn sa rotiraju\u0107im nau\u0161nicama<\/li>\n<li>Ugra\u0111ene kontrole za pode\u0161avanje zvuka<\/li>\n<li>Podr\u0161ka za DTS Headphone:X prostorni zvuk<\/li>\n<\/ul>\n<\/div>","protected":false},"featured_media":30319,"comment_status":"closed","ping_status":"closed","template":"","meta":{"_themeisle_gutenberg_block_has_review":false},"product_brand":[],"product_cat":[335,340,288],"product_tag":[],"class_list":{"0":"post-29224","1":"product","2":"type-product","3":"status-publish","4":"has-post-thumbnail","6":"product_cat-racunari","7":"product_cat-gaming-slusalice","8":"product_cat-svi-proizvodi","10":"first","11":"instock","12":"featured","13":"purchasable","14":"product-type-simple","15":"add-to-wishlist-after_add_to_cart"},"_links":{"self":[{"href":"https:\/\/mobishop-posusje.com\/en\/wp-json\/wp\/v2\/product\/29224","targetHints":{"allow":["GET"]}}],"collection":[{"href":"https:\/\/mobishop-posusje.com\/en\/wp-json\/wp\/v2\/product"}],"about":[{"href":"https:\/\/mobishop-posusje.com\/en\/wp-json\/wp\/v2\/types\/product"}],"replies":[{"embeddable":true,"href":"https:\/\/mobishop-posusje.com\/en\/wp-json\/wp\/v2\/comments?post=29224"}],"version-history":[{"count":1,"href":"https:\/\/mobishop-posusje.com\/en\/wp-json\/wp\/v2\/product\/29224\/revisions"}],"predecessor-version":[{"id":29226,"href":"https:\/\/mobishop-posusje.com\/en\/wp-json\/wp\/v2\/product\/29224\/revisions\/29226"}],"wp:featuredmedia":[{"embeddable":true,"href":"https:\/\/mobishop-posusje.com\/en\/wp-json\/wp\/v2\/media\/30319"}],"wp:attachment":[{"href":"https:\/\/mobishop-posusje.com\/en\/wp-json\/wp\/v2\/media?parent=29224"}],"wp:term":[{"taxonomy":"product_brand","embeddable":true,"href":"https:\/\/mobishop-posusje.com\/en\/wp-json\/wp\/v2\/product_brand?post=29224"},{"taxonomy":"product_cat","embeddable":true,"href":"https:\/\/mobishop-posusje.com\/en\/wp-json\/wp\/v2\/product_cat?post=29224"},{"taxonomy":"product_tag","embeddable":true,"href":"https:\/\/mobishop-posusje.com\/en\/wp-json\/wp\/v2\/product_tag?post=29224"}],"curies":[{"name":"wp","href":"https:\/\/api.w.org\/{rel}","templated":true}]}}