{"id":29227,"date":"2025-01-14T11:18:28","date_gmt":"2025-01-14T11:18:28","guid":{"rendered":"https:\/\/mobishop-posusje.com\/?post_type=product&#038;p=29227"},"modified":"2025-07-03T19:30:20","modified_gmt":"2025-07-03T19:30:20","slug":"razer-blackshark-v2-x-gaming-slusalice","status":"publish","type":"product","link":"https:\/\/mobishop-posusje.com\/en\/svi-proizvodi\/racunari\/gaming-slusalice\/razer-blackshark-v2-x-gaming-slusalice\/","title":{"rendered":"Razer BlackShark V2 X Gaming Slu\u0161alice"},"content":{"rendered":"","protected":false},"excerpt":{"rendered":"<div class=\"gem-list gem-list-type-check-style-1 gem-list-color-14\">\n<ul>\n   <strong>Dimenzije i te\u017eina:<\/strong><\/p>\n<li>Te\u017eina: 240 g<\/li>\n<p><strong>Materijal:<\/strong><\/p>\n<li>Memorijska pena sa prozra\u010dnim jastu\u010di\u0107ima za u\u0161i za udobnost tokom dugotrajnog kori\u0161\u0107enja<\/li>\n<p><strong>Povezivost:<\/strong><\/p>\n<li>\u017di\u010dana veza putem 3,5 mm audio priklju\u010dka<\/li>\n<li>Du\u017eina kabla: 1,3 m<\/li>\n<p><strong>Zvuk:<\/strong><\/p>\n<li>Driveri: Razer\u2122 TriForce 50 mm<\/li>\n<li>Frekventni opseg: 12 Hz \u2013 28 kHz<\/li>\n<li>Impedansa: 32 \u03a9 (1 kHz)<\/li>\n<li>Osetljivost: 100 dB (1 kHz)<\/li>\n<li>Podr\u0161ka za 7.1 surround zvuk na Windows 10 64-bitnim sistemima za precizno pozicioniranje zvuka<\/li>\n<p><strong>Mikrofon:<\/strong><\/p>\n<li>Tip: Razer\u2122 HyperClear kardioidni mikrofon<\/li>\n<li>Jednosmerni uzorak snimanja za jasno hvatanje glasa<\/li>\n<li>Frekventni opseg mikrofona: 100 Hz \u2013 10 kHz<\/li>\n<li>Osetljivost mikrofona: -42 dBV\/Pa, 1 kHz<\/li>\n<p><strong>Kompatibilnost:<\/strong><\/p>\n<li>PC, Mac, PlayStation 4, Xbox One, Nintendo Switch i mobilni ure\u0111aji sa 3,5 mm priklju\u010dkom<\/li>\n<p><strong>Other Features:<\/strong><\/p>\n<li>Napredna pasivna izolacija buke za neometano igranje<\/li>\n<li>Lagani dizajn za dugotrajnu udobnost<\/li>\n<li>Kontrole za ja\u010dinu zvuka i isklju\u010divanje mikrofona na slu\u0161alicama<\/li>\n<\/ul>\n<\/div>","protected":false},"featured_media":30320,"comment_status":"closed","ping_status":"closed","template":"","meta":{"_themeisle_gutenberg_block_has_review":false},"product_brand":[],"product_cat":[335,340,288],"product_tag":[],"class_list":{"0":"post-29227","1":"product","2":"type-product","3":"status-publish","4":"has-post-thumbnail","6":"product_cat-racunari","7":"product_cat-gaming-slusalice","8":"product_cat-svi-proizvodi","10":"first","11":"instock","12":"featured","13":"purchasable","14":"product-type-simple","15":"add-to-wishlist-after_add_to_cart"},"_links":{"self":[{"href":"https:\/\/mobishop-posusje.com\/en\/wp-json\/wp\/v2\/product\/29227","targetHints":{"allow":["GET"]}}],"collection":[{"href":"https:\/\/mobishop-posusje.com\/en\/wp-json\/wp\/v2\/product"}],"about":[{"href":"https:\/\/mobishop-posusje.com\/en\/wp-json\/wp\/v2\/types\/product"}],"replies":[{"embeddable":true,"href":"https:\/\/mobishop-posusje.com\/en\/wp-json\/wp\/v2\/comments?post=29227"}],"version-history":[{"count":2,"href":"https:\/\/mobishop-posusje.com\/en\/wp-json\/wp\/v2\/product\/29227\/revisions"}],"predecessor-version":[{"id":30321,"href":"https:\/\/mobishop-posusje.com\/en\/wp-json\/wp\/v2\/product\/29227\/revisions\/30321"}],"wp:featuredmedia":[{"embeddable":true,"href":"https:\/\/mobishop-posusje.com\/en\/wp-json\/wp\/v2\/media\/30320"}],"wp:attachment":[{"href":"https:\/\/mobishop-posusje.com\/en\/wp-json\/wp\/v2\/media?parent=29227"}],"wp:term":[{"taxonomy":"product_brand","embeddable":true,"href":"https:\/\/mobishop-posusje.com\/en\/wp-json\/wp\/v2\/product_brand?post=29227"},{"taxonomy":"product_cat","embeddable":true,"href":"https:\/\/mobishop-posusje.com\/en\/wp-json\/wp\/v2\/product_cat?post=29227"},{"taxonomy":"product_tag","embeddable":true,"href":"https:\/\/mobishop-posusje.com\/en\/wp-json\/wp\/v2\/product_tag?post=29227"}],"curies":[{"name":"wp","href":"https:\/\/api.w.org\/{rel}","templated":true}]}}