{"id":29346,"date":"2025-01-23T09:44:32","date_gmt":"2025-01-23T09:44:32","guid":{"rendered":"https:\/\/mobishop-posusje.com\/?post_type=product&#038;p=29346"},"modified":"2025-07-03T19:23:22","modified_gmt":"2025-07-03T19:23:22","slug":"dyson-washg1-wet-floor-cleaner","status":"publish","type":"product","link":"https:\/\/mobishop-posusje.com\/en\/svi-proizvodi\/mali-kucni-aparati\/stapni-usisivaci\/dyson-washg1-wet-floor-cleaner\/","title":{"rendered":"Dyson \u0160tapni Usisiva\u010d WashG1 Wet Floor Cleaner"},"content":{"rendered":"","protected":false},"excerpt":{"rendered":"<div class=\"gem-list gem-list-type-check-style-1 gem-list-color-14\">\n<ul>\n<strong>Dimenzije i te\u017eina:<\/strong><\/p>\n<li>Visina: 1.140 mm<\/li>\n<li>\u0160irina: 300 mm<\/li>\n<li>Dubina: 225 mm<\/li>\n<li>Te\u017eina: 4,9 kg<\/li>\n<p><strong>Kapacitet rezervoara:<\/strong><\/p>\n<li>\u010cista voda: 0,8 litara (27 oz)<\/li>\n<li>Prljava voda: 0,6 litara (21 oz)<\/li>\n<p><strong>Pokretljivost:<\/strong><\/p>\n<li>Be\u017ei\u010dni rad sa vremenom rada do 35 minuta<\/li>\n<li>Pokriva do 290 m\u00b2 (3.100 kvadratnih stopa) sa jednim punjenjem rezervoara<\/li>\n<p><strong>Funkcije \u010di\u0161\u0107enja:<\/strong><\/p>\n<li>Uklanja mokru i suhu prljav\u0161tinu, uklju\u010duju\u0107i prosute te\u010dnosti i osu\u0161ene mrlje<\/li>\n<li>Tri nivoa hidratacije za prilago\u0111avanje razli\u010ditim vrstama prljav\u0161tine<\/li>\n<li>Samostalno \u010di\u0161\u0107enje tokom punjenja; ciklus samostalnog \u010di\u0161\u0107enja traje oko 140 sekundi<\/li>\n<p><strong>Other Features:<\/strong><\/p>\n<li>Inovativna tehnologija odvajanja mokrog i suvog otpada za higijensko odlaganje<\/li>\n<li>Motorizovani valjci sa 26 ta\u010daka hidratacije za ravnomerno nano\u0161enje vode<\/li>\n<li>Visoko upijaju\u0107i mikrovlakna sa 64.800 niti po cm\u00b2 za efikasno uklanjanje prljav\u0161tine<\/li>\n<p><strong>Kompatibilnost podova:<\/strong><\/p>\n<li>Pogodan za tvrde podove poput plo\u010dica, laminata i vinila<\/li>\n<li>Nije namenjen za \u010di\u0161\u0107enje tepiha<\/li>\n<\/ul>\n<\/div>","protected":false},"featured_media":29823,"comment_status":"closed","ping_status":"closed","template":"","meta":{"_themeisle_gutenberg_block_has_review":false},"product_brand":[],"product_cat":[315,309,288],"product_tag":[],"class_list":{"0":"post-29346","1":"product","2":"type-product","3":"status-publish","4":"has-post-thumbnail","6":"product_cat-stapni-usisivaci","7":"product_cat-mali-kucni-aparati","8":"product_cat-svi-proizvodi","10":"first","11":"instock","12":"featured","13":"shipping-taxable","14":"purchasable","15":"product-type-simple","16":"add-to-wishlist-after_add_to_cart"},"_links":{"self":[{"href":"https:\/\/mobishop-posusje.com\/en\/wp-json\/wp\/v2\/product\/29346","targetHints":{"allow":["GET"]}}],"collection":[{"href":"https:\/\/mobishop-posusje.com\/en\/wp-json\/wp\/v2\/product"}],"about":[{"href":"https:\/\/mobishop-posusje.com\/en\/wp-json\/wp\/v2\/types\/product"}],"replies":[{"embeddable":true,"href":"https:\/\/mobishop-posusje.com\/en\/wp-json\/wp\/v2\/comments?post=29346"}],"version-history":[{"count":6,"href":"https:\/\/mobishop-posusje.com\/en\/wp-json\/wp\/v2\/product\/29346\/revisions"}],"predecessor-version":[{"id":30674,"href":"https:\/\/mobishop-posusje.com\/en\/wp-json\/wp\/v2\/product\/29346\/revisions\/30674"}],"wp:featuredmedia":[{"embeddable":true,"href":"https:\/\/mobishop-posusje.com\/en\/wp-json\/wp\/v2\/media\/29823"}],"wp:attachment":[{"href":"https:\/\/mobishop-posusje.com\/en\/wp-json\/wp\/v2\/media?parent=29346"}],"wp:term":[{"taxonomy":"product_brand","embeddable":true,"href":"https:\/\/mobishop-posusje.com\/en\/wp-json\/wp\/v2\/product_brand?post=29346"},{"taxonomy":"product_cat","embeddable":true,"href":"https:\/\/mobishop-posusje.com\/en\/wp-json\/wp\/v2\/product_cat?post=29346"},{"taxonomy":"product_tag","embeddable":true,"href":"https:\/\/mobishop-posusje.com\/en\/wp-json\/wp\/v2\/product_tag?post=29346"}],"curies":[{"name":"wp","href":"https:\/\/api.w.org\/{rel}","templated":true}]}}