{"id":29349,"date":"2025-01-23T09:47:11","date_gmt":"2025-01-23T09:47:11","guid":{"rendered":"https:\/\/mobishop-posusje.com\/?post_type=product&#038;p=29349"},"modified":"2025-04-24T21:31:52","modified_gmt":"2025-04-24T21:31:52","slug":"dyson-airstrait-pegla-za-kosu","status":"publish","type":"product","link":"https:\/\/mobishop-posusje.com\/en\/svi-proizvodi\/nega-i-ljepota\/pegle-za-kosu\/dyson-airstrait-pegla-za-kosu\/","title":{"rendered":"Dyson Airstrait pegla za kosu"},"content":{"rendered":"","protected":false},"excerpt":{"rendered":"<div class=\"gem-list gem-list-type-check-style-1 gem-list-color-14\">\n<ul>\n    <strong>Dimenzije i te\u017eina:<\/strong><\/p>\n<li>Visina: 60 mm<\/li>\n<li>\u0160irina: 41 mm<\/li>\n<li>Du\u017eina: 330 mm<\/li>\n<li>Te\u017eina: 0,94 kg<\/li>\n<p><strong>Materijal:<\/strong><\/p>\n<li>Visokokvalitetna plastika i metalni elementi<\/li>\n<p><strong>Povezivost:<\/strong><\/p>\n<li>Du\u017eina kabla: 2,72 m<\/li>\n<p><strong>Snaga i performanse:<\/strong><\/p>\n<li>Snaga: 1600 W<\/li>\n<li>Protok zraka: 11,9 l\/s<\/li>\n<li>Negativni ioni: Poma\u017eu u smanjenju stati\u010dkog elektriciteta<\/li>\n<p><strong>Funkcije:<\/strong><\/p>\n<li>Ravnanje kose od mokre do suhe, koriste\u0107i samo zrak bez grija\u0107ih plo\u010da<\/li>\n<li>Inteligentna kontrola topline: Stakleni termistori mjere temperaturu zraka do 30 puta u sekundi kako bi sprije\u010dili o\u0161te\u0107enja od ekstremne topline<\/li>\n<li>Automatska pauza: Ure\u0111aj se automatski zaustavlja nakon tri sekunde neaktivnosti<\/li>\n<p><strong>Postavke temperature:<\/strong><\/p>\n<li>Tri unaprijed postavljene temperature za mokru kosu: 80\u00b0C, 110\u00b0C i 140\u00b0C<\/li>\n<li>Postavke za suho oblikovanje: 120\u00b0C, 140\u00b0C i Boost mod za maksimalni u\u010dinak<\/li>\n<p><strong>Other Features:<\/strong><\/p>\n<li>LCD zaslon u boji prikazuje postavke protoka zraka i temperature<\/li>\n<li>PRCD utika\u010d (prijenosni ure\u0111aj preostale struje) za sigurnost prilikom kori\u0161tenja<\/li>\n<\/ul>\n<\/div>","protected":false},"featured_media":30522,"comment_status":"closed","ping_status":"closed","template":"","meta":{"_themeisle_gutenberg_block_has_review":false},"product_brand":[],"product_cat":[382,293,288],"product_tag":[],"class_list":{"0":"post-29349","1":"product","2":"type-product","3":"status-publish","4":"has-post-thumbnail","6":"product_cat-pegle-za-kosu","7":"product_cat-nega-i-ljepota","8":"product_cat-svi-proizvodi","10":"first","11":"instock","12":"purchasable","13":"product-type-simple","14":"add-to-wishlist-after_add_to_cart"},"_links":{"self":[{"href":"https:\/\/mobishop-posusje.com\/en\/wp-json\/wp\/v2\/product\/29349","targetHints":{"allow":["GET"]}}],"collection":[{"href":"https:\/\/mobishop-posusje.com\/en\/wp-json\/wp\/v2\/product"}],"about":[{"href":"https:\/\/mobishop-posusje.com\/en\/wp-json\/wp\/v2\/types\/product"}],"replies":[{"embeddable":true,"href":"https:\/\/mobishop-posusje.com\/en\/wp-json\/wp\/v2\/comments?post=29349"}],"version-history":[{"count":2,"href":"https:\/\/mobishop-posusje.com\/en\/wp-json\/wp\/v2\/product\/29349\/revisions"}],"predecessor-version":[{"id":30653,"href":"https:\/\/mobishop-posusje.com\/en\/wp-json\/wp\/v2\/product\/29349\/revisions\/30653"}],"wp:featuredmedia":[{"embeddable":true,"href":"https:\/\/mobishop-posusje.com\/en\/wp-json\/wp\/v2\/media\/30522"}],"wp:attachment":[{"href":"https:\/\/mobishop-posusje.com\/en\/wp-json\/wp\/v2\/media?parent=29349"}],"wp:term":[{"taxonomy":"product_brand","embeddable":true,"href":"https:\/\/mobishop-posusje.com\/en\/wp-json\/wp\/v2\/product_brand?post=29349"},{"taxonomy":"product_cat","embeddable":true,"href":"https:\/\/mobishop-posusje.com\/en\/wp-json\/wp\/v2\/product_cat?post=29349"},{"taxonomy":"product_tag","embeddable":true,"href":"https:\/\/mobishop-posusje.com\/en\/wp-json\/wp\/v2\/product_tag?post=29349"}],"curies":[{"name":"wp","href":"https:\/\/api.w.org\/{rel}","templated":true}]}}