{"id":29414,"date":"2025-02-04T10:28:20","date_gmt":"2025-02-04T10:28:20","guid":{"rendered":"https:\/\/mobishop-posusje.com\/?post_type=product&#038;p=29414"},"modified":"2025-07-03T19:23:18","modified_gmt":"2025-07-03T19:23:18","slug":"philips-aquatrio-series-9000-xw9463-11","status":"publish","type":"product","link":"https:\/\/mobishop-posusje.com\/en\/svi-proizvodi\/mali-kucni-aparati\/stapni-usisivaci\/philips-aquatrio-series-9000-xw9463-11\/","title":{"rendered":"Philips \u0160tapni Usisiva\u010d AquaTrio Series 9000 XW9463\/11"},"content":{"rendered":"","protected":false},"excerpt":{"rendered":"<div class=\"gem-list gem-list-type-check-style-1 gem-list-color-14\">\n<ul>\n<strong>Dimenzije i te\u017eina:<\/strong><\/p>\n<li>Dimenzije u re\u017eimu usisavanja i pranja: 25 cm (du\u017eina) x 27 cm (\u0161irina) x 114 cm (visina)<\/li>\n<li>Te\u017eina u re\u017eimu usisavanja i pranja: 4,2 kg<\/li>\n<p><strong>Materijal:<\/strong><\/p>\n<li>Boja: Duboko crna<\/li>\n<p><strong>Povezivost:<\/strong><\/p>\n<li>Be\u017ei\u010dni rad sa punjivom litijum-jonskom baterijom od 25,2 V<\/li>\n<p><strong>Snaga i performanse:<\/strong><\/p>\n<li>Tehnologija ciklona: PowerCyclone Aqua<\/li>\n<li>Protok vazduha (maksimalno): 840 l\/min<\/li>\n<li>Vreme punjenja: 4 sata<\/li>\n<li>Brzina \u010detke: 4000 obrtaja u minuti<\/li>\n<p><strong>Funkcije:<\/strong><\/p>\n<li>3-u-1 re\u0161enje za \u010di\u0161\u0107enje: Usisavanje i pranje, samo usisavanje i ru\u010dni re\u017eim<\/li>\n<li>Automatski sistem za \u010di\u0161\u0107enje: Higijensko automatsko \u010di\u0161\u0107enje bez potrebe za ru\u010dnim odr\u017eavanjem<\/li>\n<li>Uvek \u010disti sa sve\u017eom vodom zahvaljuju\u0107i PowerCyclone Aqua tehnologiji<\/li>\n<li>Tri posve\u0107ena re\u017eima \u010di\u0161\u0107enja: Apsorpcija, Normalni i Intenzivni<\/li>\n<p><strong>Kapacitet rezervoara:<\/strong><\/p>\n<li>Kapacitet rezervoara za \u010distu vodu: 450 ml<\/li>\n<li>Kapacitet rezervoara za prljavu vodu: 420 ml<\/li>\n<p><strong>Trajanje baterije:<\/strong><\/p>\n<li>U re\u017eimu usisavanja i pranja (normalni mod): do 38 minuta<\/li>\n<li>U re\u017eimu usisavanja i pranja (intenzivni mod): do 26 minuta<\/li>\n<li>U re\u017eimu samo usisavanja (normalni mod): do 58 minuta<\/li>\n<li>U re\u017eimu samo usisavanja (intenzivni mod): do 25 minuta<\/li>\n<p><strong>Kompatibilnost podova:<\/strong><\/p>\n<li>Pogodan za tvrde podove, tepihe sa niskim i visokim vlaknima, kao i drvene podove<\/li>\n<p><strong>Other Features:<\/strong><\/p>\n<li>LED osvetljenje na mlaznici za usisavanje i pranje<\/li>\n<li>Indikator za pun rezervoar prljave vode<\/li>\n<li>Uklju\u010deni dodaci: Philips sredstvo za \u010di\u0161\u0107enje podova, stanica za \u010di\u0161\u0107enje i odlaganje, mini turbo \u010detka, \u010detka za \u010di\u0161\u0107enje, dugi nastavak za uske prostore<\/li>\n<\/ul>\n<\/div>","protected":false},"featured_media":29821,"comment_status":"closed","ping_status":"closed","template":"","meta":{"_themeisle_gutenberg_block_has_review":false},"product_brand":[],"product_cat":[315,309,288],"product_tag":[],"class_list":{"0":"post-29414","1":"product","2":"type-product","3":"status-publish","4":"has-post-thumbnail","6":"product_cat-stapni-usisivaci","7":"product_cat-mali-kucni-aparati","8":"product_cat-svi-proizvodi","10":"first","11":"instock","12":"featured","13":"shipping-taxable","14":"purchasable","15":"product-type-simple","16":"add-to-wishlist-after_add_to_cart"},"_links":{"self":[{"href":"https:\/\/mobishop-posusje.com\/en\/wp-json\/wp\/v2\/product\/29414","targetHints":{"allow":["GET"]}}],"collection":[{"href":"https:\/\/mobishop-posusje.com\/en\/wp-json\/wp\/v2\/product"}],"about":[{"href":"https:\/\/mobishop-posusje.com\/en\/wp-json\/wp\/v2\/types\/product"}],"replies":[{"embeddable":true,"href":"https:\/\/mobishop-posusje.com\/en\/wp-json\/wp\/v2\/comments?post=29414"}],"version-history":[{"count":4,"href":"https:\/\/mobishop-posusje.com\/en\/wp-json\/wp\/v2\/product\/29414\/revisions"}],"predecessor-version":[{"id":30673,"href":"https:\/\/mobishop-posusje.com\/en\/wp-json\/wp\/v2\/product\/29414\/revisions\/30673"}],"wp:featuredmedia":[{"embeddable":true,"href":"https:\/\/mobishop-posusje.com\/en\/wp-json\/wp\/v2\/media\/29821"}],"wp:attachment":[{"href":"https:\/\/mobishop-posusje.com\/en\/wp-json\/wp\/v2\/media?parent=29414"}],"wp:term":[{"taxonomy":"product_brand","embeddable":true,"href":"https:\/\/mobishop-posusje.com\/en\/wp-json\/wp\/v2\/product_brand?post=29414"},{"taxonomy":"product_cat","embeddable":true,"href":"https:\/\/mobishop-posusje.com\/en\/wp-json\/wp\/v2\/product_cat?post=29414"},{"taxonomy":"product_tag","embeddable":true,"href":"https:\/\/mobishop-posusje.com\/en\/wp-json\/wp\/v2\/product_tag?post=29414"}],"curies":[{"name":"wp","href":"https:\/\/api.w.org\/{rel}","templated":true}]}}