{"id":29420,"date":"2025-02-04T10:34:39","date_gmt":"2025-02-04T10:34:39","guid":{"rendered":"https:\/\/mobishop-posusje.com\/?post_type=product&#038;p=29420"},"modified":"2025-07-03T19:25:56","modified_gmt":"2025-07-03T19:25:56","slug":"xiaomi-redmi-note-14-pro-8-256gb","status":"publish","type":"product","link":"https:\/\/mobishop-posusje.com\/en\/svi-proizvodi\/mobiteli-i-oprema\/xiaomi\/xiaomi-redmi-note-14-pro-8-256gb\/","title":{"rendered":"Xiaomi Redmi Note 14 Pro 8\/256GB"},"content":{"rendered":"","protected":false},"excerpt":{"rendered":"<div class=\"gem-list gem-list-type-check-style-1 gem-list-color-14\">\n<ul>\n<strong>Dimenzije i te\u017eina:<\/strong><\/p>\n<li>Visina: 162,3 mm<\/li>\n<li>\u0160irina: 74,4 mm<\/li>\n<li>Debljina: 8,4 mm<\/li>\n<li>Te\u017eina: 190 g<\/li>\n<p><strong>Materijal:<\/strong><\/p>\n<li>Prednja strana: Corning\u00ae Gorilla\u00ae Glass Victus\u00ae 2<\/li>\n<li>Zadnja strana: Staklo<\/li>\n<li>Okvir: Aluminijum<\/li>\n<p><strong>Water Resistance:<\/strong><\/p>\n<li>IP68 sertifikat (otpornost na pra\u0161inu i vodu)<\/li>\n<p><strong>Screen:<\/strong><\/p>\n<li>Veli\u010dina: 6,67 in\u010da<\/li>\n<li>Tip: AMOLED<\/li>\n<li>Rezolucija: 2400 x 1080 piksela<\/li>\n<li>Osve\u017eavanje: Do 120 Hz<\/li>\n<li>Osvetljenost: 500 nita (tipi\u010dno), HBM 1200 nita (tipi\u010dno), maksimalno 1800 nita<\/li>\n<li>Boje: 10-bitna dubina boje<\/li>\n<li>Kontrast: 5.000.000:1<\/li>\n<li>\u0160irok spektar boja (DCI-P3)<\/li>\n<li>Za\u0161tita: Corning\u00ae Gorilla\u00ae Glass Victus\u00ae 2<\/li>\n<li>Dodatne funkcije: Sunlight display, Reading mode, 1920Hz PWM zatamnjivanje, T\u00dcV Rheinland Low Blue Light (Hardversko re\u0161enje) sertifikat, T\u00dcV Rheinland Flicker Free sertifikat, T\u00dcV Rheinland Circadian Friendly sertifikat<\/li>\n<p><strong>Povezivost:<\/strong><\/p>\n<li>Wi-Fi 802.11 a\/b\/g\/n\/ac\/6, dual-band<\/li>\n<li>Bluetooth 5.3<\/li>\n<li>NFC<\/li>\n<li>USB Type-C 2.0, OTG<\/li>\n<li>GPS, GLONASS, BDS, GALILEO<\/li>\n<p><strong>Senzori:<\/strong><\/p>\n<li>Bo\u010dno postavljen senzor otiska prsta<\/li>\n<li>Akcelerometar<\/li>\n<li>\u017diroskop<\/li>\n<li>Senzor blizine<\/li>\n<li>Kompas<\/li>\n<li>Senzor ambijentalnog svetla<\/li>\n<p><strong>Procesor:<\/strong><\/p>\n<li>\u010cipset: MediaTek Dimensity 7300-Ultra (4 nm)<\/li>\n<li>CPU: Osmojezgarni (4&#215;2,5 GHz Cortex-A78 &#038; 4&#215;2,0 GHz Cortex-A55)<\/li>\n<li>GPU: Mali-G615 MC2<\/li>\n<p><strong>Memorija i skladi\u0161tenje:<\/strong><\/p>\n<li>RAM: 8 GB LPDDR4X<\/li>\n<li>Interna memorija: 256 GB UFS 2.2<\/li>\n<li>Pro\u0161irivo skladi\u0161te: Nije podr\u017eano<\/li>\n<p><strong>Camera:<\/strong><\/p>\n<li>Zadnja kamera: 200 MP, f\/1.7, 23 mm (\u0161iroka), 1\/1.4&#8221;, 0,56 \u00b5m, multi-direkcioni PDAF, OIS<\/li>\n<li>Ultra\u0161iroka kamera: 8 MP, f\/2.2, 15 mm, 120\u02da, 1\/4.0&#8221;, 1,12 \u00b5m<\/li>\n<li>Makro kamera: 2 MP, f\/2.4<\/li>\n<li>Funkcije: LED blic, HDR, panorama<\/li>\n<li>Video snimanje: 4K@30fps, 1080p@30\/60\/120fps<\/li>\n<li>Prednja kamera: 20 MP, f\/2.4, (\u0161iroka)<\/li>\n<li>Video snimanje: 1080p@30\/60fps<\/li>\n<p><strong>Battery:<\/strong><\/p>\n<li>Kapacitet: 5.110 mAh<\/li>\n<li>Brzo punjenje: 67W<\/li>\n<li>Tip: Li-Po, neuklonjiva<\/li>\n<p><strong>Operating System:<\/strong><\/p>\n<li>Android 14 sa HyperOS<\/li>\n<p><strong>Other Features:<\/strong><\/p>\n<li>Dual SIM (Nano-SIM, dual stand-by)<\/li>\n<li>Stereo zvu\u010dnici<\/li>\n<li>Dostupne boje: Midnight Black, Coral Green, Lavender Purple<\/li>\n<\/ul>\n<\/div>","protected":false},"featured_media":29854,"comment_status":"open","ping_status":"closed","template":"","meta":{"_themeisle_gutenberg_block_has_review":false},"product_brand":[],"product_cat":[355,367],"product_tag":[],"class_list":{"0":"post-29420","1":"product","2":"type-product","3":"status-publish","4":"has-post-thumbnail","6":"product_cat-mobiteli-i-oprema","7":"product_cat-xiaomi","9":"first","10":"instock","11":"sale","12":"featured","13":"shipping-taxable","14":"purchasable","15":"product-type-simple","16":"add-to-wishlist-after_add_to_cart"},"_links":{"self":[{"href":"https:\/\/mobishop-posusje.com\/en\/wp-json\/wp\/v2\/product\/29420","targetHints":{"allow":["GET"]}}],"collection":[{"href":"https:\/\/mobishop-posusje.com\/en\/wp-json\/wp\/v2\/product"}],"about":[{"href":"https:\/\/mobishop-posusje.com\/en\/wp-json\/wp\/v2\/types\/product"}],"replies":[{"embeddable":true,"href":"https:\/\/mobishop-posusje.com\/en\/wp-json\/wp\/v2\/comments?post=29420"}],"version-history":[{"count":4,"href":"https:\/\/mobishop-posusje.com\/en\/wp-json\/wp\/v2\/product\/29420\/revisions"}],"predecessor-version":[{"id":29856,"href":"https:\/\/mobishop-posusje.com\/en\/wp-json\/wp\/v2\/product\/29420\/revisions\/29856"}],"wp:featuredmedia":[{"embeddable":true,"href":"https:\/\/mobishop-posusje.com\/en\/wp-json\/wp\/v2\/media\/29854"}],"wp:attachment":[{"href":"https:\/\/mobishop-posusje.com\/en\/wp-json\/wp\/v2\/media?parent=29420"}],"wp:term":[{"taxonomy":"product_brand","embeddable":true,"href":"https:\/\/mobishop-posusje.com\/en\/wp-json\/wp\/v2\/product_brand?post=29420"},{"taxonomy":"product_cat","embeddable":true,"href":"https:\/\/mobishop-posusje.com\/en\/wp-json\/wp\/v2\/product_cat?post=29420"},{"taxonomy":"product_tag","embeddable":true,"href":"https:\/\/mobishop-posusje.com\/en\/wp-json\/wp\/v2\/product_tag?post=29420"}],"curies":[{"name":"wp","href":"https:\/\/api.w.org\/{rel}","templated":true}]}}